{"id":3946,"date":"2022-10-25T23:11:20","date_gmt":"2022-10-26T07:11:20","guid":{"rendered":"https:\/\/hpott.com\/?post_type=product&#038;p=3946"},"modified":"2023-12-04T22:44:33","modified_gmt":"2023-12-05T06:44:33","slug":"agir-hizmet-tipi-ticari-otel-elektrikli-induksiyonlu-ocak","status":"publish","type":"product","link":"https:\/\/hpott.com\/tr\/urun\/agir-hizmet-tipi-ticari-otel-elektrikli-induksiyonlu-ocak\/","title":{"rendered":"A\u011f\u0131r Hizmet Ticari Otel Elektrikli \u0130nd\u00fcksiyonlu Ocak"},"content":{"rendered":"<p>\u3010Ad\u0131\u3011\uff1aTicari ind\u00fcksiyonlu ocak<br \/>\n\u3010Men\u015fei\u3011\uff1aGuangdong, \u00c7in<br \/>\n\u3010Malzeme\u3011\uff1apaslanmaz \u00e7elik<br \/>\n\u3010Uygulama\u3011\uff1arestoran, otel, di\u011fer restoran mutfaklar\u0131<br \/>\n\u3010\u0130ste\u011fe ba\u011fl\u0131\u3011\uff1adokunmatik kontrol veya d\u00fc\u011fme kontrol\u00fc, logo bask\u0131s\u0131, OEM ODM hizmetini destekler<\/p>","protected":false},"excerpt":{"rendered":"<p><strong>\u00dcr\u00fcn Kimli\u011fi\uff1a <\/strong>HP-CI02<\/p>\n<p><strong>\u00d6zellik:\u00a0<\/strong>paslanmaz \u00e7elik malzeme, ticari s\u0131n\u0131f 3500w-5000w y\u00fcksek g\u00fc\u00e7<\/p>\n<p>&nbsp;<\/p>","protected":false},"featured_media":5160,"template":"","meta":{"_acf_changed":false,"_seopress_robots_primary_cat":"none","_seopress_titles_title":"","_seopress_titles_desc":"","_seopress_robots_index":""},"product_brand":[],"product_cat":[35,43],"product_tag":[],"class_list":{"0":"post-3946","1":"product","2":"type-product","3":"status-publish","4":"has-post-thumbnail","6":"product_cat-induction-cooker","7":"product_cat-commercial-induction-cooker","9":"first","10":"instock","11":"shipping-taxable","12":"product-type-simple"},"acf":[],"_links":{"self":[{"href":"https:\/\/hpott.com\/tr\/wp-json\/wp\/v2\/product\/3946","targetHints":{"allow":["GET"]}}],"collection":[{"href":"https:\/\/hpott.com\/tr\/wp-json\/wp\/v2\/product"}],"about":[{"href":"https:\/\/hpott.com\/tr\/wp-json\/wp\/v2\/types\/product"}],"wp:featuredmedia":[{"embeddable":true,"href":"https:\/\/hpott.com\/tr\/wp-json\/wp\/v2\/media\/5160"}],"wp:attachment":[{"href":"https:\/\/hpott.com\/tr\/wp-json\/wp\/v2\/media?parent=3946"}],"wp:term":[{"taxonomy":"product_brand","embeddable":true,"href":"https:\/\/hpott.com\/tr\/wp-json\/wp\/v2\/product_brand?post=3946"},{"taxonomy":"product_cat","embeddable":true,"href":"https:\/\/hpott.com\/tr\/wp-json\/wp\/v2\/product_cat?post=3946"},{"taxonomy":"product_tag","embeddable":true,"href":"https:\/\/hpott.com\/tr\/wp-json\/wp\/v2\/product_tag?post=3946"}],"curies":[{"name":"wp","href":"https:\/\/api.w.org\/{rel}","templated":true}]}}