{"id":3969,"date":"2022-10-27T00:10:00","date_gmt":"2022-10-27T08:10:00","guid":{"rendered":"https:\/\/hpott.com\/?post_type=product&#038;p=3969"},"modified":"2023-07-08T01:10:06","modified_gmt":"2023-07-08T09:10:06","slug":"fabrika-kore-barbeku-izgara-elektrikli-kapali-restoran","status":"publish","type":"product","link":"https:\/\/hpott.com\/tr\/urun\/fabrika-kore-barbeku-izgara-elektrikli-kapali-restoran\/","title":{"rendered":"Kapal\u0131 Restoran Kore Barbek\u00fc Izgara Japon Samgyupsal Elektrikli Izgara"},"content":{"rendered":"<p><strong>\u00dcr\u00fcn Boyutu\uff1a<\/strong> \u00c7ap 410X260mm<br \/>\n<strong>G\u00fc\u00e7:<\/strong>\u00a03000w<br \/>\n<strong>Delik boyutu\uff1a<\/strong> \u00c7ap 375mm<\/p>\n<p><strong>Malzeme\uff1a <\/strong>Paslanmaz \u00e7elik<\/p>\n<p><strong>Kargo Y\u00f6ntemi:\u00a0\u00a0<\/strong>deniz yoluyla veya ihtiya\u00e7 halinde<\/p>\n<p><strong>Kargo s\u00fcreleri:\u00a0<\/strong>yakla\u015f\u0131k 25 g\u00fcn veya \u00fcr\u00fcn say\u0131s\u0131na ba\u011fl\u0131 olarak<\/p>\n<p><strong>M\u00fc\u015fterilerimizin Ger\u00e7ek Foto\u011fraflar\u0131<\/strong><\/p>\n<p><img loading=\"lazy\" decoding=\"async\" class=\"wp-image-5536 size-full\" src=\"http:\/\/hpott.com\/wp-content\/uploads\/2022\/10\/Real-Customer-Cases.webp\" alt=\"\u00f6zel kore barbek\u00fc \u0131zgara masas\u0131 restoran\" width=\"750\" height=\"1430\" srcset=\"https:\/\/hpott.com\/wp-content\/uploads\/2022\/10\/Real-Customer-Cases.webp 750w, https:\/\/hpott.com\/wp-content\/uploads\/2022\/10\/Real-Customer-Cases-157x300.webp 157w, https:\/\/hpott.com\/wp-content\/uploads\/2022\/10\/Real-Customer-Cases-537x1024.webp 537w, https:\/\/hpott.com\/wp-content\/uploads\/2022\/10\/Real-Customer-Cases-600x1144.webp 600w, https:\/\/hpott.com\/wp-content\/uploads\/2022\/10\/Real-Customer-Cases-64x122.webp 64w\" sizes=\"auto, (max-width: 750px) 100vw, 750px\" \/><\/p>","protected":false},"excerpt":{"rendered":"<p><strong>\u00dcr\u00fcn Kimli\u011fi:<\/strong> HP-ER410<\/p>\n<p><strong>Renk<\/strong>\uff1a G\u00fcl Alt\u0131n<\/p>\n<p><strong>\u00d6zellik: <\/strong>H\u0131zl\u0131 \u0131s\u0131tma h\u0131z\u0131, \u00dcst veya alt duman egzozu \u00f6nerilir<\/p>","protected":false},"featured_media":5128,"template":"","meta":{"_acf_changed":false,"_seopress_robots_primary_cat":"none","_seopress_titles_title":"","_seopress_titles_desc":"","_seopress_robots_index":""},"product_brand":[],"product_cat":[37,36],"product_tag":[],"class_list":{"0":"post-3969","1":"product","2":"type-product","3":"status-publish","4":"has-post-thumbnail","6":"product_cat-bbq-grill","7":"product_cat-electric-bbq-grill","9":"first","10":"instock","11":"shipping-taxable","12":"product-type-simple"},"acf":[],"_links":{"self":[{"href":"https:\/\/hpott.com\/tr\/wp-json\/wp\/v2\/product\/3969","targetHints":{"allow":["GET"]}}],"collection":[{"href":"https:\/\/hpott.com\/tr\/wp-json\/wp\/v2\/product"}],"about":[{"href":"https:\/\/hpott.com\/tr\/wp-json\/wp\/v2\/types\/product"}],"wp:featuredmedia":[{"embeddable":true,"href":"https:\/\/hpott.com\/tr\/wp-json\/wp\/v2\/media\/5128"}],"wp:attachment":[{"href":"https:\/\/hpott.com\/tr\/wp-json\/wp\/v2\/media?parent=3969"}],"wp:term":[{"taxonomy":"product_brand","embeddable":true,"href":"https:\/\/hpott.com\/tr\/wp-json\/wp\/v2\/product_brand?post=3969"},{"taxonomy":"product_cat","embeddable":true,"href":"https:\/\/hpott.com\/tr\/wp-json\/wp\/v2\/product_cat?post=3969"},{"taxonomy":"product_tag","embeddable":true,"href":"https:\/\/hpott.com\/tr\/wp-json\/wp\/v2\/product_tag?post=3969"}],"curies":[{"name":"wp","href":"https:\/\/api.w.org\/{rel}","templated":true}]}}