{"id":4082,"date":"2022-11-03T01:41:10","date_gmt":"2022-11-03T09:41:10","guid":{"rendered":"https:\/\/hpott.com\/?post_type=product&#038;p=4082"},"modified":"2023-12-04T22:50:31","modified_gmt":"2023-12-05T06:50:31","slug":"sicak-tencere-icin-en-iyi-induksiyonlu-ocak-tasinabilir-induksiyonlu-ocak","status":"publish","type":"product","link":"https:\/\/hpott.com\/tr\/urun\/sicak-tencere-icin-en-iyi-induksiyonlu-ocak-tasinabilir-induksiyonlu-ocak\/","title":{"rendered":"800W Yuvarlak S\u0131cak Tencere Tel Kontroll\u00fc \u0130nd\u00fcksiyonlu Pi\u015firici S\u0131cak Tencere \u0130nd\u00fcksiyonlu Pi\u015firici"},"content":{"rendered":"<p>\u3010<strong>\u0130sim<\/strong>\u3011: S\u0131cak tencere ind\u00fcksiyonlu ocak<br \/>\n\u3010<strong>K\u00f6keni<\/strong>\u3011: Guangdong, \u00c7in<br \/>\n\u3010<strong>Gerilim<\/strong>\u3011: 220-240V~50, 60 Hz<br \/>\n\u3010<strong>G\u00fc\u00e7<\/strong>\u3011: 800w<\/p>\n<p>\u3010<strong>Paslanmaz \u00e7elik y\u00fcz\u00fck<\/strong>\u3011<strong>: <\/strong>yuvarlak veya kare mevcuttur<\/p>\n<h3><em><strong>\u00d6zellik<\/strong><\/em><\/h3>\n<ul>\n<li><em>Dahili i\u00e7in plastik \u015fekil<\/em><\/li>\n<li><em>LED ekran<\/em><\/li>\n<li><em>5 a\u015famal\u0131 g\u00fc\u00e7 ayar\u0131<\/em><\/li>\n<li><em>A\u015f\u0131r\u0131 y\u00fcklendi\u011finde otomatik kesme ve \u00c7oklu koruma<\/em><\/li>\n<li><em>Glass plate size: Diameter 196mm<\/em><\/li>\n<\/ul>\n<p><strong>Different Power Options<\/strong><\/p>\n<p><img loading=\"lazy\" decoding=\"async\" class=\"wp-image-5540 size-full\" src=\"http:\/\/hpott.com\/wp-content\/uploads\/2022\/11\/induction-cooker-optional-1.webp\" alt=\"s\u0131cak tencere i\u00e7in en iyi ind\u00fcksiyonlu ocak ta\u015f\u0131nabilir ind\u00fcksiyonlu ocak\" width=\"750\" height=\"990\" srcset=\"https:\/\/hpott.com\/wp-content\/uploads\/2022\/11\/induction-cooker-optional-1.webp 750w, https:\/\/hpott.com\/wp-content\/uploads\/2022\/11\/induction-cooker-optional-1-227x300.webp 227w, https:\/\/hpott.com\/wp-content\/uploads\/2022\/11\/induction-cooker-optional-1-600x792.webp 600w, https:\/\/hpott.com\/wp-content\/uploads\/2022\/11\/induction-cooker-optional-1-64x84.webp 64w\" sizes=\"auto, (max-width: 750px) 100vw, 750px\" \/><\/p>","protected":false},"excerpt":{"rendered":"<p><strong>\u00dcr\u00fcn Kimli\u011fi\uff1a\u00a0<\/strong>HP-IW800<\/p>\n<p>Suitable for hot pot table or use alone, easy to operate by line control, embedded does not occupy space<\/p>","protected":false},"featured_media":5843,"template":"","meta":{"_acf_changed":false,"_seopress_robots_primary_cat":"none","_seopress_titles_title":"","_seopress_titles_desc":"","_seopress_robots_index":""},"product_brand":[],"product_cat":[35,42],"product_tag":[],"class_list":{"0":"post-4082","1":"product","2":"type-product","3":"status-publish","4":"has-post-thumbnail","6":"product_cat-induction-cooker","7":"product_cat-hot-pot-induction-cooker","9":"first","10":"instock","11":"shipping-taxable","12":"product-type-simple"},"acf":[],"_links":{"self":[{"href":"https:\/\/hpott.com\/tr\/wp-json\/wp\/v2\/product\/4082","targetHints":{"allow":["GET"]}}],"collection":[{"href":"https:\/\/hpott.com\/tr\/wp-json\/wp\/v2\/product"}],"about":[{"href":"https:\/\/hpott.com\/tr\/wp-json\/wp\/v2\/types\/product"}],"wp:featuredmedia":[{"embeddable":true,"href":"https:\/\/hpott.com\/tr\/wp-json\/wp\/v2\/media\/5843"}],"wp:attachment":[{"href":"https:\/\/hpott.com\/tr\/wp-json\/wp\/v2\/media?parent=4082"}],"wp:term":[{"taxonomy":"product_brand","embeddable":true,"href":"https:\/\/hpott.com\/tr\/wp-json\/wp\/v2\/product_brand?post=4082"},{"taxonomy":"product_cat","embeddable":true,"href":"https:\/\/hpott.com\/tr\/wp-json\/wp\/v2\/product_cat?post=4082"},{"taxonomy":"product_tag","embeddable":true,"href":"https:\/\/hpott.com\/tr\/wp-json\/wp\/v2\/product_tag?post=4082"}],"curies":[{"name":"wp","href":"https:\/\/api.w.org\/{rel}","templated":true}]}}