{"id":4085,"date":"2022-11-04T01:57:01","date_gmt":"2022-11-04T09:57:01","guid":{"rendered":"https:\/\/hpott.com\/?post_type=product&#038;p=4085"},"modified":"2022-11-15T01:31:42","modified_gmt":"2022-11-15T09:31:42","slug":"ticari-induksiyon-wok-ocagi-induksiyon-wok-bruloru","status":"publish","type":"product","link":"https:\/\/hpott.com\/tr\/urun\/ticari-induksiyon-wok-ocagi-induksiyon-wok-bruloru\/","title":{"rendered":"Ticari \u0130nd\u00fcksiyon Wok Oca\u011f\u0131 \u0130nd\u00fcksiyon Wok Br\u00fcl\u00f6r\u00fc"},"content":{"rendered":"<p>\u3010<strong>\u0130sim<\/strong>\u3011: \u0130nd\u00fcksiyonlu wok oca\u011f\u0131<br \/>\n\u3010<strong>K\u00f6keni<\/strong>\u3011: Guangdong, \u00c7in<br \/>\n\u3010<strong>Gerilim<\/strong>\u3011: 380V~50\/60 Hz<\/p>\n<h3><em><strong>\u00d6zellik<\/strong><\/em><\/h3>\n<ul>\n<li><em>Tek par\u00e7a halinde kal\u0131nla\u015ft\u0131r\u0131lm\u0131\u015f paslanmaz \u00e7elik paneller, kolay temizlenebilir, hijyen standartlar\u0131na uygun tasar\u0131m ve yap\u0131sal \u00f6zellikler<\/em><\/li>\n<li><em>Otomatik tencere alg\u0131lama fonksiyonu, g\u00fcvenli ve enerji tasarrufu<\/em><\/li>\n<li><em>3D \u00fc\u00e7 boyutlu anti-radyasyon kalkan\u0131 tasar\u0131m\u0131, daha \u00f6nemli anti-elektromanyetik giri\u015fim<\/em><\/li>\n<li><em>Orijinal Alman ithal Siemens \u201cInfineon\u201d IGBT \u0131s\u0131tma mod\u00fcl\u00fcn\u00fc kullanarak daha uzun \u00f6m\u00fcrl\u00fc<\/em><\/li>\n<li><em>Hareket, bak\u0131m i\u00e7in uygun olan mod\u00fcler bir tasar\u0131ma sahiptir<\/em><\/li>\n<li><em>\u0130zole ind\u00fcksiyon \u0131s\u0131tma, g\u00fcvenli ve g\u00fcvenilirdir, yak\u0131t gaz\u0131ndan 60%&#039;den daha fazla tasarruf sa\u011flar<\/em><\/li>\n<li><em>Su ge\u00e7irmez 360\u00b0 d\u00f6nebilen 8 konumlu manyetik anahtar, d\u00fc\u015f\u00fck g\u00fc\u00e7te ince at\u0131\u015ft\u0131rmal\u0131klar pi\u015firebilir veya y\u00fcksek g\u00fc\u00e7te h\u0131zl\u0131 pi\u015firebilir<\/em><\/li>\n<\/ul>\n<table style=\"border-collapse: collapse; width: 980px; height: 152px;\" border=\"0\" width=\"1097\" cellspacing=\"0\" cellpadding=\"0\">\n<tbody>\n<tr style=\"height: 36.00pt;\">\n<td class=\"et2\" style=\"height: 36pt; width: 75.75pt; text-align: center;\" width=\"101\" height=\"48\"><strong>\u00d6rnek<\/strong><\/td>\n<td class=\"et2\" style=\"width: 210.75pt; text-align: center;\" width=\"281\"><strong>Boyutlar(uzunluk*geni\u015flik*y\u00fckseklik)(mm)<\/strong><\/td>\n<td class=\"et4\" style=\"width: 156pt; text-align: center;\" width=\"208\"><strong>Mikro kristal plaka (mm)<\/strong><\/td>\n<td class=\"et4\" style=\"width: 131.25pt; text-align: center;\" width=\"175\"><strong>Tencere \u00e7ap\u0131 (mm)<\/strong><\/td>\n<td class=\"et4\" style=\"width: 81pt; text-align: center;\" width=\"108\"><strong>G\u00fc\u00e7(KW)<\/strong><\/td>\n<td class=\"et2\" style=\"width: 73.5pt; text-align: center;\" width=\"98\"><strong>Voltaj(v)<\/strong><\/td>\n<td class=\"et2\" style=\"width: 94.5pt; text-align: center;\" width=\"126\"><strong>Frekans(Hz)<\/strong><\/td>\n<\/tr>\n<tr style=\"height: 27.00pt;\">\n<td class=\"et3\" style=\"height: 27pt; text-align: center;\" height=\"36\">CI03-300<\/td>\n<td class=\"et5\" style=\"text-align: center;\">1900x1000x1200<\/td>\n<td class=\"et6\" style=\"text-align: center;\">\u00c7ap 300<\/td>\n<td class=\"et7\" style=\"text-align: center;\">\u00c7ap 400<\/td>\n<td class=\"et8\" style=\"text-align: center;\">2x(8-12)<\/td>\n<td class=\"et9\" style=\"text-align: center;\" rowspan=\"3\">380<\/td>\n<td class=\"et3\" style=\"text-align: center;\" rowspan=\"3\">50<\/td>\n<\/tr>\n<tr style=\"height: 27.00pt;\">\n<td class=\"et3\" style=\"height: 27pt; text-align: center;\" height=\"36\">CI03-400<\/td>\n<td class=\"et5\" style=\"text-align: center;\">2100x1100x1200<\/td>\n<td class=\"et6\" style=\"text-align: center;\">\u00c7ap 400<\/td>\n<td class=\"et7\" style=\"text-align: center;\">\u00c7ap 500<\/td>\n<td class=\"et8\" style=\"text-align: center;\">2x(8-18)<\/td>\n<\/tr>\n<tr style=\"height: 27.00pt;\">\n<td class=\"et3\" style=\"height: 27pt; text-align: center;\" height=\"36\">CI03-500<\/td>\n<td class=\"et5\" style=\"text-align: center;\">2200x1100x1200<\/td>\n<td class=\"et5\" style=\"text-align: center;\">\u00c7ap 500<\/td>\n<td class=\"et10\" style=\"text-align: center;\">\u00c7ap 600<\/td>\n<td class=\"et9\" style=\"text-align: center;\">2x(8-18)<\/td>\n<\/tr>\n<\/tbody>\n<\/table>","protected":false},"excerpt":{"rendered":"<p><strong>\u00dcr\u00fcn Kimli\u011fi\uff1a\u00a0<\/strong>HP-CI03<\/p>\n<p>\u0130nd\u00fcksiyonlu \u00e7ift ba\u015fl\u0131 \u00e7ift kuyruklu k\u0131zartma oca\u011f\u0131, b\u00fcy\u00fck oteller ve catering zincirleri, okullar, kurum kantinleri vb. i\u00e7in uygundur.<\/p>","protected":false},"featured_media":4087,"template":"","meta":{"_acf_changed":false,"_seopress_robots_primary_cat":"none","_seopress_titles_title":"","_seopress_titles_desc":"","_seopress_robots_index":""},"product_brand":[],"product_cat":[35,43],"product_tag":[],"class_list":{"0":"post-4085","1":"product","2":"type-product","3":"status-publish","4":"has-post-thumbnail","6":"product_cat-induction-cooker","7":"product_cat-commercial-induction-cooker","9":"first","10":"instock","11":"shipping-taxable","12":"product-type-simple"},"acf":[],"_links":{"self":[{"href":"https:\/\/hpott.com\/tr\/wp-json\/wp\/v2\/product\/4085","targetHints":{"allow":["GET"]}}],"collection":[{"href":"https:\/\/hpott.com\/tr\/wp-json\/wp\/v2\/product"}],"about":[{"href":"https:\/\/hpott.com\/tr\/wp-json\/wp\/v2\/types\/product"}],"wp:featuredmedia":[{"embeddable":true,"href":"https:\/\/hpott.com\/tr\/wp-json\/wp\/v2\/media\/4087"}],"wp:attachment":[{"href":"https:\/\/hpott.com\/tr\/wp-json\/wp\/v2\/media?parent=4085"}],"wp:term":[{"taxonomy":"product_brand","embeddable":true,"href":"https:\/\/hpott.com\/tr\/wp-json\/wp\/v2\/product_brand?post=4085"},{"taxonomy":"product_cat","embeddable":true,"href":"https:\/\/hpott.com\/tr\/wp-json\/wp\/v2\/product_cat?post=4085"},{"taxonomy":"product_tag","embeddable":true,"href":"https:\/\/hpott.com\/tr\/wp-json\/wp\/v2\/product_tag?post=4085"}],"curies":[{"name":"wp","href":"https:\/\/api.w.org\/{rel}","templated":true}]}}