{"id":4111,"date":"2022-11-05T01:32:15","date_gmt":"2022-11-05T09:32:15","guid":{"rendered":"https:\/\/hpott.com\/?post_type=product&#038;p=4111"},"modified":"2022-11-15T01:30:06","modified_gmt":"2022-11-15T09:30:06","slug":"induksiyon-wok-araligi-ticari-elektrikli-induksiyonlu-ocak","status":"publish","type":"product","link":"https:\/\/hpott.com\/tr\/urun\/induksiyon-wok-araligi-ticari-elektrikli-induksiyonlu-ocak\/","title":{"rendered":"\u0130nd\u00fcksiyon Wok Serisi Ticari Elektrikli \u0130nd\u00fcksiyonlu Pi\u015firme Y\u00fczeyi"},"content":{"rendered":"<p>\u3010<strong>\u0130sim<\/strong>\u3011: \u0130nd\u00fcksiyonlu wok oca\u011f\u0131<br \/>\n\u3010<strong>K\u00f6keni<\/strong>\u3011: Guangdong, \u00c7in<br \/>\n\u3010<strong>Gerilim<\/strong>\u3011: 380V~50\/60 Hz<\/p>\n<h3><em><strong>\u00d6zellik<\/strong><\/em><\/h3>\n<ul>\n<li><em>Tek par\u00e7a halinde kal\u0131nla\u015ft\u0131r\u0131lm\u0131\u015f paslanmaz \u00e7elik paneller, kolay temizlenebilir, hijyen standartlar\u0131na uygun tasar\u0131m ve yap\u0131sal \u00f6zellikler<\/em><\/li>\n<li><em>Otomatik tencere alg\u0131lama fonksiyonu, g\u00fcvenli ve enerji tasarrufu<\/em><\/li>\n<li><em>3D \u00fc\u00e7 boyutlu anti-radyasyon kalkan\u0131 tasar\u0131m\u0131, daha \u00f6nemli anti-elektromanyetik giri\u015fim<\/em><\/li>\n<li><em>Orijinal Alman ithal Siemens \u201cInfineon\u201d IGBT \u0131s\u0131tma mod\u00fcl\u00fcn\u00fc kullanarak daha uzun \u00f6m\u00fcrl\u00fc<\/em><\/li>\n<li><em>Hareket, bak\u0131m i\u00e7in uygun olan mod\u00fcler bir tasar\u0131ma sahiptir<\/em><\/li>\n<li><em>\u0130zole ind\u00fcksiyon \u0131s\u0131tma, g\u00fcvenli ve g\u00fcvenilirdir, yak\u0131t gaz\u0131ndan 60%&#039;den daha fazla tasarruf sa\u011flar<\/em><\/li>\n<li><em>Su ge\u00e7irmez 360\u00b0 d\u00f6nebilen 8 konumlu manyetik anahtar, d\u00fc\u015f\u00fck g\u00fc\u00e7te ince at\u0131\u015ft\u0131rmal\u0131klar pi\u015firebilir veya y\u00fcksek g\u00fc\u00e7te h\u0131zl\u0131 pi\u015firebilir<\/em><\/li>\n<\/ul>\n<table style=\"border-collapse: collapse; width: 853px; height: 285px;\" border=\"0\" width=\"714\" cellspacing=\"0\" cellpadding=\"0\">\n<tbody>\n<tr style=\"height: 36.00pt;\">\n<td class=\"et2\" style=\"height: 36.00pt; width: 75.75pt;\" width=\"101\" height=\"48\"><strong>\u00d6rnek<\/strong><\/td>\n<td class=\"et2\" style=\"width: 210.75pt;\" width=\"281\"><strong>Boyutlar(uzunluk*geni\u015flik*y\u00fckseklik)(mm)<\/strong><\/td>\n<td class=\"et4\" style=\"width: 81.00pt;\" width=\"108\"><strong>G\u00fc\u00e7(KW)<\/strong><\/td>\n<td class=\"et2\" style=\"width: 73.50pt;\" width=\"98\"><strong>Voltaj(v)<\/strong><\/td>\n<td class=\"et2\" style=\"width: 94.50pt;\" width=\"126\"><strong>Frekans(Hz)<\/strong><\/td>\n<\/tr>\n<tr style=\"height: 27.00pt;\">\n<td class=\"et3\" style=\"height: 27.00pt;\" height=\"36\">CI04-600<\/td>\n<td class=\"et5\">800x900x1200<\/td>\n<td class=\"et3\">12<\/td>\n<td class=\"et8\" rowspan=\"6\">380<\/td>\n<td class=\"et3\" rowspan=\"6\">50<\/td>\n<\/tr>\n<tr style=\"height: 27.00pt;\">\n<td class=\"et3\" style=\"height: 27.00pt;\" height=\"36\">CI04-700<\/td>\n<td class=\"et5\">900x1000x1200<\/td>\n<td class=\"et3\">15<\/td>\n<\/tr>\n<tr style=\"height: 27.00pt;\">\n<td class=\"et3\" style=\"height: 27.00pt;\" height=\"36\">CI04-800<\/td>\n<td class=\"et5\">1000x1100x1200<\/td>\n<td class=\"et3\">20<\/td>\n<\/tr>\n<tr style=\"height: 27.00pt;\">\n<td class=\"et3\" style=\"height: 27.00pt;\" height=\"36\">CI04-900<\/td>\n<td class=\"et5\">1100x1200x1200<\/td>\n<td class=\"et3\">25<\/td>\n<\/tr>\n<tr style=\"height: 27.00pt;\">\n<td class=\"et3\" style=\"height: 27.00pt;\" height=\"36\">CI04-1000<\/td>\n<td class=\"et5\">1200x1300x1200<\/td>\n<td class=\"et3\">30<\/td>\n<\/tr>\n<tr style=\"height: 27.00pt;\">\n<td class=\"et3\" style=\"height: 27.00pt;\" height=\"36\">CI04-1200<\/td>\n<td class=\"et5\">1400x1500x1200<\/td>\n<td class=\"et3\">30<\/td>\n<\/tr>\n<\/tbody>\n<\/table>","protected":false},"excerpt":{"rendered":"<p><strong>\u00dcr\u00fcn Kimli\u011fi\uff1a\u00a0<\/strong>HP-CI04<\/p>\n<p>S\u0131cak sat\u0131\u015f ind\u00fcksiyon aral\u0131\u011f\u0131 wok br\u00fcl\u00f6rl\u00fc ticari ind\u00fcksiyon wok br\u00fcl\u00f6rl\u00fc<\/p>","protected":false},"featured_media":4113,"template":"","meta":{"_acf_changed":false,"_seopress_robots_primary_cat":"none","_seopress_titles_title":"","_seopress_titles_desc":"","_seopress_robots_index":""},"product_brand":[],"product_cat":[35,43],"product_tag":[],"class_list":{"0":"post-4111","1":"product","2":"type-product","3":"status-publish","4":"has-post-thumbnail","6":"product_cat-induction-cooker","7":"product_cat-commercial-induction-cooker","9":"first","10":"instock","11":"shipping-taxable","12":"product-type-simple"},"acf":[],"_links":{"self":[{"href":"https:\/\/hpott.com\/tr\/wp-json\/wp\/v2\/product\/4111","targetHints":{"allow":["GET"]}}],"collection":[{"href":"https:\/\/hpott.com\/tr\/wp-json\/wp\/v2\/product"}],"about":[{"href":"https:\/\/hpott.com\/tr\/wp-json\/wp\/v2\/types\/product"}],"wp:featuredmedia":[{"embeddable":true,"href":"https:\/\/hpott.com\/tr\/wp-json\/wp\/v2\/media\/4113"}],"wp:attachment":[{"href":"https:\/\/hpott.com\/tr\/wp-json\/wp\/v2\/media?parent=4111"}],"wp:term":[{"taxonomy":"product_brand","embeddable":true,"href":"https:\/\/hpott.com\/tr\/wp-json\/wp\/v2\/product_brand?post=4111"},{"taxonomy":"product_cat","embeddable":true,"href":"https:\/\/hpott.com\/tr\/wp-json\/wp\/v2\/product_cat?post=4111"},{"taxonomy":"product_tag","embeddable":true,"href":"https:\/\/hpott.com\/tr\/wp-json\/wp\/v2\/product_tag?post=4111"}],"curies":[{"name":"wp","href":"https:\/\/api.w.org\/{rel}","templated":true}]}}