{"id":4114,"date":"2022-11-05T01:50:35","date_gmt":"2022-11-05T09:50:35","guid":{"rendered":"https:\/\/hpott.com\/?post_type=product&#038;p=4114"},"modified":"2022-11-15T01:30:28","modified_gmt":"2022-11-15T09:30:28","slug":"ticari-induksiyonlu-ocak-4-brulor-buyuk-ticari-induksiyonlu-ocak","status":"publish","type":"product","link":"https:\/\/hpott.com\/tr\/urun\/ticari-induksiyonlu-ocak-4-brulor-buyuk-ticari-induksiyonlu-ocak\/","title":{"rendered":"Ticari \u0130nd\u00fcksiyonlu Pi\u015firme Y\u00fczeyi 4 Br\u00fcl\u00f6r B\u00fcy\u00fck Ticari \u0130nd\u00fcksiyonlu Pi\u015firme Y\u00fczeyi"},"content":{"rendered":"<p>\u3010<strong>\u0130sim<\/strong>\u3011: \u0130nd\u00fcksiyonlu wok oca\u011f\u0131<br \/>\n\u3010<strong>K\u00f6keni<\/strong>\u3011: Guangdong, \u00c7in<br \/>\n\u3010<strong>Gerilim<\/strong>\u3011: 380V~50\/60 Hz<\/p>\n<h3><em><strong>\u00d6zellik<\/strong><\/em><\/h3>\n<ul>\n<li><em>Tek par\u00e7a halinde kal\u0131nla\u015ft\u0131r\u0131lm\u0131\u015f paslanmaz \u00e7elik paneller, kolay temizlenebilir, hijyen standartlar\u0131na uygun tasar\u0131m ve yap\u0131sal \u00f6zellikler<\/em><\/li>\n<li><em>Otomatik tencere alg\u0131lama fonksiyonu, g\u00fcvenli ve enerji tasarrufu<\/em><\/li>\n<li><em>3D \u00fc\u00e7 boyutlu anti-radyasyon kalkan\u0131 tasar\u0131m\u0131, daha \u00f6nemli anti-elektromanyetik giri\u015fim<\/em><\/li>\n<li><em>Orijinal Alman ithal Siemens \u201cInfineon\u201d IGBT \u0131s\u0131tma mod\u00fcl\u00fcn\u00fc kullanarak daha uzun \u00f6m\u00fcrl\u00fc<\/em><\/li>\n<li><em>Hareket, bak\u0131m i\u00e7in uygun olan mod\u00fcler bir tasar\u0131ma sahiptir<\/em><\/li>\n<li><em>\u0130zole ind\u00fcksiyon \u0131s\u0131tma, g\u00fcvenli ve g\u00fcvenilirdir, yak\u0131t gaz\u0131ndan 60%&#039;den daha fazla tasarruf sa\u011flar<\/em><\/li>\n<li><em>Su ge\u00e7irmez 360\u00b0 d\u00f6nebilen 8 konumlu manyetik anahtar, d\u00fc\u015f\u00fck g\u00fc\u00e7te ince at\u0131\u015ft\u0131rmal\u0131klar pi\u015firebilir veya y\u00fcksek g\u00fc\u00e7te h\u0131zl\u0131 pi\u015firebilir<\/em><\/li>\n<\/ul>\n<table style=\"border-collapse: collapse; width: 757px; height: 203px;\" border=\"0\" width=\"714\" cellspacing=\"0\" cellpadding=\"0\">\n<tbody>\n<tr style=\"height: 36.00pt;\">\n<td class=\"et2\" style=\"height: 36.00pt; width: 75.75pt;\" width=\"101\" height=\"48\">\u00d6rnek<\/td>\n<td class=\"et2\" style=\"width: 210.75pt;\" width=\"281\">Boyutlar(uzunluk*geni\u015flik*y\u00fckseklik)(mm)<\/td>\n<td class=\"et2\" style=\"width: 81.00pt;\" width=\"108\">G\u00fc\u00e7(KW)<\/td>\n<td class=\"et2\" style=\"width: 73.50pt;\" width=\"98\">Voltaj(v)<\/td>\n<td class=\"et2\" style=\"width: 94.50pt;\" width=\"126\">Frekans(Hz)<\/td>\n<\/tr>\n<tr style=\"height: 27.00pt;\">\n<td class=\"et3\" style=\"height: 54.00pt;\" rowspan=\"2\" height=\"72\">CI05-R<\/td>\n<td class=\"et3\" rowspan=\"2\">700x800x950<\/td>\n<td class=\"et3\">3.5<\/td>\n<td class=\"et3\" rowspan=\"4\">380<\/td>\n<td class=\"et3\" rowspan=\"4\">50<\/td>\n<\/tr>\n<tr style=\"height: 27.00pt;\">\n<td class=\"et3\">5<\/td>\n<\/tr>\n<tr style=\"height: 27.00pt;\">\n<td class=\"et3\" style=\"height: 54.00pt;\" rowspan=\"2\" height=\"72\">CI05-S<\/td>\n<td class=\"et3\" rowspan=\"2\">750x800x950<\/td>\n<td class=\"et3\">3.5<\/td>\n<\/tr>\n<tr style=\"height: 27.00pt;\">\n<td class=\"et3\">5<\/td>\n<\/tr>\n<\/tbody>\n<\/table>","protected":false},"excerpt":{"rendered":"<p data-group=\"1-1\"><strong>\u00dcr\u00fcn Kimli\u011fi\uff1a\u00a0<\/strong>HP-CI05<\/p>\n<p class=\"src grammarSection\" data-group=\"1-1\">Elektromanyetik d\u00f6rt ba\u015fl\u0131 ocak ticari ind\u00fcksiyon wok oca\u011f\u0131 elektrikli wok br\u00fcl\u00f6r\u00fc<\/p>","protected":false},"featured_media":4116,"template":"","meta":{"_acf_changed":false,"_seopress_robots_primary_cat":"none","_seopress_titles_title":"","_seopress_titles_desc":"","_seopress_robots_index":""},"product_brand":[],"product_cat":[35,43],"product_tag":[],"class_list":{"0":"post-4114","1":"product","2":"type-product","3":"status-publish","4":"has-post-thumbnail","6":"product_cat-induction-cooker","7":"product_cat-commercial-induction-cooker","9":"first","10":"instock","11":"shipping-taxable","12":"product-type-simple"},"acf":[],"_links":{"self":[{"href":"https:\/\/hpott.com\/tr\/wp-json\/wp\/v2\/product\/4114","targetHints":{"allow":["GET"]}}],"collection":[{"href":"https:\/\/hpott.com\/tr\/wp-json\/wp\/v2\/product"}],"about":[{"href":"https:\/\/hpott.com\/tr\/wp-json\/wp\/v2\/types\/product"}],"wp:featuredmedia":[{"embeddable":true,"href":"https:\/\/hpott.com\/tr\/wp-json\/wp\/v2\/media\/4116"}],"wp:attachment":[{"href":"https:\/\/hpott.com\/tr\/wp-json\/wp\/v2\/media?parent=4114"}],"wp:term":[{"taxonomy":"product_brand","embeddable":true,"href":"https:\/\/hpott.com\/tr\/wp-json\/wp\/v2\/product_brand?post=4114"},{"taxonomy":"product_cat","embeddable":true,"href":"https:\/\/hpott.com\/tr\/wp-json\/wp\/v2\/product_cat?post=4114"},{"taxonomy":"product_tag","embeddable":true,"href":"https:\/\/hpott.com\/tr\/wp-json\/wp\/v2\/product_tag?post=4114"}],"curies":[{"name":"wp","href":"https:\/\/api.w.org\/{rel}","templated":true}]}}