{"id":4117,"date":"2022-11-05T02:04:14","date_gmt":"2022-11-05T10:04:14","guid":{"rendered":"https:\/\/hpott.com\/?post_type=product&#038;p=4117"},"modified":"2022-11-05T02:04:14","modified_gmt":"2022-11-05T10:04:14","slug":"ticari-induksiyonlu-ocak-induksiyonlu-pisirme-yuzeyi-6-brulor","status":"publish","type":"product","link":"https:\/\/hpott.com\/tr\/urun\/ticari-induksiyonlu-ocak-induksiyonlu-pisirme-yuzeyi-6-brulor\/","title":{"rendered":"Ticari \u0130nd\u00fcksiyonlu Ocak \u0130nd\u00fcksiyonlu Pi\u015firme Y\u00fczeyi 6 Br\u00fcl\u00f6r"},"content":{"rendered":"<p>\u3010<strong>\u0130sim<\/strong>\u3011: \u0130nd\u00fcksiyonlu wok oca\u011f\u0131<br \/>\n\u3010<strong>K\u00f6keni<\/strong>\u3011: Guangdong, \u00c7in<br \/>\n\u3010<strong>Gerilim<\/strong>\u3011: 380V~50\/60 Hz<\/p>\n<h3><em><strong>\u00d6zellik<\/strong><\/em><\/h3>\n<ul>\n<li><em>Tek par\u00e7a halinde kal\u0131nla\u015ft\u0131r\u0131lm\u0131\u015f paslanmaz \u00e7elik paneller, kolay temizlenebilir, hijyen standartlar\u0131na uygun tasar\u0131m ve yap\u0131sal \u00f6zellikler<\/em><\/li>\n<li><em>Otomatik tencere alg\u0131lama fonksiyonu, g\u00fcvenli ve enerji tasarrufu<\/em><\/li>\n<li><em>3D \u00fc\u00e7 boyutlu anti-radyasyon kalkan\u0131 tasar\u0131m\u0131, daha \u00f6nemli anti-elektromanyetik giri\u015fim<\/em><\/li>\n<li><em>Orijinal Alman ithal Siemens \u201cInfineon\u201d IGBT \u0131s\u0131tma mod\u00fcl\u00fcn\u00fc kullanarak daha uzun \u00f6m\u00fcrl\u00fc<\/em><\/li>\n<li><em>Hareket, bak\u0131m i\u00e7in uygun olan mod\u00fcler bir tasar\u0131ma sahiptir<\/em><\/li>\n<li><em>\u0130zole ind\u00fcksiyon \u0131s\u0131tma, g\u00fcvenli ve g\u00fcvenilirdir, yak\u0131t gaz\u0131ndan 60%&#039;den daha fazla tasarruf sa\u011flar<\/em><\/li>\n<li><em>Su ge\u00e7irmez 360\u00b0 d\u00f6nebilen 8 konumlu manyetik anahtar, d\u00fc\u015f\u00fck g\u00fc\u00e7te ince at\u0131\u015ft\u0131rmal\u0131klar pi\u015firebilir veya y\u00fcksek g\u00fc\u00e7te h\u0131zl\u0131 pi\u015firebilir<\/em><\/li>\n<\/ul>\n<table style=\"border-collapse: collapse; width: 862px; height: 174px;\" border=\"0\" width=\"714\" cellspacing=\"0\" cellpadding=\"0\">\n<tbody>\n<tr style=\"height: 36.00pt;\">\n<td class=\"et2\" style=\"height: 36.00pt; width: 75.75pt;\" width=\"101\" height=\"48\"><strong>\u00d6rnek<\/strong><\/td>\n<td class=\"et2\" style=\"width: 210.75pt;\" width=\"281\"><strong>Boyutlar(uzunluk*geni\u015flik*y\u00fckseklik)<\/strong><\/td>\n<td class=\"et2\" style=\"width: 81.00pt;\" width=\"108\"><strong>G\u00fc\u00e7(KW)<\/strong><\/td>\n<td class=\"et2\" style=\"width: 73.50pt;\" width=\"98\"><strong>Voltaj(v)<\/strong><\/td>\n<td class=\"et2\" style=\"width: 94.50pt;\" width=\"126\"><strong>Frekans(Hz)<\/strong><\/td>\n<\/tr>\n<tr style=\"height: 27.00pt;\">\n<td class=\"et3\" style=\"height: 54.00pt;\" rowspan=\"2\" height=\"72\">CI06-R<\/td>\n<td class=\"et3\" rowspan=\"2\">1100x800x950<\/td>\n<td class=\"et3\">3.5<\/td>\n<td class=\"et3\" rowspan=\"4\">380<\/td>\n<td class=\"et3\" rowspan=\"4\">50<\/td>\n<\/tr>\n<tr style=\"height: 27.00pt;\">\n<td class=\"et3\">5<\/td>\n<\/tr>\n<tr style=\"height: 27.00pt;\">\n<td class=\"et3\" style=\"height: 54.00pt;\" rowspan=\"2\" height=\"72\">CI06-S<\/td>\n<td class=\"et3\" rowspan=\"2\">1100x800x950<\/td>\n<td class=\"et3\">3.5<\/td>\n<\/tr>\n<tr style=\"height: 27.00pt;\">\n<td class=\"et3\">5<\/td>\n<\/tr>\n<\/tbody>\n<\/table>","protected":false},"excerpt":{"rendered":"<p data-group=\"1-1\"><strong>\u00dcr\u00fcn Kimli\u011fi\uff1a\u00a0<\/strong>HP-CI06<\/p>\n<p class=\"src grammarSection\" data-group=\"1-1\">Ticari 6 halkal\u0131 ind\u00fcksiyonlu ocak a\u011f\u0131r hizmet tipi ind\u00fcksiyonlu ocak ticari kullan\u0131m i\u00e7in ind\u00fcksiyonlu pi\u015firme y\u00fczeyi<\/p>","protected":false},"featured_media":4119,"template":"","meta":{"_acf_changed":false,"_seopress_robots_primary_cat":"","_seopress_titles_title":"","_seopress_titles_desc":"","_seopress_robots_index":""},"product_brand":[],"product_cat":[35,43],"product_tag":[],"class_list":{"0":"post-4117","1":"product","2":"type-product","3":"status-publish","4":"has-post-thumbnail","6":"product_cat-induction-cooker","7":"product_cat-commercial-induction-cooker","9":"first","10":"instock","11":"shipping-taxable","12":"product-type-simple"},"acf":[],"_links":{"self":[{"href":"https:\/\/hpott.com\/tr\/wp-json\/wp\/v2\/product\/4117","targetHints":{"allow":["GET"]}}],"collection":[{"href":"https:\/\/hpott.com\/tr\/wp-json\/wp\/v2\/product"}],"about":[{"href":"https:\/\/hpott.com\/tr\/wp-json\/wp\/v2\/types\/product"}],"wp:featuredmedia":[{"embeddable":true,"href":"https:\/\/hpott.com\/tr\/wp-json\/wp\/v2\/media\/4119"}],"wp:attachment":[{"href":"https:\/\/hpott.com\/tr\/wp-json\/wp\/v2\/media?parent=4117"}],"wp:term":[{"taxonomy":"product_brand","embeddable":true,"href":"https:\/\/hpott.com\/tr\/wp-json\/wp\/v2\/product_brand?post=4117"},{"taxonomy":"product_cat","embeddable":true,"href":"https:\/\/hpott.com\/tr\/wp-json\/wp\/v2\/product_cat?post=4117"},{"taxonomy":"product_tag","embeddable":true,"href":"https:\/\/hpott.com\/tr\/wp-json\/wp\/v2\/product_tag?post=4117"}],"curies":[{"name":"wp","href":"https:\/\/api.w.org\/{rel}","templated":true}]}}