{"id":4127,"date":"2022-11-07T19:57:50","date_gmt":"2022-11-08T03:57:50","guid":{"rendered":"https:\/\/hpott.com\/?post_type=product&#038;p=4127"},"modified":"2023-06-30T22:36:53","modified_gmt":"2023-07-01T06:36:53","slug":"2500w-sicak-tencere-induksiyon-bruloru","status":"publish","type":"product","link":"https:\/\/hpott.com\/tr\/urun\/2500w-sicak-tencere-induksiyon-bruloru\/","title":{"rendered":"Restoran \u0130\u00e7in 2500W \u0130nd\u00fcksiyonlu Ocak S\u0131cak Tencere \u0130nd\u00fcksiyon Br\u00fcl\u00f6r\u00fc"},"content":{"rendered":"<p>\u3010<strong>\u0130sim<\/strong>\u3011:\u00a0<strong>S\u0131cak tencere ind\u00fcksiyonlu ocak<\/strong><\/p>\n<p><strong>\u3010Men\u015fei\u3011: Guangdong, \u00c7in<\/strong><\/p>\n<p><strong>\u3010Voltaj\u3011: 220-240V~50\/60 Hz<\/strong><\/p>\n<p><strong>\u3010G\u00fc\u00e7\u3011:<\/strong> 25<strong>00w<\/strong><\/p>\n<p><strong>\u3010Plaka Boyutu\u3011: \u00c7ap <em>288mm<\/em><\/strong><\/p>\n<h2><em><strong>\u00d6zellik<\/strong><\/em><\/h2>\n<ul>\n<li>\n<h4><strong><b>\u0130thal siyah<\/b><\/strong><strong><b>\u00a0kristal\u00a0<\/b><\/strong><strong><b>tahta, renk solmas\u0131 yok, y\u00fcksek s\u0131cakl\u0131\u011fa dayan\u0131kl\u0131, temizlemesi kolay<\/b><\/strong><\/h4>\n<\/li>\n<li>\n<h4><strong><b>Y\u00fcksek standart yap\u0131land\u0131rma, b\u00fcy\u00fck bellekli CPU \u00e7ipi, yeni g\u00fc\u00e7 do\u011frultucu k\u00f6pr\u00fc y\u0131\u011f\u0131n\u0131, y\u00fcksek voltaja dayan\u0131kl\u0131 IGBT (g\u00fc\u00e7 t\u00fcp\u00fc)<\/b><\/strong><\/h4>\n<\/li>\n<li>\n<h4><strong><b>\u00d6zellikle s\u0131cak tencere restoranlar\u0131 i\u00e7in tasarlanm\u0131\u015ft\u0131r, uzun s\u00fcreli kullan\u0131m ortam\u0131na uyum sa\u011flayabilir<\/b><\/strong><\/h4>\n<\/li>\n<li>\n<h4><strong><b>En son entegre \u00e7ip teknolojisiyle performans daha kararl\u0131 ve g\u00fcvenilirdir<\/b><\/strong><\/h4>\n<\/li>\n<li>\n<h4><strong><b>Uygulanabilir tencereler: tek tencere ve \u00e7ap\u0131 320 mm&#039;nin alt\u0131nda olan iki aromal\u0131 tencere; dahili uzaktan kumanda<\/b><\/strong><\/h4>\n<\/li>\n<\/ul>","protected":false},"excerpt":{"rendered":"<p><strong>\u00dcr\u00fcn Kimli\u011fi\uff1a\u00a0<\/strong>HP-IC2500<\/p>\n<p>Ticari ak\u0131ll\u0131 s\u0131cakl\u0131k kontrol\u00fc elektrikli ind\u00fcksiyonlu ocak s\u0131cak tencere masas\u0131 ind\u00fcksiyonlu ocak ile<\/p>","protected":false},"featured_media":5840,"template":"","meta":{"_acf_changed":false,"_seopress_robots_primary_cat":"none","_seopress_titles_title":"","_seopress_titles_desc":"","_seopress_robots_index":""},"product_brand":[],"product_cat":[35,42],"product_tag":[50],"class_list":{"0":"post-4127","1":"product","2":"type-product","3":"status-publish","4":"has-post-thumbnail","6":"product_cat-induction-cooker","7":"product_cat-hot-pot-induction-cooker","8":"product_tag-a1","10":"first","11":"instock","12":"shipping-taxable","13":"product-type-simple"},"acf":[],"_links":{"self":[{"href":"https:\/\/hpott.com\/tr\/wp-json\/wp\/v2\/product\/4127","targetHints":{"allow":["GET"]}}],"collection":[{"href":"https:\/\/hpott.com\/tr\/wp-json\/wp\/v2\/product"}],"about":[{"href":"https:\/\/hpott.com\/tr\/wp-json\/wp\/v2\/types\/product"}],"wp:featuredmedia":[{"embeddable":true,"href":"https:\/\/hpott.com\/tr\/wp-json\/wp\/v2\/media\/5840"}],"wp:attachment":[{"href":"https:\/\/hpott.com\/tr\/wp-json\/wp\/v2\/media?parent=4127"}],"wp:term":[{"taxonomy":"product_brand","embeddable":true,"href":"https:\/\/hpott.com\/tr\/wp-json\/wp\/v2\/product_brand?post=4127"},{"taxonomy":"product_cat","embeddable":true,"href":"https:\/\/hpott.com\/tr\/wp-json\/wp\/v2\/product_cat?post=4127"},{"taxonomy":"product_tag","embeddable":true,"href":"https:\/\/hpott.com\/tr\/wp-json\/wp\/v2\/product_tag?post=4127"}],"curies":[{"name":"wp","href":"https:\/\/api.w.org\/{rel}","templated":true}]}}