{"id":4217,"date":"2022-11-19T01:43:46","date_gmt":"2022-11-19T09:43:46","guid":{"rendered":"https:\/\/hpott.com\/?post_type=product&#038;p=4217"},"modified":"2023-07-01T01:10:59","modified_gmt":"2023-07-01T09:10:59","slug":"ticari-tezgah-induksiyonlu-ocak-elektrikli-sicak-tencere-ocagi","status":"publish","type":"product","link":"https:\/\/hpott.com\/tr\/urun\/ticari-tezgah-induksiyonlu-ocak-elektrikli-sicak-tencere-ocagi\/","title":{"rendered":"2500W Elektrikli Tezgah \u00dcst\u00fc \u0130nd\u00fcksiyonlu Pi\u015firme Tezgah\u0131 Ticari S\u0131cak Tencere Pi\u015firme Makinesi"},"content":{"rendered":"<h3><em><strong>\u00d6zellik<\/strong><\/em><\/h3>\n<ul>\n<li><strong><b>\u0130thal siyah<\/b><\/strong><strong><b>\u00a0kristal <\/b><\/strong><strong><b>tahta, renk solmas\u0131 yok, sararma yok, y\u00fcksek s\u0131cakl\u0131\u011fa dayan\u0131kl\u0131, temizlemesi kolay<\/b><\/strong><\/li>\n<li><strong><b>Y\u00fcksek standart yap\u0131land\u0131rma, b\u00fcy\u00fck bellekli CPU \u00e7ipi, yeni g\u00fc\u00e7 do\u011frultucu k\u00f6pr\u00fc y\u0131\u011f\u0131n\u0131, y\u00fcksek voltaja dayan\u0131kl\u0131 IGBT (g\u00fc\u00e7 t\u00fcp\u00fc)<\/b><\/strong><\/li>\n<li><strong><b>Uygulanabilir tencereler: tek tencere ve \u00e7ap\u0131 300 mm&#039;nin alt\u0131nda olan iki aromal\u0131 tencere; dahili uzaktan kumanda<\/b><\/strong><\/li>\n<li><strong><b>En son entegre \u00e7ip teknolojisiyle performans daha kararl\u0131 ve g\u00fcvenilirdir<\/b><\/strong><\/li>\n<li><strong><b>S\u0131cak tencere restoranlar\u0131 i\u00e7in \u00f6zeldir ve uzun s\u00fcreli kullan\u0131m ortam\u0131na uyum sa\u011flar<\/b><\/strong><\/li>\n<\/ul>\n<p><img loading=\"lazy\" decoding=\"async\" class=\"alignnone wp-image-5570 size-full\" src=\"http:\/\/hpott.com\/wp-content\/uploads\/2022\/11\/induction-cooker-series.webp\" alt=\"ticari tezgah ind\u00fcksiyonlu ocak elektrikli s\u0131cak tencere oca\u011f\u0131\" width=\"750\" height=\"900\" srcset=\"https:\/\/hpott.com\/wp-content\/uploads\/2022\/11\/induction-cooker-series.webp 750w, https:\/\/hpott.com\/wp-content\/uploads\/2022\/11\/induction-cooker-series-250x300.webp 250w, https:\/\/hpott.com\/wp-content\/uploads\/2022\/11\/induction-cooker-series-600x720.webp 600w, https:\/\/hpott.com\/wp-content\/uploads\/2022\/11\/induction-cooker-series-64x77.webp 64w\" sizes=\"auto, (max-width: 750px) 100vw, 750px\" \/><\/p>","protected":false},"excerpt":{"rendered":"<p><strong>\u00dcr\u00fcn Kimli\u011fi\uff1a\u00a0<\/strong>HP-ITS2500<\/p>\n<p>En iyi sat\u0131\u015f ticari s\u0131cak tencere ind\u00fcksiyon br\u00fcl\u00f6r\u00fc s\u0131cak tencere ind\u00fcksiyon ocaklar\u0131 ile s\u0131cak tencere masas\u0131<\/p>","protected":false},"featured_media":5858,"template":"","meta":{"_acf_changed":false,"_seopress_robots_primary_cat":"none","_seopress_titles_title":"","_seopress_titles_desc":"","_seopress_robots_index":""},"product_brand":[],"product_cat":[35,42],"product_tag":[],"class_list":{"0":"post-4217","1":"product","2":"type-product","3":"status-publish","4":"has-post-thumbnail","6":"product_cat-induction-cooker","7":"product_cat-hot-pot-induction-cooker","9":"first","10":"instock","11":"shipping-taxable","12":"product-type-simple"},"acf":[],"_links":{"self":[{"href":"https:\/\/hpott.com\/tr\/wp-json\/wp\/v2\/product\/4217","targetHints":{"allow":["GET"]}}],"collection":[{"href":"https:\/\/hpott.com\/tr\/wp-json\/wp\/v2\/product"}],"about":[{"href":"https:\/\/hpott.com\/tr\/wp-json\/wp\/v2\/types\/product"}],"wp:featuredmedia":[{"embeddable":true,"href":"https:\/\/hpott.com\/tr\/wp-json\/wp\/v2\/media\/5858"}],"wp:attachment":[{"href":"https:\/\/hpott.com\/tr\/wp-json\/wp\/v2\/media?parent=4217"}],"wp:term":[{"taxonomy":"product_brand","embeddable":true,"href":"https:\/\/hpott.com\/tr\/wp-json\/wp\/v2\/product_brand?post=4217"},{"taxonomy":"product_cat","embeddable":true,"href":"https:\/\/hpott.com\/tr\/wp-json\/wp\/v2\/product_cat?post=4217"},{"taxonomy":"product_tag","embeddable":true,"href":"https:\/\/hpott.com\/tr\/wp-json\/wp\/v2\/product_tag?post=4217"}],"curies":[{"name":"wp","href":"https:\/\/api.w.org\/{rel}","templated":true}]}}