{"id":4359,"date":"2022-11-24T07:30:07","date_gmt":"2022-11-24T15:30:07","guid":{"rendered":"https:\/\/hpott.com\/?post_type=product&#038;p=4359"},"modified":"2023-12-04T22:42:37","modified_gmt":"2023-12-05T06:42:37","slug":"yuvarlak-sicak-tencere-masasi-restoran-sicak-tencere-masasi-satilik","status":"publish","type":"product","link":"https:\/\/hpott.com\/tr\/urun\/yuvarlak-sicak-tencere-masasi-restoran-sicak-tencere-masasi-satilik\/","title":{"rendered":"Yuvarlak S\u0131cak Tencere Masas\u0131 Restoran S\u0131cak Tencere Masas\u0131 Sat\u0131l\u0131k"},"content":{"rendered":"<p>\u3010Ad\u0131\u3011: Mermer S\u0131cak Tencere Masas\u0131<br \/>\n\u3010Men\u015fei\u3011: Guangdong, \u00c7in<br \/>\n\u3010Masa \u00dcst\u00fc Boyutu\u3011: \u00c7ap 1300mm, 1400mm, 1500mm, 1600mm, 1700mm, 1800mm (Boyut \u00f6zelle\u015ftirilebilir)<br \/>\n\u3010Malzeme\u3011: Mermer masa \u00fcst\u00fc + Boyal\u0131 \u00e7elik levha taban<br \/>\n\u3010Renk\u3011: \u0130stek \u00fczerine mevcuttur<br \/>\n\u3010Uygulama\u3011: S\u0131cak tencere restoran\u0131, otel, di\u011fer restoranlar<br \/>\n\u3010\u00d6zellik\u3011<br \/>\n<strong>01<\/strong><br \/>\n<strong>Entegre dekoratif halka<\/strong><br \/>\nEntegre \u015fekillendirme ba\u015fl\u0131\u011f\u0131 kal\u0131nla\u015ft\u0131r\u0131lm\u0131\u015f paslanmaz \u00e7elikten, kusursuz bir \u015fekilde entegre edilmi\u015f \u015fekillendirme yap\u0131s\u0131ndan ve s\u0131k\u0131 bir s\u0131k\u0131\u015ft\u0131rma pozisyonundan yap\u0131lm\u0131\u015ft\u0131r.<br \/>\n<strong>02<\/strong><br \/>\n<strong>Dumans\u0131z ar\u0131tma<\/strong><br \/>\nDuman egzoz borusu takmaya gerek yok, dumans\u0131z ar\u0131t\u0131c\u0131y\u0131 do\u011frudan kullan\u0131n, enerji tasarrufu ve \u00e7evre koruma, yeni moda<br \/>\n<strong>03<\/strong><br \/>\n<strong>\u00d6zelle\u015ftirilmi\u015f dumans\u0131z s\u0131cak tencere masas\u0131<\/strong><br \/>\nY\u00fcksek kaliteli malzeme se\u00e7in, modern, basit bir \u00c7in stili yarat\u0131n, s\u0131cak, pratik, basit ve c\u00f6mert bir stil<br \/>\n<strong>04<\/strong><br \/>\n<strong>Paslanmaz \u00e7elik ayak dayana\u011f\u0131<\/strong><br \/>\nS\u0131cak tencere tablas\u0131 sa\u011flam ve sabit bir \u015fekilde desteklenir ve sallanmaz, yeme\u011finizin tad\u0131n\u0131 daha rahat \u00e7\u0131kar\u0131rs\u0131n\u0131z.<\/p>\n<p><img loading=\"lazy\" decoding=\"async\" class=\"size-full wp-image-5823\" src=\"http:\/\/hpott.com\/wp-content\/uploads\/2022\/11\/1-scaled.webp\" alt=\"yuvarlak s\u0131cak tencere masas\u0131 restoran s\u0131cak tencere masas\u0131 sat\u0131l\u0131k\" width=\"743\" height=\"2560\" srcset=\"https:\/\/hpott.com\/wp-content\/uploads\/2022\/11\/1-scaled.webp 743w, https:\/\/hpott.com\/wp-content\/uploads\/2022\/11\/1-87x300.webp 87w, https:\/\/hpott.com\/wp-content\/uploads\/2022\/11\/1-297x1024.webp 297w, https:\/\/hpott.com\/wp-content\/uploads\/2022\/11\/1-446x1536.webp 446w, https:\/\/hpott.com\/wp-content\/uploads\/2022\/11\/1-594x2048.webp 594w, https:\/\/hpott.com\/wp-content\/uploads\/2022\/11\/1-600x2067.webp 600w, https:\/\/hpott.com\/wp-content\/uploads\/2022\/11\/1-64x221.webp 64w\" sizes=\"auto, (max-width: 743px) 100vw, 743px\" \/><\/p>\n<p><img loading=\"lazy\" decoding=\"async\" class=\"size-full wp-image-5824\" src=\"http:\/\/hpott.com\/wp-content\/uploads\/2022\/11\/2.webp\" alt=\"yuvarlak s\u0131cak tencere masas\u0131 restoran s\u0131cak tencere masas\u0131 sat\u0131l\u0131k\" width=\"750\" height=\"2430\" srcset=\"https:\/\/hpott.com\/wp-content\/uploads\/2022\/11\/2.webp 750w, https:\/\/hpott.com\/wp-content\/uploads\/2022\/11\/2-93x300.webp 93w, https:\/\/hpott.com\/wp-content\/uploads\/2022\/11\/2-316x1024.webp 316w, https:\/\/hpott.com\/wp-content\/uploads\/2022\/11\/2-474x1536.webp 474w, https:\/\/hpott.com\/wp-content\/uploads\/2022\/11\/2-632x2048.webp 632w, https:\/\/hpott.com\/wp-content\/uploads\/2022\/11\/2-600x1944.webp 600w, https:\/\/hpott.com\/wp-content\/uploads\/2022\/11\/2-64x207.webp 64w\" sizes=\"auto, (max-width: 750px) 100vw, 750px\" \/><\/p>","protected":false},"excerpt":{"rendered":"<p><strong>\u00dcr\u00fcn Kimli\u011fi\uff1a<\/strong>HP-R04<\/p>\n<p>Profesyonel s\u0131cak tencere masas\u0131 \u00fcreticileri yuvarlak b\u00fcy\u00fck s\u0131cak tencere masas\u0131 \u00fcretiyor, \u00f6zelle\u015ftirilebilir<\/p>","protected":false},"featured_media":5079,"template":"","meta":{"_acf_changed":false,"_seopress_robots_primary_cat":"none","_seopress_titles_title":"","_seopress_titles_desc":"","_seopress_robots_index":""},"product_brand":[],"product_cat":[30,32],"product_tag":[],"class_list":{"0":"post-4359","1":"product","2":"type-product","3":"status-publish","4":"has-post-thumbnail","6":"product_cat-hot-pot-table","7":"product_cat-round-hot-pot-tables","9":"first","10":"instock","11":"shipping-taxable","12":"product-type-simple"},"acf":[],"_links":{"self":[{"href":"https:\/\/hpott.com\/tr\/wp-json\/wp\/v2\/product\/4359","targetHints":{"allow":["GET"]}}],"collection":[{"href":"https:\/\/hpott.com\/tr\/wp-json\/wp\/v2\/product"}],"about":[{"href":"https:\/\/hpott.com\/tr\/wp-json\/wp\/v2\/types\/product"}],"wp:featuredmedia":[{"embeddable":true,"href":"https:\/\/hpott.com\/tr\/wp-json\/wp\/v2\/media\/5079"}],"wp:attachment":[{"href":"https:\/\/hpott.com\/tr\/wp-json\/wp\/v2\/media?parent=4359"}],"wp:term":[{"taxonomy":"product_brand","embeddable":true,"href":"https:\/\/hpott.com\/tr\/wp-json\/wp\/v2\/product_brand?post=4359"},{"taxonomy":"product_cat","embeddable":true,"href":"https:\/\/hpott.com\/tr\/wp-json\/wp\/v2\/product_cat?post=4359"},{"taxonomy":"product_tag","embeddable":true,"href":"https:\/\/hpott.com\/tr\/wp-json\/wp\/v2\/product_tag?post=4359"}],"curies":[{"name":"wp","href":"https:\/\/api.w.org\/{rel}","templated":true}]}}