{"id":4369,"date":"2022-11-24T08:20:15","date_gmt":"2022-11-24T16:20:15","guid":{"rendered":"https:\/\/hpott.com\/?post_type=product&#038;p=4369"},"modified":"2023-12-05T00:04:59","modified_gmt":"2023-12-05T08:04:59","slug":"sicak-tencere-masasi-yerlesik-sicak-tencere-induksiyonlu-ocak-masasi","status":"publish","type":"product","link":"https:\/\/hpott.com\/tr\/urun\/sicak-tencere-masasi-yerlesik-sicak-tencere-induksiyonlu-ocak-masasi\/","title":{"rendered":"S\u0131cak Tencere Masas\u0131 Dahili S\u0131cak Tencere \u0130nd\u00fcksiyonlu Ocak Masas\u0131"},"content":{"rendered":"<p>\u3010\u0130sim\u3011<strong>:\u00a0<\/strong>S\u0131cak Tencere Masas\u0131<br \/>\n\u3010K\u00f6keni\u3011<strong>:\u00a0<\/strong>Guangdong, \u00c7in<br \/>\n\u3010Masa \u00dcst\u00fc Boyutu\u3011<strong>:\u00a0<\/strong>1000X800mm,1300X900mm,1600X900mm,1800X1000mm (Boyut \u00f6zelle\u015ftirilebilir)<br \/>\n\u3010Malzeme\u3011<strong>:\u00a0<\/strong>Cam masa \u00fcst\u00fcyle sar\u0131lm\u0131\u015f paslanmaz \u00e7elik + bask\u0131l\u0131 paslanmaz \u00e7elik taban<br \/>\n\u3010Renk\u3011<strong>:\u00a0<\/strong>Talep \u00fczerine mevcuttur<br \/>\n\u3010Ba\u015fvuru\u3011<strong>:\u00a0<\/strong>S\u0131cak tencere restoran\u0131, otel, di\u011fer restoranlar<br \/>\n\u3010\u00d6zellik\u3011<br \/>\n01<br \/>\nEntegre dekoratif halka<br \/>\nEntegre \u015fekillendirme ba\u015fl\u0131\u011f\u0131 kal\u0131nla\u015ft\u0131r\u0131lm\u0131\u015f paslanmaz \u00e7elikten, kusursuz bir \u015fekilde entegre edilmi\u015f \u015fekillendirme yap\u0131s\u0131ndan ve s\u0131k\u0131 bir s\u0131k\u0131\u015ft\u0131rma pozisyonundan yap\u0131lm\u0131\u015ft\u0131r.<br \/>\n02<br \/>\nDumans\u0131z ar\u0131tma<br \/>\nDuman egzoz borusu takmaya gerek yok, dumans\u0131z ar\u0131t\u0131c\u0131y\u0131 do\u011frudan kullan\u0131n, enerji tasarrufu ve \u00e7evre koruma, yeni moda<br \/>\n03<br \/>\n\u00d6zelle\u015ftirilmi\u015f dumans\u0131z s\u0131cak tencere masas\u0131<br \/>\nY\u00fcksek kaliteli malzeme se\u00e7in, modern, basit bir \u00c7in stili yarat\u0131n, s\u0131cak, pratik, basit ve c\u00f6mert bir stil<br \/>\n04<br \/>\nPaslanmaz \u00e7elik ayak dayana\u011f\u0131<br \/>\nS\u0131cak tencere tablas\u0131 sa\u011flam ve sabit bir \u015fekilde desteklenir ve sallanmaz, yeme\u011finizin tad\u0131n\u0131 daha rahat \u00e7\u0131kar\u0131rs\u0131n\u0131z.<\/p>","protected":false},"excerpt":{"rendered":"<p><strong>\u00dcr\u00fcn Kimli\u011fi\uff1a<\/strong>HP-S11<\/p>\n<p>Fabrika toptan basit yapay ta\u015f s\u0131cak tencere yemek masas\u0131 dumans\u0131z ind\u00fcksiyonlu ocak s\u0131cak tencere masas\u0131<\/p>","protected":false},"featured_media":5076,"template":"","meta":{"_acf_changed":false,"_seopress_robots_primary_cat":"none","_seopress_titles_title":"","_seopress_titles_desc":"","_seopress_robots_index":""},"product_brand":[],"product_cat":[30,31],"product_tag":[],"class_list":{"0":"post-4369","1":"product","2":"type-product","3":"status-publish","4":"has-post-thumbnail","6":"product_cat-hot-pot-table","7":"product_cat-square-hot-pot-tables","9":"first","10":"instock","11":"shipping-taxable","12":"product-type-simple"},"acf":[],"_links":{"self":[{"href":"https:\/\/hpott.com\/tr\/wp-json\/wp\/v2\/product\/4369","targetHints":{"allow":["GET"]}}],"collection":[{"href":"https:\/\/hpott.com\/tr\/wp-json\/wp\/v2\/product"}],"about":[{"href":"https:\/\/hpott.com\/tr\/wp-json\/wp\/v2\/types\/product"}],"wp:featuredmedia":[{"embeddable":true,"href":"https:\/\/hpott.com\/tr\/wp-json\/wp\/v2\/media\/5076"}],"wp:attachment":[{"href":"https:\/\/hpott.com\/tr\/wp-json\/wp\/v2\/media?parent=4369"}],"wp:term":[{"taxonomy":"product_brand","embeddable":true,"href":"https:\/\/hpott.com\/tr\/wp-json\/wp\/v2\/product_brand?post=4369"},{"taxonomy":"product_cat","embeddable":true,"href":"https:\/\/hpott.com\/tr\/wp-json\/wp\/v2\/product_cat?post=4369"},{"taxonomy":"product_tag","embeddable":true,"href":"https:\/\/hpott.com\/tr\/wp-json\/wp\/v2\/product_tag?post=4369"}],"curies":[{"name":"wp","href":"https:\/\/api.w.org\/{rel}","templated":true}]}}