{"id":4509,"date":"2022-12-19T00:57:16","date_gmt":"2022-12-19T08:57:16","guid":{"rendered":"https:\/\/hpott.com\/?post_type=product&#038;p=4509"},"modified":"2023-07-14T00:42:41","modified_gmt":"2023-07-14T08:42:41","slug":"dogal-gazli-ticari-restoran-yuvarlak-barbeku-izgarasi","status":"publish","type":"product","link":"https:\/\/hpott.com\/tr\/urun\/dogal-gazli-ticari-restoran-yuvarlak-barbeku-izgarasi\/","title":{"rendered":"Ticari Restoran Do\u011fal Gazl\u0131 Yuvarlak Barbek\u00fc Izgaras\u0131"},"content":{"rendered":"<p><img loading=\"lazy\" decoding=\"async\" class=\"size-full wp-image-5940\" src=\"http:\/\/hpott.com\/wp-content\/uploads\/2022\/12\/gas-hot-pot-bbq-grill-equipment.webp\" alt=\"Ticari Restoran Do\u011fal Gazl\u0131 Yuvarlak Barbek\u00fc Izgaras\u0131\" width=\"750\" height=\"1899\" srcset=\"https:\/\/hpott.com\/wp-content\/uploads\/2022\/12\/gas-hot-pot-bbq-grill-equipment.webp 750w, https:\/\/hpott.com\/wp-content\/uploads\/2022\/12\/gas-hot-pot-bbq-grill-equipment-118x300.webp 118w, https:\/\/hpott.com\/wp-content\/uploads\/2022\/12\/gas-hot-pot-bbq-grill-equipment-404x1024.webp 404w, https:\/\/hpott.com\/wp-content\/uploads\/2022\/12\/gas-hot-pot-bbq-grill-equipment-607x1536.webp 607w, https:\/\/hpott.com\/wp-content\/uploads\/2022\/12\/gas-hot-pot-bbq-grill-equipment-600x1519.webp 600w, https:\/\/hpott.com\/wp-content\/uploads\/2022\/12\/gas-hot-pot-bbq-grill-equipment-64x162.webp 64w\" sizes=\"auto, (max-width: 750px) 100vw, 750px\" \/><\/p>","protected":false},"excerpt":{"rendered":"<p><strong>\u00dcr\u00fcn Kimli\u011fi:<\/strong> HP-G04<\/p>\n<p>HPOTT \u00e7e\u015fitli tipte gazl\u0131 kapal\u0131 ticari restoran Kore barbek\u00fc \u0131zgaralar\u0131 sa\u011flar, bize dan\u0131\u015fmaktan memnuniyet duyar\u0131z.<\/p>","protected":false},"featured_media":5141,"template":"","meta":{"_acf_changed":false,"_seopress_robots_primary_cat":"none","_seopress_titles_title":"","_seopress_titles_desc":"","_seopress_robots_index":""},"product_brand":[],"product_cat":[37,34],"product_tag":[],"class_list":{"0":"post-4509","1":"product","2":"type-product","3":"status-publish","4":"has-post-thumbnail","6":"product_cat-bbq-grill","7":"product_cat-gas-bbq-grill","9":"first","10":"instock","11":"shipping-taxable","12":"product-type-simple"},"acf":[],"_links":{"self":[{"href":"https:\/\/hpott.com\/tr\/wp-json\/wp\/v2\/product\/4509","targetHints":{"allow":["GET"]}}],"collection":[{"href":"https:\/\/hpott.com\/tr\/wp-json\/wp\/v2\/product"}],"about":[{"href":"https:\/\/hpott.com\/tr\/wp-json\/wp\/v2\/types\/product"}],"wp:featuredmedia":[{"embeddable":true,"href":"https:\/\/hpott.com\/tr\/wp-json\/wp\/v2\/media\/5141"}],"wp:attachment":[{"href":"https:\/\/hpott.com\/tr\/wp-json\/wp\/v2\/media?parent=4509"}],"wp:term":[{"taxonomy":"product_brand","embeddable":true,"href":"https:\/\/hpott.com\/tr\/wp-json\/wp\/v2\/product_brand?post=4509"},{"taxonomy":"product_cat","embeddable":true,"href":"https:\/\/hpott.com\/tr\/wp-json\/wp\/v2\/product_cat?post=4509"},{"taxonomy":"product_tag","embeddable":true,"href":"https:\/\/hpott.com\/tr\/wp-json\/wp\/v2\/product_tag?post=4509"}],"curies":[{"name":"wp","href":"https:\/\/api.w.org\/{rel}","templated":true}]}}