{"id":5166,"date":"2023-02-08T19:23:34","date_gmt":"2023-02-09T03:23:34","guid":{"rendered":"https:\/\/hpott.com\/?post_type=product&#038;p=5166"},"modified":"2023-06-15T01:57:02","modified_gmt":"2023-06-15T09:57:02","slug":"dumansiz-kore-sicak-tencere-barbeku-ekipmani","status":"publish","type":"product","link":"https:\/\/hpott.com\/tr\/urun\/dumansiz-kore-sicak-tencere-barbeku-ekipmani\/","title":{"rendered":"Dumans\u0131z Kore S\u0131cak Tencere Barbek\u00fc Ekipman\u0131"},"content":{"rendered":"<p><strong>\u00dcr\u00fcn Boyutu: <\/strong>610*X360X270mm<br \/>\n<strong>Izgara g\u00f6zenek boyutu: <\/strong>370X285mm<br \/>\n<strong>G\u00fc\u00e7: <\/strong>ind\u00fcksiyonlu ocak 1300w + \u0131zgara 2400w<br \/>\n<strong>Delik boyutu: <\/strong>585X335mm<\/p>\n<p><strong>Malzeme:\u00a0<\/strong>Paslanmaz \u00e7elik<\/p>","protected":false},"excerpt":{"rendered":"<p><strong>\u00dcr\u00fcn Kimli\u011fi<\/strong>: HP-610<\/p>\n<p><strong>\u00d6zellik<\/strong>:Ek egzoz borusuna gerek yoktur, ar\u0131tma ekipman\u0131yla birlikte gelir; duman \u00e7\u0131karmayan s\u0131cak tencere ve barbek\u00fc \u0131zgaras\u0131\uff1b<\/p>","protected":false},"featured_media":5170,"template":"","meta":{"_acf_changed":false,"_seopress_robots_primary_cat":"none","_seopress_titles_title":"","_seopress_titles_desc":"","_seopress_robots_index":""},"product_brand":[],"product_cat":[37,36],"product_tag":[],"class_list":{"0":"post-5166","1":"product","2":"type-product","3":"status-publish","4":"has-post-thumbnail","6":"product_cat-bbq-grill","7":"product_cat-electric-bbq-grill","9":"first","10":"instock","11":"shipping-taxable","12":"product-type-simple"},"acf":[],"_links":{"self":[{"href":"https:\/\/hpott.com\/tr\/wp-json\/wp\/v2\/product\/5166","targetHints":{"allow":["GET"]}}],"collection":[{"href":"https:\/\/hpott.com\/tr\/wp-json\/wp\/v2\/product"}],"about":[{"href":"https:\/\/hpott.com\/tr\/wp-json\/wp\/v2\/types\/product"}],"wp:featuredmedia":[{"embeddable":true,"href":"https:\/\/hpott.com\/tr\/wp-json\/wp\/v2\/media\/5170"}],"wp:attachment":[{"href":"https:\/\/hpott.com\/tr\/wp-json\/wp\/v2\/media?parent=5166"}],"wp:term":[{"taxonomy":"product_brand","embeddable":true,"href":"https:\/\/hpott.com\/tr\/wp-json\/wp\/v2\/product_brand?post=5166"},{"taxonomy":"product_cat","embeddable":true,"href":"https:\/\/hpott.com\/tr\/wp-json\/wp\/v2\/product_cat?post=5166"},{"taxonomy":"product_tag","embeddable":true,"href":"https:\/\/hpott.com\/tr\/wp-json\/wp\/v2\/product_tag?post=5166"}],"curies":[{"name":"wp","href":"https:\/\/api.w.org\/{rel}","templated":true}]}}