{"id":5179,"date":"2023-02-08T19:54:44","date_gmt":"2023-02-09T03:54:44","guid":{"rendered":"https:\/\/hpott.com\/?post_type=product&#038;p=5179"},"modified":"2023-07-22T01:57:00","modified_gmt":"2023-07-22T09:57:00","slug":"tedarik-satis-ticari-barbeku-sicak-tencere-izgarasi-masa-icin","status":"publish","type":"product","link":"https:\/\/hpott.com\/tr\/urun\/tedarik-satis-ticari-barbeku-sicak-tencere-izgarasi-masa-icin\/","title":{"rendered":"Tedarik Sat\u0131\u015f Ticari Barbek\u00fc S\u0131cak Tencere Izgaras\u0131 Masa \u0130\u00e7in"},"content":{"rendered":"<p><strong>\u00dcr\u00fcn Boyutu:\u00a0<\/strong>660X360X290mm<br \/>\n<strong>Izgara tavas\u0131 boyutu: <\/strong>300X285mm<br \/>\n<strong>G\u00fc\u00e7:\u00a0<\/strong>ind\u00fcksiyonlu ocak 2000w + \u0131zgara 1500w<br \/>\n<strong>Delik boyutu:\u00a0<\/strong>635X335mm<\/p>\n<p><strong>Malzeme:\u00a0<\/strong>Paslanmaz \u00e7elik<\/p>\n<p><img loading=\"lazy\" decoding=\"async\" class=\"size-full wp-image-5958\" src=\"http:\/\/hpott.com\/wp-content\/uploads\/2023\/02\/1.webp\" alt=\"tedarik sat\u0131\u015f ticari barbek\u00fc s\u0131cak tencere \u0131zgaras\u0131 masa i\u00e7in\" width=\"750\" height=\"2044\" srcset=\"https:\/\/hpott.com\/wp-content\/uploads\/2023\/02\/1.webp 750w, https:\/\/hpott.com\/wp-content\/uploads\/2023\/02\/1-110x300.webp 110w, https:\/\/hpott.com\/wp-content\/uploads\/2023\/02\/1-376x1024.webp 376w, https:\/\/hpott.com\/wp-content\/uploads\/2023\/02\/1-564x1536.webp 564w, https:\/\/hpott.com\/wp-content\/uploads\/2023\/02\/1-600x1635.webp 600w, https:\/\/hpott.com\/wp-content\/uploads\/2023\/02\/1-64x174.webp 64w\" sizes=\"auto, (max-width: 750px) 100vw, 750px\" \/><\/p>\n<p><img loading=\"lazy\" decoding=\"async\" class=\"size-full wp-image-5959\" src=\"http:\/\/hpott.com\/wp-content\/uploads\/2023\/02\/2.webp\" alt=\"tedarik sat\u0131\u015f ticari barbek\u00fc s\u0131cak tencere \u0131zgaras\u0131 masa i\u00e7in\" width=\"750\" height=\"2259\" srcset=\"https:\/\/hpott.com\/wp-content\/uploads\/2023\/02\/2.webp 750w, https:\/\/hpott.com\/wp-content\/uploads\/2023\/02\/2-100x300.webp 100w, https:\/\/hpott.com\/wp-content\/uploads\/2023\/02\/2-340x1024.webp 340w, https:\/\/hpott.com\/wp-content\/uploads\/2023\/02\/2-510x1536.webp 510w, https:\/\/hpott.com\/wp-content\/uploads\/2023\/02\/2-680x2048.webp 680w, https:\/\/hpott.com\/wp-content\/uploads\/2023\/02\/2-600x1807.webp 600w, https:\/\/hpott.com\/wp-content\/uploads\/2023\/02\/2-64x193.webp 64w\" sizes=\"auto, (max-width: 750px) 100vw, 750px\" \/><\/p>","protected":false},"excerpt":{"rendered":"<p><strong>\u00dcr\u00fcn Kimli\u011fi<\/strong>: HP-660<\/p>\n<p><strong>\u00d6zellik<\/strong>: Ek egzoz borusu gerekmez, ar\u0131t\u0131c\u0131 ekipmanla birlikte gelir; dumans\u0131z s\u0131cak tencere ve barbek\u00fc \u0131zgaras\u0131; iste\u011fe ba\u011fl\u0131 \u0131zgara filesi<\/p>","protected":false},"featured_media":5182,"template":"","meta":{"_acf_changed":false,"_seopress_robots_primary_cat":"none","_seopress_titles_title":"","_seopress_titles_desc":"","_seopress_robots_index":""},"product_brand":[],"product_cat":[37,36],"product_tag":[],"class_list":{"0":"post-5179","1":"product","2":"type-product","3":"status-publish","4":"has-post-thumbnail","6":"product_cat-bbq-grill","7":"product_cat-electric-bbq-grill","9":"first","10":"instock","11":"shipping-taxable","12":"product-type-simple"},"acf":[],"_links":{"self":[{"href":"https:\/\/hpott.com\/tr\/wp-json\/wp\/v2\/product\/5179","targetHints":{"allow":["GET"]}}],"collection":[{"href":"https:\/\/hpott.com\/tr\/wp-json\/wp\/v2\/product"}],"about":[{"href":"https:\/\/hpott.com\/tr\/wp-json\/wp\/v2\/types\/product"}],"wp:featuredmedia":[{"embeddable":true,"href":"https:\/\/hpott.com\/tr\/wp-json\/wp\/v2\/media\/5182"}],"wp:attachment":[{"href":"https:\/\/hpott.com\/tr\/wp-json\/wp\/v2\/media?parent=5179"}],"wp:term":[{"taxonomy":"product_brand","embeddable":true,"href":"https:\/\/hpott.com\/tr\/wp-json\/wp\/v2\/product_brand?post=5179"},{"taxonomy":"product_cat","embeddable":true,"href":"https:\/\/hpott.com\/tr\/wp-json\/wp\/v2\/product_cat?post=5179"},{"taxonomy":"product_tag","embeddable":true,"href":"https:\/\/hpott.com\/tr\/wp-json\/wp\/v2\/product_tag?post=5179"}],"curies":[{"name":"wp","href":"https:\/\/api.w.org\/{rel}","templated":true}]}}