{"id":5417,"date":"2023-03-02T01:39:51","date_gmt":"2023-03-02T09:39:51","guid":{"rendered":"https:\/\/hpott.com\/?post_type=product&#038;p=5417"},"modified":"2023-12-04T23:58:06","modified_gmt":"2023-12-05T07:58:06","slug":"restoran-icin-elektrikli-sicak-tencere-masasi-kare-sicak-tencere","status":"publish","type":"product","link":"https:\/\/hpott.com\/tr\/urun\/restoran-icin-elektrikli-sicak-tencere-masasi-kare-sicak-tencere\/","title":{"rendered":"Restoran \u0130\u00e7in \u00c7in Mermer Elektrikli Yerle\u015fik Kare S\u0131cak Tencere Masas\u0131"},"content":{"rendered":"<p>\u3010\u0130sim\u3011<strong>: <\/strong>Mermer S\u0131cak Tencere Masas\u0131<br \/>\n\u3010K\u00f6keni\u3011<strong>:\u00a0<\/strong>Guangdong, \u00c7in<br \/>\n\u3010Masa \u00dcst\u00fc Boyutu\u3011<strong>:\u00a0<\/strong>1000X800mm, 1300X900mm, 1600X900mm, 1800X1000mm (Boyut \u00f6zelle\u015ftirilebilir)<br \/>\n\u3010Malzeme\u3011<strong>:\u00a0<\/strong>mermer masa \u00fcst\u00fc + bask\u0131l\u0131 demir taban<br \/>\n\u3010Renk\u3011<strong>:\u00a0<\/strong>Talep \u00fczerine mevcuttur<br \/>\n\u3010Ba\u015fvuru\u3011<strong>:\u00a0<\/strong>S\u0131cak tencere restoranlar\u0131, oteller, di\u011fer restoranlar, b\u00fcfe s\u0131cak tencere.<br \/>\n\u3010\u00d6zellik\u3011: Dumans\u0131z i\u015flev<\/p>\n<p><img loading=\"lazy\" decoding=\"async\" class=\"size-full wp-image-5901\" src=\"http:\/\/hpott.com\/wp-content\/uploads\/2023\/03\/marble-hotpot-table.webp\" alt=\"restoran i\u00e7in mermer elektrikli yerle\u015fik kare s\u0131cak tencere masas\u0131\" width=\"750\" height=\"1121\" srcset=\"https:\/\/hpott.com\/wp-content\/uploads\/2023\/03\/marble-hotpot-table.webp 750w, https:\/\/hpott.com\/wp-content\/uploads\/2023\/03\/marble-hotpot-table-201x300.webp 201w, https:\/\/hpott.com\/wp-content\/uploads\/2023\/03\/marble-hotpot-table-685x1024.webp 685w, https:\/\/hpott.com\/wp-content\/uploads\/2023\/03\/marble-hotpot-table-600x897.webp 600w, https:\/\/hpott.com\/wp-content\/uploads\/2023\/03\/marble-hotpot-table-64x96.webp 64w\" sizes=\"auto, (max-width: 750px) 100vw, 750px\" \/><\/p>\n<p><img loading=\"lazy\" decoding=\"async\" class=\"size-full wp-image-5902\" src=\"http:\/\/hpott.com\/wp-content\/uploads\/2023\/03\/marble-hotpot-table-1.webp\" alt=\"Restoran i\u00e7in elektrikli yerle\u015fik kare s\u0131cak tencere masas\u0131\" width=\"750\" height=\"892\" srcset=\"https:\/\/hpott.com\/wp-content\/uploads\/2023\/03\/marble-hotpot-table-1.webp 750w, https:\/\/hpott.com\/wp-content\/uploads\/2023\/03\/marble-hotpot-table-1-252x300.webp 252w, https:\/\/hpott.com\/wp-content\/uploads\/2023\/03\/marble-hotpot-table-1-600x714.webp 600w, https:\/\/hpott.com\/wp-content\/uploads\/2023\/03\/marble-hotpot-table-1-64x76.webp 64w\" sizes=\"auto, (max-width: 750px) 100vw, 750px\" \/><\/p>\n<p><img loading=\"lazy\" decoding=\"async\" class=\"size-full wp-image-5903\" src=\"http:\/\/hpott.com\/wp-content\/uploads\/2023\/03\/marble-hotpot-table-2.webp\" alt=\"restoran i\u00e7in mermer elektrikli yerle\u015fik kare s\u0131cak tencere masas\u0131\" width=\"750\" height=\"1733\" srcset=\"https:\/\/hpott.com\/wp-content\/uploads\/2023\/03\/marble-hotpot-table-2.webp 750w, https:\/\/hpott.com\/wp-content\/uploads\/2023\/03\/marble-hotpot-table-2-130x300.webp 130w, https:\/\/hpott.com\/wp-content\/uploads\/2023\/03\/marble-hotpot-table-2-443x1024.webp 443w, https:\/\/hpott.com\/wp-content\/uploads\/2023\/03\/marble-hotpot-table-2-665x1536.webp 665w, https:\/\/hpott.com\/wp-content\/uploads\/2023\/03\/marble-hotpot-table-2-600x1386.webp 600w, https:\/\/hpott.com\/wp-content\/uploads\/2023\/03\/marble-hotpot-table-2-64x148.webp 64w\" sizes=\"auto, (max-width: 750px) 100vw, 750px\" \/><\/p>","protected":false},"excerpt":{"rendered":"<p><strong>\u00dcr\u00fcn Kimli\u011fi<\/strong>: HP-S02<\/p>\n<p><strong>\u00d6zellik<\/strong>\uff1a G\u00f6mme anahtarlar, dahili ar\u0131t\u0131c\u0131lar, \u00e7oklu g\u00fcvenlik korumas\u0131, mermer masa \u00fcst\u00fc ve paslanmaz \u00e7elik taban.<\/p>","protected":false},"featured_media":5420,"template":"","meta":{"_acf_changed":false,"_seopress_robots_primary_cat":"none","_seopress_titles_title":"","_seopress_titles_desc":"","_seopress_robots_index":""},"product_brand":[],"product_cat":[30,31],"product_tag":[],"class_list":{"0":"post-5417","1":"product","2":"type-product","3":"status-publish","4":"has-post-thumbnail","6":"product_cat-hot-pot-table","7":"product_cat-square-hot-pot-tables","9":"first","10":"instock","11":"shipping-taxable","12":"product-type-simple"},"acf":[],"_links":{"self":[{"href":"https:\/\/hpott.com\/tr\/wp-json\/wp\/v2\/product\/5417","targetHints":{"allow":["GET"]}}],"collection":[{"href":"https:\/\/hpott.com\/tr\/wp-json\/wp\/v2\/product"}],"about":[{"href":"https:\/\/hpott.com\/tr\/wp-json\/wp\/v2\/types\/product"}],"wp:featuredmedia":[{"embeddable":true,"href":"https:\/\/hpott.com\/tr\/wp-json\/wp\/v2\/media\/5420"}],"wp:attachment":[{"href":"https:\/\/hpott.com\/tr\/wp-json\/wp\/v2\/media?parent=5417"}],"wp:term":[{"taxonomy":"product_brand","embeddable":true,"href":"https:\/\/hpott.com\/tr\/wp-json\/wp\/v2\/product_brand?post=5417"},{"taxonomy":"product_cat","embeddable":true,"href":"https:\/\/hpott.com\/tr\/wp-json\/wp\/v2\/product_cat?post=5417"},{"taxonomy":"product_tag","embeddable":true,"href":"https:\/\/hpott.com\/tr\/wp-json\/wp\/v2\/product_tag?post=5417"}],"curies":[{"name":"wp","href":"https:\/\/api.w.org\/{rel}","templated":true}]}}