{"id":5468,"date":"2023-03-03T19:20:51","date_gmt":"2023-03-04T03:20:51","guid":{"rendered":"https:\/\/hpott.com\/?post_type=product&#038;p=5468"},"modified":"2023-12-04T22:27:11","modified_gmt":"2023-12-05T06:27:11","slug":"kapali-kore-barbeku-izgara-masasi-ticari-sicak-tencere-masasi-satilik-yerlesik-kore-barbeku-izgara-masasi","status":"publish","type":"product","link":"https:\/\/hpott.com\/tr\/urun\/kapali-kore-barbeku-izgara-masasi-ticari-sicak-tencere-masasi-satilik-yerlesik-kore-barbeku-izgara-masasi\/","title":{"rendered":"Ticari Restoran Kapal\u0131 Dumans\u0131z Kore Barbek\u00fc Izgara Masas\u0131 Sat\u0131l\u0131k"},"content":{"rendered":"<p>\u3010Ad\u0131\u3011: S\u0131cak Tencere ve Barbek\u00fc Izgara Masas\u0131<br \/>\n\u3010Men\u015fei\u3011: Guangdong, \u00c7in<br \/>\n\u3010Boyut\u3011: 1300X900X760mm (Boyut \u00f6zelle\u015ftirilebilir)<br \/>\n\u3010Malzeme\u3011: Mermer masa \u00fcst\u00fc + paslanmaz \u00e7elik taban<br \/>\n\u3010Renk\u3011: \u0130stek \u00fczerine mevcuttur<br \/>\n\u3010Uygulama\u3011: S\u0131cak tencere restoran\u0131, otel, di\u011fer restoranlar<br \/>\n\u3010\u00d6zellik\u3011<br \/>\n01<br \/>\nEntegre dekoratif halka<br \/>\nEntegre \u015fekillendirme ba\u015fl\u0131\u011f\u0131 kal\u0131nla\u015ft\u0131r\u0131lm\u0131\u015f paslanmaz \u00e7elikten, kusursuz bir \u015fekilde entegre edilmi\u015f \u015fekillendirme yap\u0131s\u0131ndan ve s\u0131k\u0131 bir s\u0131k\u0131\u015ft\u0131rma pozisyonundan yap\u0131lm\u0131\u015ft\u0131r.<br \/>\n02<br \/>\nDumans\u0131z ar\u0131tma<br \/>\nDuman egzoz borusu takmaya gerek yok, dumans\u0131z ar\u0131t\u0131c\u0131y\u0131 do\u011frudan kullan\u0131n, enerji tasarrufu ve \u00e7evre koruma, yeni moda<br \/>\n03<br \/>\n\u00d6zelle\u015ftirilmi\u015f dumans\u0131z s\u0131cak tencere masas\u0131<br \/>\nY\u00fcksek kaliteli malzeme se\u00e7in, modern, basit bir \u00c7in stili yarat\u0131n, s\u0131cak, pratik, basit ve c\u00f6mert bir stil<br \/>\n04<br \/>\nPaslanmaz \u00e7elik ayak dayana\u011f\u0131<br \/>\nS\u0131cak tencere tablas\u0131 sa\u011flam ve sabit bir \u015fekilde desteklenir ve sallanmaz, yeme\u011finizin tad\u0131n\u0131 daha rahat \u00e7\u0131kar\u0131rs\u0131n\u0131z.<\/p>\n<p><img loading=\"lazy\" decoding=\"async\" class=\"wp-image-5589 size-full aligncenter\" src=\"http:\/\/hpott.com\/wp-content\/uploads\/2023\/03\/Korean-bbq-grill-table-details.webp\" alt=\"Kapal\u0131 Kore barbek\u00fc \u0131zgara masas\u0131 ticari s\u0131cak tencere masas\u0131 sat\u0131l\u0131k yerle\u015fik Kore barbek\u00fc \u0131zgara masas\u0131\" width=\"750\" height=\"2316\" srcset=\"https:\/\/hpott.com\/wp-content\/uploads\/2023\/03\/Korean-bbq-grill-table-details.webp 750w, https:\/\/hpott.com\/wp-content\/uploads\/2023\/03\/Korean-bbq-grill-table-details-97x300.webp 97w, https:\/\/hpott.com\/wp-content\/uploads\/2023\/03\/Korean-bbq-grill-table-details-332x1024.webp 332w, https:\/\/hpott.com\/wp-content\/uploads\/2023\/03\/Korean-bbq-grill-table-details-497x1536.webp 497w, https:\/\/hpott.com\/wp-content\/uploads\/2023\/03\/Korean-bbq-grill-table-details-663x2048.webp 663w, https:\/\/hpott.com\/wp-content\/uploads\/2023\/03\/Korean-bbq-grill-table-details-600x1853.webp 600w, https:\/\/hpott.com\/wp-content\/uploads\/2023\/03\/Korean-bbq-grill-table-details-64x198.webp 64w\" sizes=\"auto, (max-width: 750px) 100vw, 750px\" \/> <img loading=\"lazy\" decoding=\"async\" class=\"wp-image-5588 size-full aligncenter\" src=\"http:\/\/hpott.com\/wp-content\/uploads\/2023\/03\/Korean-bbq-grill-table-details\uff081\uff09.webp\" alt=\"Kapal\u0131 Kore barbek\u00fc \u0131zgara masas\u0131 ticari s\u0131cak tencere masas\u0131 sat\u0131l\u0131k yerle\u015fik Kore barbek\u00fc \u0131zgara masas\u0131\" width=\"750\" height=\"2176\" srcset=\"https:\/\/hpott.com\/wp-content\/uploads\/2023\/03\/Korean-bbq-grill-table-details\uff081\uff09.webp 750w, https:\/\/hpott.com\/wp-content\/uploads\/2023\/03\/Korean-bbq-grill-table-details\uff081\uff09-103x300.webp 103w, https:\/\/hpott.com\/wp-content\/uploads\/2023\/03\/Korean-bbq-grill-table-details\uff081\uff09-353x1024.webp 353w, https:\/\/hpott.com\/wp-content\/uploads\/2023\/03\/Korean-bbq-grill-table-details\uff081\uff09-529x1536.webp 529w, https:\/\/hpott.com\/wp-content\/uploads\/2023\/03\/Korean-bbq-grill-table-details\uff081\uff09-706x2048.webp 706w, https:\/\/hpott.com\/wp-content\/uploads\/2023\/03\/Korean-bbq-grill-table-details\uff081\uff09-600x1741.webp 600w, https:\/\/hpott.com\/wp-content\/uploads\/2023\/03\/Korean-bbq-grill-table-details\uff081\uff09-64x186.webp 64w\" sizes=\"auto, (max-width: 750px) 100vw, 750px\" \/><\/p>\n<p style=\"text-align: center;\"><strong>Ambalajlama\u00a0<\/strong><\/p>\n<p style=\"text-align: center;\">Paketleme Detaylar\u0131: Ah\u015fap raflarla paketleme<\/p>\n<p style=\"text-align: center;\">Liman: Foshan, Zhongshan, Shenzhen<\/p>\n<p style=\"text-align: center;\">Teslimat S\u00fcresi: yakla\u015f\u0131k 25 g\u00fcn<\/p>\n<p style=\"text-align: center;\"><img loading=\"lazy\" decoding=\"async\" class=\"aligncenter wp-image-5320 size-full entered lazyloaded\" src=\"http:\/\/hpott.com\/wp-content\/uploads\/2023\/02\/Packaging-delivery.webp\" sizes=\"auto, (max-width: 750px) 100vw, 750px\" srcset=\"https:\/\/hpott.com\/wp-content\/uploads\/2023\/02\/Packaging-delivery.webp 750w, https:\/\/hpott.com\/wp-content\/uploads\/2023\/02\/Packaging-delivery-300x160.webp 300w, https:\/\/hpott.com\/wp-content\/uploads\/2023\/02\/Packaging-delivery-600x320.webp 600w, https:\/\/hpott.com\/wp-content\/uploads\/2023\/02\/Packaging-delivery-64x34.webp 64w\" alt=\"pop\u00fcler ankastre ind\u00fcksiyonlu ocak k\u00fc\u00e7\u00fck s\u0131cak tencere masas\u0131 \u0131zgara ile\" width=\"750\" height=\"400\" data-lazy-srcset=\"https:\/\/hpott.com\/wp-content\/uploads\/2023\/02\/Packaging-delivery.webp 750w, https:\/\/hpott.com\/wp-content\/uploads\/2023\/02\/Packaging-delivery-300x160.webp 300w, https:\/\/hpott.com\/wp-content\/uploads\/2023\/02\/Packaging-delivery-600x320.webp 600w, https:\/\/hpott.com\/wp-content\/uploads\/2023\/02\/Packaging-delivery-64x34.webp 64w\" data-lazy-sizes=\"(max-width: 750px) 100vw, 750px\" data-lazy-src=\"http:\/\/hpott.com\/wp-content\/uploads\/2023\/02\/Packaging-delivery.webp\" data-ll-status=\"loaded\" \/><\/p>\n<p style=\"text-align: center;\"><strong>M\u00fc\u015fteri Vakalar\u0131<\/strong><\/p>\n<p style=\"text-align: center;\">\u015eu anda 500&#039;den fazla restoranla \u00e7al\u0131\u015f\u0131yoruz<\/p>\n<p><img loading=\"lazy\" decoding=\"async\" class=\"aligncenter wp-image-5321 size-full entered lazyloaded\" src=\"http:\/\/hpott.com\/wp-content\/uploads\/2023\/02\/Case-Collaboration-.webp\" sizes=\"auto, (max-width: 750px) 100vw, 750px\" srcset=\"https:\/\/hpott.com\/wp-content\/uploads\/2023\/02\/Case-Collaboration-.webp 750w, https:\/\/hpott.com\/wp-content\/uploads\/2023\/02\/Case-Collaboration--300x300.webp 300w, https:\/\/hpott.com\/wp-content\/uploads\/2023\/02\/Case-Collaboration--150x150.webp 150w, https:\/\/hpott.com\/wp-content\/uploads\/2023\/02\/Case-Collaboration--600x600.webp 600w, https:\/\/hpott.com\/wp-content\/uploads\/2023\/02\/Case-Collaboration--100x100.webp 100w, https:\/\/hpott.com\/wp-content\/uploads\/2023\/02\/Case-Collaboration--64x64.webp 64w\" alt=\"pop\u00fcler ankastre ind\u00fcksiyonlu ocak k\u00fc\u00e7\u00fck s\u0131cak tencere masas\u0131 \u0131zgara ile\" width=\"750\" height=\"750\" data-lazy-srcset=\"https:\/\/hpott.com\/wp-content\/uploads\/2023\/02\/Case-Collaboration-.webp 750w, https:\/\/hpott.com\/wp-content\/uploads\/2023\/02\/Case-Collaboration--300x300.webp 300w, https:\/\/hpott.com\/wp-content\/uploads\/2023\/02\/Case-Collaboration--150x150.webp 150w, https:\/\/hpott.com\/wp-content\/uploads\/2023\/02\/Case-Collaboration--600x600.webp 600w, https:\/\/hpott.com\/wp-content\/uploads\/2023\/02\/Case-Collaboration--100x100.webp 100w, https:\/\/hpott.com\/wp-content\/uploads\/2023\/02\/Case-Collaboration--64x64.webp 64w\" data-lazy-sizes=\"(max-width: 750px) 100vw, 750px\" data-lazy-src=\"http:\/\/hpott.com\/wp-content\/uploads\/2023\/02\/Case-Collaboration-.webp\" data-ll-status=\"loaded\" \/><\/p>","protected":false},"excerpt":{"rendered":"<p><strong>\u00dcr\u00fcn Kimli\u011fi\uff1a\u00a0<\/strong>HP-C12<\/p>\n<p>S\u0131cak tencere ve barbek\u00fc \u0131zgaras\u0131, Kore dumans\u0131z barbek\u00fc \u0131zgaralar\u0131 ve s\u0131cak tencere masalar\u0131n\u0131n do\u011frudan fabrika sat\u0131\u015flar\u0131 \u00f6zelle\u015ftirilebilir USB aray\u00fcz\u00fc, cep telefonu \u015farj\u0131n\u0131 destekler ve kullan\u0131c\u0131 dostudur.<\/p>","protected":false},"featured_media":5593,"template":"","meta":{"_acf_changed":false,"_seopress_robots_primary_cat":"none","_seopress_titles_title":"Commercial Restaurant Smokeless Korean Barbecue Grill Table For Sale","_seopress_titles_desc":"There are various Korean barbecue grill tables, commercial smokeless grills, and electric, gas, and charcoal types. 1000+ restaurants joined us.","_seopress_robots_index":""},"product_brand":[],"product_cat":[40,30,31,33],"product_tag":[],"class_list":{"0":"post-5468","1":"product","2":"type-product","3":"status-publish","4":"has-post-thumbnail","6":"product_cat-korean-bbq-grill-table","7":"product_cat-hot-pot-table","8":"product_cat-square-hot-pot-tables","9":"product_cat-hot-pot-and-bbq-table","11":"first","12":"instock","13":"shipping-taxable","14":"product-type-simple"},"acf":[],"_links":{"self":[{"href":"https:\/\/hpott.com\/tr\/wp-json\/wp\/v2\/product\/5468","targetHints":{"allow":["GET"]}}],"collection":[{"href":"https:\/\/hpott.com\/tr\/wp-json\/wp\/v2\/product"}],"about":[{"href":"https:\/\/hpott.com\/tr\/wp-json\/wp\/v2\/types\/product"}],"wp:featuredmedia":[{"embeddable":true,"href":"https:\/\/hpott.com\/tr\/wp-json\/wp\/v2\/media\/5593"}],"wp:attachment":[{"href":"https:\/\/hpott.com\/tr\/wp-json\/wp\/v2\/media?parent=5468"}],"wp:term":[{"taxonomy":"product_brand","embeddable":true,"href":"https:\/\/hpott.com\/tr\/wp-json\/wp\/v2\/product_brand?post=5468"},{"taxonomy":"product_cat","embeddable":true,"href":"https:\/\/hpott.com\/tr\/wp-json\/wp\/v2\/product_cat?post=5468"},{"taxonomy":"product_tag","embeddable":true,"href":"https:\/\/hpott.com\/tr\/wp-json\/wp\/v2\/product_tag?post=5468"}],"curies":[{"name":"wp","href":"https:\/\/api.w.org\/{rel}","templated":true}]}}