{"id":5472,"date":"2023-03-03T19:59:33","date_gmt":"2023-03-04T03:59:33","guid":{"rendered":"https:\/\/hpott.com\/?post_type=product&#038;p=5472"},"modified":"2023-12-04T22:23:26","modified_gmt":"2023-12-05T06:23:26","slug":"ticari-sicak-tencere-masasi-mini-sicak-tencere-ocagi-restoran-icin-sicak-tencere-masa-ustu","status":"publish","type":"product","link":"https:\/\/hpott.com\/tr\/urun\/ticari-sicak-tencere-masasi-mini-sicak-tencere-ocagi-restoran-icin-sicak-tencere-masa-ustu\/","title":{"rendered":"\u00d6zelle\u015ftirme Gizli Kurulum Mini S\u0131cak Tencere Pi\u015firme Masas\u0131"},"content":{"rendered":"<p>\u3010Ad\u0131\u3011: Yuvarlak tekli s\u0131cak tencere masas\u0131<br \/>\n\u3010Men\u015fei\u3011: Guangdong, \u00c7in<br \/>\n\u3010Masa \u00dcst\u00fc Boyutu\u3011: \u00c7ap 1300mm, 1400mm, 1500mm, 1600mm, 1700mm, 1800mm (Boyut \u00f6zelle\u015ftirilebilir)<br \/>\n\u3010Malzeme\u3011: Mermer masa \u00fcst\u00fc + Boyal\u0131 \u00e7elik levha taban<br \/>\n\u3010Renk\u3011: \u0130stek \u00fczerine mevcuttur<br \/>\n\u3010Uygulama\u3011: S\u0131cak tencere restoran\u0131, otel, di\u011fer restoranlar<br \/>\n\u3010\u00d6zellik\u3011<br \/>\n<strong>01<\/strong><br \/>\n<strong>Entegre dekoratif halka<\/strong><br \/>\nEntegre \u015fekillendirme ba\u015fl\u0131\u011f\u0131 kal\u0131nla\u015ft\u0131r\u0131lm\u0131\u015f paslanmaz \u00e7elikten, kusursuz bir \u015fekilde entegre edilmi\u015f \u015fekillendirme yap\u0131s\u0131ndan ve s\u0131k\u0131 bir s\u0131k\u0131\u015ft\u0131rma pozisyonundan olu\u015fur.<br \/>\n<strong>02<\/strong><br \/>\n<strong>Dumans\u0131z ar\u0131tma<\/strong><br \/>\nDuman egzoz borusu takmaya gerek yok, dumans\u0131z ar\u0131t\u0131c\u0131y\u0131 do\u011frudan kullan\u0131n, enerji tasarrufu ve \u00e7evre koruma, yeni moda<br \/>\n<strong>03<\/strong><br \/>\n<strong>\u00d6zelle\u015ftirilmi\u015f dumans\u0131z s\u0131cak tencere masas\u0131<\/strong><br \/>\nY\u00fcksek kaliteli malzeme se\u00e7in, modern, basit bir \u00c7in stili yarat\u0131n, s\u0131cak, pratik, basit ve c\u00f6mert bir stil<br \/>\n<strong>04<\/strong><br \/>\n<strong>Paslanmaz \u00e7elik ayak dayana\u011f\u0131<\/strong><br \/>\nS\u0131cak tencere tablas\u0131 sa\u011flam ve sabit bir \u015fekilde desteklenir ve sallanmaz, yeme\u011finizin tad\u0131n\u0131 daha kolay \u00e7\u0131kar\u0131rs\u0131n\u0131z.<\/p>\n<p><img loading=\"lazy\" decoding=\"async\" class=\"size-full wp-image-5728 aligncenter\" src=\"http:\/\/hpott.com\/wp-content\/uploads\/2023\/03\/built-in-hot-pot-table-1.webp\" alt=\"ticari s\u0131cak tencere masas\u0131 mini s\u0131cak tencere oca\u011f\u0131 restoran i\u00e7in s\u0131cak tencere masa \u00fcst\u00fc\" width=\"750\" height=\"2400\" srcset=\"https:\/\/hpott.com\/wp-content\/uploads\/2023\/03\/built-in-hot-pot-table-1.webp 750w, https:\/\/hpott.com\/wp-content\/uploads\/2023\/03\/built-in-hot-pot-table-1-94x300.webp 94w, https:\/\/hpott.com\/wp-content\/uploads\/2023\/03\/built-in-hot-pot-table-1-320x1024.webp 320w, https:\/\/hpott.com\/wp-content\/uploads\/2023\/03\/built-in-hot-pot-table-1-480x1536.webp 480w, https:\/\/hpott.com\/wp-content\/uploads\/2023\/03\/built-in-hot-pot-table-1-640x2048.webp 640w, https:\/\/hpott.com\/wp-content\/uploads\/2023\/03\/built-in-hot-pot-table-1-600x1920.webp 600w, https:\/\/hpott.com\/wp-content\/uploads\/2023\/03\/built-in-hot-pot-table-1-64x205.webp 64w\" sizes=\"auto, (max-width: 750px) 100vw, 750px\" \/><\/p>\n<p style=\"text-align: center;\"><strong>Ambalajlama\u00a0<\/strong><\/p>\n<p style=\"text-align: center;\">Paketleme Detaylar\u0131: Ah\u015fap raflarla paketleme<\/p>\n<p style=\"text-align: center;\">Liman: Foshan, Zhongshan, Shenzhen<\/p>\n<p style=\"text-align: center;\">Teslimat S\u00fcresi: yakla\u015f\u0131k 25 g\u00fcn<\/p>\n<p style=\"text-align: center;\"><img loading=\"lazy\" decoding=\"async\" class=\"aligncenter wp-image-5320 size-full entered lazyloaded\" src=\"http:\/\/hpott.com\/wp-content\/uploads\/2023\/02\/Packaging-delivery.webp\" sizes=\"auto, (max-width: 750px) 100vw, 750px\" srcset=\"https:\/\/hpott.com\/wp-content\/uploads\/2023\/02\/Packaging-delivery.webp 750w, https:\/\/hpott.com\/wp-content\/uploads\/2023\/02\/Packaging-delivery-300x160.webp 300w, https:\/\/hpott.com\/wp-content\/uploads\/2023\/02\/Packaging-delivery-600x320.webp 600w, https:\/\/hpott.com\/wp-content\/uploads\/2023\/02\/Packaging-delivery-64x34.webp 64w\" alt=\"pop\u00fcler ankastre ind\u00fcksiyonlu ocak k\u00fc\u00e7\u00fck s\u0131cak tencere masas\u0131 \u0131zgara ile\" width=\"750\" height=\"400\" data-lazy-srcset=\"https:\/\/hpott.com\/wp-content\/uploads\/2023\/02\/Packaging-delivery.webp 750w, https:\/\/hpott.com\/wp-content\/uploads\/2023\/02\/Packaging-delivery-300x160.webp 300w, https:\/\/hpott.com\/wp-content\/uploads\/2023\/02\/Packaging-delivery-600x320.webp 600w, https:\/\/hpott.com\/wp-content\/uploads\/2023\/02\/Packaging-delivery-64x34.webp 64w\" data-lazy-sizes=\"(max-width: 750px) 100vw, 750px\" data-lazy-src=\"http:\/\/hpott.com\/wp-content\/uploads\/2023\/02\/Packaging-delivery.webp\" data-ll-status=\"loaded\" \/><\/p>\n<p style=\"text-align: center;\"><strong>M\u00fc\u015fteri Vakalar\u0131<\/strong><\/p>\n<p style=\"text-align: center;\">\u015eu anda 500&#039;den fazla restoranla \u00e7al\u0131\u015f\u0131yoruz<\/p>\n<p style=\"text-align: center;\"><img loading=\"lazy\" decoding=\"async\" class=\"aligncenter wp-image-5321 size-full entered lazyloaded\" src=\"http:\/\/hpott.com\/wp-content\/uploads\/2023\/02\/Case-Collaboration-.webp\" sizes=\"auto, (max-width: 750px) 100vw, 750px\" srcset=\"https:\/\/hpott.com\/wp-content\/uploads\/2023\/02\/Case-Collaboration-.webp 750w, https:\/\/hpott.com\/wp-content\/uploads\/2023\/02\/Case-Collaboration--300x300.webp 300w, https:\/\/hpott.com\/wp-content\/uploads\/2023\/02\/Case-Collaboration--150x150.webp 150w, https:\/\/hpott.com\/wp-content\/uploads\/2023\/02\/Case-Collaboration--600x600.webp 600w, https:\/\/hpott.com\/wp-content\/uploads\/2023\/02\/Case-Collaboration--100x100.webp 100w, https:\/\/hpott.com\/wp-content\/uploads\/2023\/02\/Case-Collaboration--64x64.webp 64w\" alt=\"pop\u00fcler ankastre ind\u00fcksiyonlu ocak k\u00fc\u00e7\u00fck s\u0131cak tencere masas\u0131 \u0131zgara ile\" width=\"750\" height=\"750\" data-lazy-srcset=\"https:\/\/hpott.com\/wp-content\/uploads\/2023\/02\/Case-Collaboration-.webp 750w, https:\/\/hpott.com\/wp-content\/uploads\/2023\/02\/Case-Collaboration--300x300.webp 300w, https:\/\/hpott.com\/wp-content\/uploads\/2023\/02\/Case-Collaboration--150x150.webp 150w, https:\/\/hpott.com\/wp-content\/uploads\/2023\/02\/Case-Collaboration--600x600.webp 600w, https:\/\/hpott.com\/wp-content\/uploads\/2023\/02\/Case-Collaboration--100x100.webp 100w, https:\/\/hpott.com\/wp-content\/uploads\/2023\/02\/Case-Collaboration--64x64.webp 64w\" data-lazy-sizes=\"(max-width: 750px) 100vw, 750px\" data-lazy-src=\"http:\/\/hpott.com\/wp-content\/uploads\/2023\/02\/Case-Collaboration-.webp\" data-ll-status=\"loaded\" \/><\/p>","protected":false},"excerpt":{"rendered":"<p><strong>\u00dcr\u00fcn Kimli\u011fi\uff1a <\/strong>HP-R06<\/p>\n<p>Yeni \u00c7in tarz\u0131 dumans\u0131z mermer l\u00fcks s\u0131cak tencere masas\u0131 \u00f6zel fabrika do\u011frudan sat\u0131\u015f ticari s\u0131cak tencere masas\u0131<\/p>","protected":false},"featured_media":5475,"template":"","meta":{"_acf_changed":false,"_seopress_robots_primary_cat":"none","_seopress_titles_title":"","_seopress_titles_desc":"","_seopress_robots_index":""},"product_brand":[],"product_cat":[30,32],"product_tag":[],"class_list":{"0":"post-5472","1":"product","2":"type-product","3":"status-publish","4":"has-post-thumbnail","6":"product_cat-hot-pot-table","7":"product_cat-round-hot-pot-tables","9":"first","10":"instock","11":"shipping-taxable","12":"product-type-simple"},"acf":[],"_links":{"self":[{"href":"https:\/\/hpott.com\/tr\/wp-json\/wp\/v2\/product\/5472","targetHints":{"allow":["GET"]}}],"collection":[{"href":"https:\/\/hpott.com\/tr\/wp-json\/wp\/v2\/product"}],"about":[{"href":"https:\/\/hpott.com\/tr\/wp-json\/wp\/v2\/types\/product"}],"wp:featuredmedia":[{"embeddable":true,"href":"https:\/\/hpott.com\/tr\/wp-json\/wp\/v2\/media\/5475"}],"wp:attachment":[{"href":"https:\/\/hpott.com\/tr\/wp-json\/wp\/v2\/media?parent=5472"}],"wp:term":[{"taxonomy":"product_brand","embeddable":true,"href":"https:\/\/hpott.com\/tr\/wp-json\/wp\/v2\/product_brand?post=5472"},{"taxonomy":"product_cat","embeddable":true,"href":"https:\/\/hpott.com\/tr\/wp-json\/wp\/v2\/product_cat?post=5472"},{"taxonomy":"product_tag","embeddable":true,"href":"https:\/\/hpott.com\/tr\/wp-json\/wp\/v2\/product_tag?post=5472"}],"curies":[{"name":"wp","href":"https:\/\/api.w.org\/{rel}","templated":true}]}}