{"id":5564,"date":"2023-03-16T01:32:15","date_gmt":"2023-03-16T09:32:15","guid":{"rendered":"https:\/\/hpott.com\/?post_type=product&#038;p=5564"},"modified":"2023-06-15T01:55:02","modified_gmt":"2023-06-15T09:55:02","slug":"kore-barbeku-izgarasi-elektrikli-barbeku-restoran-ekipmanlari","status":"publish","type":"product","link":"https:\/\/hpott.com\/tr\/urun\/kore-barbeku-izgarasi-elektrikli-barbeku-restoran-ekipmanlari\/","title":{"rendered":"Kore Dumans\u0131z Barbek\u00fc Izgara Elektrikli Barbek\u00fc Restoran Ekipmanlar\u0131"},"content":{"rendered":"<p><strong>\u00dcr\u00fcn Boyutu\uff1a<\/strong> 610X385X240mm<br \/>\n<strong>G\u00fc\u00e7:<\/strong> 3000w<br \/>\n<strong>Delik boyutu\uff1a<\/strong> 580X330mm<\/p>\n<p><strong>Malzeme\uff1a<\/strong> Paslanmaz \u00e7elik<\/p>\n<p><strong>Kargo Y\u00f6ntemi:<\/strong> deniz yoluyla veya ihtiya\u00e7 halinde<\/p>\n<p><strong>Kargo s\u00fcreleri:<\/strong> yakla\u015f\u0131k 25 g\u00fcn veya \u00fcr\u00fcn say\u0131s\u0131na ba\u011fl\u0131 olarak<\/p>\n<p><img loading=\"lazy\" decoding=\"async\" class=\"alignnone wp-image-5571 size-full\" src=\"http:\/\/hpott.com\/wp-content\/uploads\/2023\/03\/610-Korean-BBQ-grill-1.webp\" alt=\"Kore barbek\u00fc \u0131zgaras\u0131 restoran i\u00e7in elektrikli\" width=\"750\" height=\"1034\" srcset=\"https:\/\/hpott.com\/wp-content\/uploads\/2023\/03\/610-Korean-BBQ-grill-1.webp 750w, https:\/\/hpott.com\/wp-content\/uploads\/2023\/03\/610-Korean-BBQ-grill-1-218x300.webp 218w, https:\/\/hpott.com\/wp-content\/uploads\/2023\/03\/610-Korean-BBQ-grill-1-743x1024.webp 743w, https:\/\/hpott.com\/wp-content\/uploads\/2023\/03\/610-Korean-BBQ-grill-1-600x827.webp 600w, https:\/\/hpott.com\/wp-content\/uploads\/2023\/03\/610-Korean-BBQ-grill-1-64x88.webp 64w\" sizes=\"auto, (max-width: 750px) 100vw, 750px\" \/><\/p>\n<p><img loading=\"lazy\" decoding=\"async\" class=\"alignnone wp-image-5572 size-full\" src=\"http:\/\/hpott.com\/wp-content\/uploads\/2023\/03\/610-Korean-BBQ-grill-2.webp\" alt=\"Kore barbek\u00fc \u0131zgaras\u0131 restoran i\u00e7in elektrikli\" width=\"750\" height=\"950\" srcset=\"https:\/\/hpott.com\/wp-content\/uploads\/2023\/03\/610-Korean-BBQ-grill-2.webp 750w, https:\/\/hpott.com\/wp-content\/uploads\/2023\/03\/610-Korean-BBQ-grill-2-237x300.webp 237w, https:\/\/hpott.com\/wp-content\/uploads\/2023\/03\/610-Korean-BBQ-grill-2-600x760.webp 600w, https:\/\/hpott.com\/wp-content\/uploads\/2023\/03\/610-Korean-BBQ-grill-2-64x81.webp 64w\" sizes=\"auto, (max-width: 750px) 100vw, 750px\" \/><\/p>","protected":false},"excerpt":{"rendered":"<p><strong>\u00dcr\u00fcn Kimli\u011fi:<\/strong> HP-E610<\/p>\n<p><strong>\u00d6zellik:<\/strong> H\u0131zl\u0131 \u0131s\u0131tma h\u0131z\u0131, \u00dcst veya alt duman egzozu \u00f6nerilir<\/p>","protected":false},"featured_media":5569,"template":"","meta":{"_acf_changed":false,"_seopress_robots_primary_cat":"none","_seopress_titles_title":"","_seopress_titles_desc":"","_seopress_robots_index":""},"product_brand":[],"product_cat":[37,36],"product_tag":[],"class_list":{"0":"post-5564","1":"product","2":"type-product","3":"status-publish","4":"has-post-thumbnail","6":"product_cat-bbq-grill","7":"product_cat-electric-bbq-grill","9":"first","10":"instock","11":"shipping-taxable","12":"product-type-simple"},"acf":[],"_links":{"self":[{"href":"https:\/\/hpott.com\/tr\/wp-json\/wp\/v2\/product\/5564","targetHints":{"allow":["GET"]}}],"collection":[{"href":"https:\/\/hpott.com\/tr\/wp-json\/wp\/v2\/product"}],"about":[{"href":"https:\/\/hpott.com\/tr\/wp-json\/wp\/v2\/types\/product"}],"wp:featuredmedia":[{"embeddable":true,"href":"https:\/\/hpott.com\/tr\/wp-json\/wp\/v2\/media\/5569"}],"wp:attachment":[{"href":"https:\/\/hpott.com\/tr\/wp-json\/wp\/v2\/media?parent=5564"}],"wp:term":[{"taxonomy":"product_brand","embeddable":true,"href":"https:\/\/hpott.com\/tr\/wp-json\/wp\/v2\/product_brand?post=5564"},{"taxonomy":"product_cat","embeddable":true,"href":"https:\/\/hpott.com\/tr\/wp-json\/wp\/v2\/product_cat?post=5564"},{"taxonomy":"product_tag","embeddable":true,"href":"https:\/\/hpott.com\/tr\/wp-json\/wp\/v2\/product_tag?post=5564"}],"curies":[{"name":"wp","href":"https:\/\/api.w.org\/{rel}","templated":true}]}}