{"id":5595,"date":"2023-04-21T01:51:54","date_gmt":"2023-04-21T09:51:54","guid":{"rendered":"https:\/\/hpott.com\/?post_type=product&#038;p=5595"},"modified":"2023-06-30T22:27:48","modified_gmt":"2023-07-01T06:27:48","slug":"2000w-kucuk-induksiyonlu-ocak-tasinabilir-sicak-tencere-induksiyonlu-ocak","status":"publish","type":"product","link":"https:\/\/hpott.com\/tr\/urun\/2000w-kucuk-induksiyonlu-ocak-tasinabilir-sicak-tencere-induksiyonlu-ocak\/","title":{"rendered":"2000W K\u00fc\u00e7\u00fck S\u0131cak Tencere \u0130nd\u00fcksiyonlu Pi\u015firme Tezgah\u0131 Paslanmaz \u00c7elik Halka"},"content":{"rendered":"<p>\u3010<strong>\u0130sim<\/strong>\u3011: S\u0131cak tencere ind\u00fcksiyonlu ocak<br \/>\n\u3010<strong>K\u00f6keni<\/strong>\u3011: Guangdong, \u00c7in<br \/>\n\u3010<strong>Gerilim<\/strong>\u3011: 220-240V~50\/60 Hz<br \/>\n\u3010<strong>G\u00fc\u00e7<\/strong>\u3011: 2000w<\/p>\n<p>\u3010<strong>Paslanmaz \u00e7elik y\u00fcz\u00fck<\/strong>\u3011<strong>:\u00a0<\/strong>yuvarlak veya kare mevcuttur<\/p>\n<h3><em><strong>\u00d6zellik<\/strong><\/em><\/h3>\n<ul>\n<li><em>Dahili i\u00e7in plastik \u015fekil<\/em><\/li>\n<li><em>LED ekran<\/em><\/li>\n<li><em>5 a\u015famal\u0131 g\u00fc\u00e7 ayar\u0131<\/em><\/li>\n<li><em>A\u015f\u0131r\u0131 y\u00fcklendi\u011finde otomatik kesme ve \u00c7oklu koruma<\/em><\/li>\n<li><em>Cam plaka boyutu: \u00c7ap 288mm<\/em><\/li>\n<\/ul>\n<p><img loading=\"lazy\" decoding=\"async\" class=\"alignnone wp-image-5540 size-full\" src=\"http:\/\/hpott.com\/wp-content\/uploads\/2022\/11\/induction-cooker-optional-1.webp\" alt=\"s\u0131cak tencere i\u00e7in en iyi ind\u00fcksiyonlu ocak ta\u015f\u0131nabilir ind\u00fcksiyonlu ocak\" width=\"750\" height=\"990\" srcset=\"https:\/\/hpott.com\/wp-content\/uploads\/2022\/11\/induction-cooker-optional-1.webp 750w, https:\/\/hpott.com\/wp-content\/uploads\/2022\/11\/induction-cooker-optional-1-227x300.webp 227w, https:\/\/hpott.com\/wp-content\/uploads\/2022\/11\/induction-cooker-optional-1-600x792.webp 600w, https:\/\/hpott.com\/wp-content\/uploads\/2022\/11\/induction-cooker-optional-1-64x84.webp 64w\" sizes=\"auto, (max-width: 750px) 100vw, 750px\" \/><\/p>","protected":false},"excerpt":{"rendered":"<p><strong>\u00dcr\u00fcn Kimli\u011fi\uff1a\u00a0<\/strong>HP-IC2000<\/p>\n<p>Ankastre masa i\u00e7in en \u00e7ok satan s\u0131cak tencere ind\u00fcksiyonlu ocak<\/p>","protected":false},"featured_media":5839,"template":"","meta":{"_acf_changed":false,"_seopress_robots_primary_cat":"none","_seopress_titles_title":"","_seopress_titles_desc":"","_seopress_robots_index":""},"product_brand":[],"product_cat":[35,42],"product_tag":[],"class_list":{"0":"post-5595","1":"product","2":"type-product","3":"status-publish","4":"has-post-thumbnail","6":"product_cat-induction-cooker","7":"product_cat-hot-pot-induction-cooker","9":"first","10":"instock","11":"shipping-taxable","12":"product-type-simple"},"acf":[],"_links":{"self":[{"href":"https:\/\/hpott.com\/tr\/wp-json\/wp\/v2\/product\/5595","targetHints":{"allow":["GET"]}}],"collection":[{"href":"https:\/\/hpott.com\/tr\/wp-json\/wp\/v2\/product"}],"about":[{"href":"https:\/\/hpott.com\/tr\/wp-json\/wp\/v2\/types\/product"}],"wp:featuredmedia":[{"embeddable":true,"href":"https:\/\/hpott.com\/tr\/wp-json\/wp\/v2\/media\/5839"}],"wp:attachment":[{"href":"https:\/\/hpott.com\/tr\/wp-json\/wp\/v2\/media?parent=5595"}],"wp:term":[{"taxonomy":"product_brand","embeddable":true,"href":"https:\/\/hpott.com\/tr\/wp-json\/wp\/v2\/product_brand?post=5595"},{"taxonomy":"product_cat","embeddable":true,"href":"https:\/\/hpott.com\/tr\/wp-json\/wp\/v2\/product_cat?post=5595"},{"taxonomy":"product_tag","embeddable":true,"href":"https:\/\/hpott.com\/tr\/wp-json\/wp\/v2\/product_tag?post=5595"}],"curies":[{"name":"wp","href":"https:\/\/api.w.org\/{rel}","templated":true}]}}