{"id":5601,"date":"2023-04-24T20:03:59","date_gmt":"2023-04-25T04:03:59","guid":{"rendered":"https:\/\/hpott.com\/?post_type=product&#038;p=5601"},"modified":"2023-12-04T22:49:20","modified_gmt":"2023-12-05T06:49:20","slug":"tek-induksiyonlu-ocak-800w-elektrikli-gorunmez-induksiyonlu-ocak","status":"publish","type":"product","link":"https:\/\/hpott.com\/tr\/urun\/tek-induksiyonlu-ocak-800w-elektrikli-gorunmez-induksiyonlu-ocak\/","title":{"rendered":"800W Tek S\u0131cak Tencere \u0130nd\u00fcksiyonlu Ocak Elektrikli G\u00f6r\u00fcnmez \u0130nd\u00fcksiyonlu Ocak"},"content":{"rendered":"<p>\u3010<strong>\u0130sim<\/strong>\u3011: S\u0131cak tencere ind\u00fcksiyonlu ocak<\/p>\n<p>\u3010<strong>K\u00f6keni<\/strong>\u3011: Guangdong, \u00c7in<\/p>\n<p>\u3010<strong>Gerilim<\/strong>\u3011: 220-240V~50, 60 Hz<\/p>\n<p>\u3010<strong>G\u00fc\u00e7<\/strong>\u3011: 800w<\/p>\n<p>\u3010<strong>Boyut<\/strong>\u3011: \u00c7ap 196<em>mm<\/em><\/p>\n<p>\u3010<strong>Paslanmaz \u00e7elik y\u00fcz\u00fck<\/strong>\u3011<strong>:\u00a0<\/strong>yuvarlak veya kare mevcuttur<\/p>\n<h3><em><strong>\u00d6zellik<\/strong><\/em><\/h3>\n<ul>\n<li><em>Dahili i\u00e7in plastik \u015fekil<\/em><\/li>\n<li><em>LED ekran<\/em><\/li>\n<li><em>5 a\u015famal\u0131 g\u00fc\u00e7 ayar\u0131<\/em><\/li>\n<li><em>A\u015f\u0131r\u0131 y\u00fcklendi\u011finde otomatik kesme ve \u00c7oklu koruma<\/em><\/li>\n<li><em>Cam plaka boyutu: \u00c7ap 288mm<\/em><\/li>\n<\/ul>\n<p><img loading=\"lazy\" decoding=\"async\" class=\"size-full wp-image-5646\" src=\"http:\/\/hpott.com\/wp-content\/uploads\/2023\/04\/hotpot-induction-cooker.webp\" alt=\"singer ind\u00fcksiyonlu ocak 2000w elektrikli g\u00f6r\u00fcnmez ind\u00fcksiyonlu ocak\" width=\"750\" height=\"1518\" srcset=\"https:\/\/hpott.com\/wp-content\/uploads\/2023\/04\/hotpot-induction-cooker.webp 750w, https:\/\/hpott.com\/wp-content\/uploads\/2023\/04\/hotpot-induction-cooker-148x300.webp 148w, https:\/\/hpott.com\/wp-content\/uploads\/2023\/04\/hotpot-induction-cooker-506x1024.webp 506w, https:\/\/hpott.com\/wp-content\/uploads\/2023\/04\/hotpot-induction-cooker-600x1214.webp 600w, https:\/\/hpott.com\/wp-content\/uploads\/2023\/04\/hotpot-induction-cooker-64x130.webp 64w\" sizes=\"auto, (max-width: 750px) 100vw, 750px\" \/><\/p>\n<p><img loading=\"lazy\" decoding=\"async\" class=\"size-full wp-image-5647\" src=\"http:\/\/hpott.com\/wp-content\/uploads\/2023\/04\/hotpot-induction-cooker-1.webp\" alt=\"singer ind\u00fcksiyonlu ocak 2000w elektrikli g\u00f6r\u00fcnmez ind\u00fcksiyonlu ocak\" width=\"750\" height=\"2488\" srcset=\"https:\/\/hpott.com\/wp-content\/uploads\/2023\/04\/hotpot-induction-cooker-1.webp 750w, https:\/\/hpott.com\/wp-content\/uploads\/2023\/04\/hotpot-induction-cooker-1-90x300.webp 90w, https:\/\/hpott.com\/wp-content\/uploads\/2023\/04\/hotpot-induction-cooker-1-309x1024.webp 309w, https:\/\/hpott.com\/wp-content\/uploads\/2023\/04\/hotpot-induction-cooker-1-463x1536.webp 463w, https:\/\/hpott.com\/wp-content\/uploads\/2023\/04\/hotpot-induction-cooker-1-617x2048.webp 617w, https:\/\/hpott.com\/wp-content\/uploads\/2023\/04\/hotpot-induction-cooker-1-600x1990.webp 600w, https:\/\/hpott.com\/wp-content\/uploads\/2023\/04\/hotpot-induction-cooker-1-64x212.webp 64w\" sizes=\"auto, (max-width: 750px) 100vw, 750px\" \/><\/p>","protected":false},"excerpt":{"rendered":"<p><strong>\u00dcr\u00fcn Kimli\u011fi\uff1a\u00a0<\/strong>HP-IC2000<\/p>\n<p><strong><b>\u0130thal siyah<\/b><\/strong><strong><b>\u00a0kristal <\/b><\/strong><strong><b>tahta, renk solmas\u0131 yok, sararma yok, y\u00fcksek s\u0131cakl\u0131\u011fa dayan\u0131kl\u0131, temizlemesi kolay<\/b><\/strong><\/p>","protected":false},"featured_media":5838,"template":"","meta":{"_acf_changed":false,"_seopress_robots_primary_cat":"none","_seopress_titles_title":"Hot POT Induction Cooker Restaurant Hotpot Induction Cooker","_seopress_titles_desc":"800w 1500w 2000w 3000w commercial hot pot induction cooker, restaurant hotpot induction cooker, factory direct sales, logo available.","_seopress_robots_index":""},"product_brand":[],"product_cat":[35,42],"product_tag":[],"class_list":{"0":"post-5601","1":"product","2":"type-product","3":"status-publish","4":"has-post-thumbnail","6":"product_cat-induction-cooker","7":"product_cat-hot-pot-induction-cooker","9":"first","10":"instock","11":"shipping-taxable","12":"product-type-simple"},"acf":[],"_links":{"self":[{"href":"https:\/\/hpott.com\/tr\/wp-json\/wp\/v2\/product\/5601","targetHints":{"allow":["GET"]}}],"collection":[{"href":"https:\/\/hpott.com\/tr\/wp-json\/wp\/v2\/product"}],"about":[{"href":"https:\/\/hpott.com\/tr\/wp-json\/wp\/v2\/types\/product"}],"wp:featuredmedia":[{"embeddable":true,"href":"https:\/\/hpott.com\/tr\/wp-json\/wp\/v2\/media\/5838"}],"wp:attachment":[{"href":"https:\/\/hpott.com\/tr\/wp-json\/wp\/v2\/media?parent=5601"}],"wp:term":[{"taxonomy":"product_brand","embeddable":true,"href":"https:\/\/hpott.com\/tr\/wp-json\/wp\/v2\/product_brand?post=5601"},{"taxonomy":"product_cat","embeddable":true,"href":"https:\/\/hpott.com\/tr\/wp-json\/wp\/v2\/product_cat?post=5601"},{"taxonomy":"product_tag","embeddable":true,"href":"https:\/\/hpott.com\/tr\/wp-json\/wp\/v2\/product_tag?post=5601"}],"curies":[{"name":"wp","href":"https:\/\/api.w.org\/{rel}","templated":true}]}}