{"id":5715,"date":"2023-06-05T23:39:08","date_gmt":"2023-06-06T07:39:08","guid":{"rendered":"https:\/\/hpott.com\/?post_type=product&#038;p=5715"},"modified":"2023-12-04T23:05:25","modified_gmt":"2023-12-05T07:05:25","slug":"restoran-icin-ticari-yerlesik-elektrikli-dumansiz-kore-barbeku-izgara-masasi","status":"publish","type":"product","link":"https:\/\/hpott.com\/tr\/urun\/restoran-icin-ticari-yerlesik-elektrikli-dumansiz-kore-barbeku-izgara-masasi\/","title":{"rendered":"Restoran \u0130\u00e7in Ticari Dahili Elektrikli Dumans\u0131z Kore Barbek\u00fc Izgara Masas\u0131"},"content":{"rendered":"<p><img loading=\"lazy\" decoding=\"async\" class=\"size-full wp-image-5719\" src=\"http:\/\/hpott.com\/wp-content\/uploads\/2023\/06\/electric-Korean-bbq-grill-table.webp\" alt=\"Restoran i\u00e7in ticari yerle\u015fik elektrikli dumans\u0131z kore barbek\u00fc \u0131zgara masas\u0131\" width=\"750\" height=\"2177\" srcset=\"https:\/\/hpott.com\/wp-content\/uploads\/2023\/06\/electric-Korean-bbq-grill-table.webp 750w, https:\/\/hpott.com\/wp-content\/uploads\/2023\/06\/electric-Korean-bbq-grill-table-103x300.webp 103w, https:\/\/hpott.com\/wp-content\/uploads\/2023\/06\/electric-Korean-bbq-grill-table-353x1024.webp 353w, https:\/\/hpott.com\/wp-content\/uploads\/2023\/06\/electric-Korean-bbq-grill-table-529x1536.webp 529w, https:\/\/hpott.com\/wp-content\/uploads\/2023\/06\/electric-Korean-bbq-grill-table-706x2048.webp 706w, https:\/\/hpott.com\/wp-content\/uploads\/2023\/06\/electric-Korean-bbq-grill-table-600x1742.webp 600w, https:\/\/hpott.com\/wp-content\/uploads\/2023\/06\/electric-Korean-bbq-grill-table-64x186.webp 64w\" sizes=\"auto, (max-width: 750px) 100vw, 750px\" \/><\/p>\n<p><img loading=\"lazy\" decoding=\"async\" class=\"size-full wp-image-5720\" src=\"http:\/\/hpott.com\/wp-content\/uploads\/2023\/06\/electric-Korean-bbq-grill-table-1.webp\" alt=\"Restoran i\u00e7in ticari yerle\u015fik elektrikli dumans\u0131z kore barbek\u00fc \u0131zgara masas\u0131\" width=\"750\" height=\"1935\" srcset=\"https:\/\/hpott.com\/wp-content\/uploads\/2023\/06\/electric-Korean-bbq-grill-table-1.webp 750w, https:\/\/hpott.com\/wp-content\/uploads\/2023\/06\/electric-Korean-bbq-grill-table-1-116x300.webp 116w, https:\/\/hpott.com\/wp-content\/uploads\/2023\/06\/electric-Korean-bbq-grill-table-1-397x1024.webp 397w, https:\/\/hpott.com\/wp-content\/uploads\/2023\/06\/electric-Korean-bbq-grill-table-1-595x1536.webp 595w, https:\/\/hpott.com\/wp-content\/uploads\/2023\/06\/electric-Korean-bbq-grill-table-1-600x1548.webp 600w, https:\/\/hpott.com\/wp-content\/uploads\/2023\/06\/electric-Korean-bbq-grill-table-1-64x165.webp 64w\" sizes=\"auto, (max-width: 750px) 100vw, 750px\" \/><\/p>","protected":false},"excerpt":{"rendered":"<p><strong>\u00dcr\u00fcn Kimli\u011fi<\/strong>: HP-SG05<\/p>\n<p><strong>\u3010\u00d6zellik\u3011<\/strong>: dumans\u0131z, depolama dolaplar\u0131, dokunmatik ekran kontrol\u00fc, kendi kendine yeten k\u00fc\u00e7\u00fck \u0131\u015f\u0131klar<\/p>","protected":false},"featured_media":5718,"template":"","meta":{"_acf_changed":false,"_seopress_robots_primary_cat":"none","_seopress_titles_title":"","_seopress_titles_desc":"","_seopress_robots_index":""},"product_brand":[],"product_cat":[40],"product_tag":[],"class_list":{"0":"post-5715","1":"product","2":"type-product","3":"status-publish","4":"has-post-thumbnail","6":"product_cat-korean-bbq-grill-table","8":"first","9":"instock","10":"shipping-taxable","11":"product-type-simple"},"acf":[],"_links":{"self":[{"href":"https:\/\/hpott.com\/tr\/wp-json\/wp\/v2\/product\/5715","targetHints":{"allow":["GET"]}}],"collection":[{"href":"https:\/\/hpott.com\/tr\/wp-json\/wp\/v2\/product"}],"about":[{"href":"https:\/\/hpott.com\/tr\/wp-json\/wp\/v2\/types\/product"}],"wp:featuredmedia":[{"embeddable":true,"href":"https:\/\/hpott.com\/tr\/wp-json\/wp\/v2\/media\/5718"}],"wp:attachment":[{"href":"https:\/\/hpott.com\/tr\/wp-json\/wp\/v2\/media?parent=5715"}],"wp:term":[{"taxonomy":"product_brand","embeddable":true,"href":"https:\/\/hpott.com\/tr\/wp-json\/wp\/v2\/product_brand?post=5715"},{"taxonomy":"product_cat","embeddable":true,"href":"https:\/\/hpott.com\/tr\/wp-json\/wp\/v2\/product_cat?post=5715"},{"taxonomy":"product_tag","embeddable":true,"href":"https:\/\/hpott.com\/tr\/wp-json\/wp\/v2\/product_tag?post=5715"}],"curies":[{"name":"wp","href":"https:\/\/api.w.org\/{rel}","templated":true}]}}