{"id":5772,"date":"2023-06-17T02:14:22","date_gmt":"2023-06-17T10:14:22","guid":{"rendered":"https:\/\/hpott.com\/?post_type=product&#038;p=5772"},"modified":"2023-11-01T00:39:46","modified_gmt":"2023-11-01T08:39:46","slug":"toptan-dahili-masa-lpg-gazli-izgara-fritozlu","status":"publish","type":"product","link":"https:\/\/hpott.com\/tr\/urun\/toptan-dahili-masa-lpg-gazli-izgara-fritozlu\/","title":{"rendered":"Yeni \u00dcr\u00fcn Dahili LPG Gazl\u0131 Barbek\u00fc Izgara Masas\u0131 Frit\u00f6zl\u00fc"},"content":{"rendered":"<p>1. Kasa malzemesi: 201 paslanmaz \u00e7elik<br \/>\n2. Frit\u00f6z tencere boyutu: 17.6X16.2X15cm<br \/>\n3. Soba boyutu: \u00c7ap 12cm<br \/>\n4. Dahili boyut: 610X390mm<br \/>\n5. \u00dcr\u00fcn boyutu: 64X43X20cm<br \/>\n6. Kontrol\u00f6rl\u00fc Uzunluk 89,5 cm&#039;dir<br \/>\n7. LPG t\u00fcr\u00fc<\/p>","protected":false},"excerpt":{"rendered":"<p><strong>\u00dcr\u00fcn Kimli\u011fi: HP-G06<\/strong><\/p>\n<p>Frit\u00f6zl\u00fc GAZLI \u0131zgara, \u00f6zel masa, masa \u00fcst\u00fc, masa ayaklar\u0131, pi\u015firme kaplar\u0131, masa\u00fcst\u00fc renkleri vb.<\/p>","protected":false},"featured_media":5778,"template":"","meta":{"_acf_changed":false,"_seopress_robots_primary_cat":"none","_seopress_titles_title":"New Product Built In LPG Gas BBQ Grill Table With Fryer","_seopress_titles_desc":"","_seopress_robots_index":""},"product_brand":[],"product_cat":[40,37,34],"product_tag":[],"class_list":{"0":"post-5772","1":"product","2":"type-product","3":"status-publish","4":"has-post-thumbnail","6":"product_cat-korean-bbq-grill-table","7":"product_cat-bbq-grill","8":"product_cat-gas-bbq-grill","10":"first","11":"instock","12":"shipping-taxable","13":"product-type-simple"},"acf":[],"_links":{"self":[{"href":"https:\/\/hpott.com\/tr\/wp-json\/wp\/v2\/product\/5772","targetHints":{"allow":["GET"]}}],"collection":[{"href":"https:\/\/hpott.com\/tr\/wp-json\/wp\/v2\/product"}],"about":[{"href":"https:\/\/hpott.com\/tr\/wp-json\/wp\/v2\/types\/product"}],"wp:featuredmedia":[{"embeddable":true,"href":"https:\/\/hpott.com\/tr\/wp-json\/wp\/v2\/media\/5778"}],"wp:attachment":[{"href":"https:\/\/hpott.com\/tr\/wp-json\/wp\/v2\/media?parent=5772"}],"wp:term":[{"taxonomy":"product_brand","embeddable":true,"href":"https:\/\/hpott.com\/tr\/wp-json\/wp\/v2\/product_brand?post=5772"},{"taxonomy":"product_cat","embeddable":true,"href":"https:\/\/hpott.com\/tr\/wp-json\/wp\/v2\/product_cat?post=5772"},{"taxonomy":"product_tag","embeddable":true,"href":"https:\/\/hpott.com\/tr\/wp-json\/wp\/v2\/product_tag?post=5772"}],"curies":[{"name":"wp","href":"https:\/\/api.w.org\/{rel}","templated":true}]}}