{"id":5826,"date":"2023-06-29T02:02:30","date_gmt":"2023-06-29T10:02:30","guid":{"rendered":"https:\/\/hpott.com\/?post_type=product&#038;p=5826"},"modified":"2023-12-04T22:52:13","modified_gmt":"2023-12-05T06:52:13","slug":"restoran-elektrikli-gomme-sicak-tencere-masasi","status":"publish","type":"product","link":"https:\/\/hpott.com\/tr\/urun\/restoran-elektrikli-gomme-sicak-tencere-masasi\/","title":{"rendered":"S\u0131cak Tencere Yemek Shabu Masas\u0131 Restoran Elektrikli G\u00f6mme S\u0131cak Tencere Masas\u0131"},"content":{"rendered":"<p>\u3010\u0130sim\u3011<strong>:\u00a0<\/strong>Hot Pot Bat\u0131k Ah\u015fap Masa<br \/>\n\u3010K\u00f6keni\u3011<strong>:\u00a0<\/strong>Guangdong, \u00c7in<br \/>\n\u3010Masa \u00dcst\u00fc Boyutu\u3011<strong>:\u00a0<\/strong>1000X800mm, 1300X900mm, 1600X900mm, 1800X1000mm (Boyut \u00f6zelle\u015ftirilebilir)<br \/>\n\u3010Malzeme\u3011<strong>:\u00a0<\/strong>Ah\u015fap masa \u00fcst\u00fc + bask\u0131l\u0131 paslanmaz \u00e7elik taban<br \/>\n\u3010Renk\u3011<strong>:\u00a0<\/strong>Talep \u00fczerine mevcuttur<br \/>\n\u3010Ba\u015fvuru\u3011<strong>:\u00a0<\/strong>S\u0131cak tencere restoran\u0131, otel, di\u011fer restoranlar<br \/>\n\u3010\u00d6zellik\u3011<br \/>\n01<br \/>\nEntegre dekoratif halka<br \/>\nEntegre \u015fekillendirme ba\u015fl\u0131\u011f\u0131 kal\u0131nla\u015ft\u0131r\u0131lm\u0131\u015f paslanmaz \u00e7elikten, kusursuz bir \u015fekilde entegre edilmi\u015f \u015fekillendirme yap\u0131s\u0131ndan ve s\u0131k\u0131 bir s\u0131k\u0131\u015ft\u0131rma pozisyonundan yap\u0131lm\u0131\u015ft\u0131r.<br \/>\n02<br \/>\nDumans\u0131z ar\u0131tma<br \/>\nDuman egzoz borusu takmaya gerek yok, dumans\u0131z ar\u0131t\u0131c\u0131y\u0131 do\u011frudan kullan\u0131n, enerji tasarrufu ve \u00e7evre koruma, yeni moda<br \/>\n03<br \/>\n\u00d6zelle\u015ftirilmi\u015f dumans\u0131z s\u0131cak tencere masas\u0131<br \/>\nY\u00fcksek kaliteli malzeme se\u00e7in, modern, basit bir \u00c7in stili yarat\u0131n, s\u0131cak, pratik, basit ve c\u00f6mert bir stil<\/p>\n<p><img loading=\"lazy\" decoding=\"async\" class=\"size-full wp-image-5830\" src=\"http:\/\/hpott.com\/wp-content\/uploads\/2023\/06\/01.webp\" alt=\"s\u0131cak tencere yemek shabu masas\u0131 restoran elektrikli s\u0131cak tencere masas\u0131\" width=\"750\" height=\"2279\" srcset=\"https:\/\/hpott.com\/wp-content\/uploads\/2023\/06\/01.webp 750w, https:\/\/hpott.com\/wp-content\/uploads\/2023\/06\/01-99x300.webp 99w, https:\/\/hpott.com\/wp-content\/uploads\/2023\/06\/01-337x1024.webp 337w, https:\/\/hpott.com\/wp-content\/uploads\/2023\/06\/01-505x1536.webp 505w, https:\/\/hpott.com\/wp-content\/uploads\/2023\/06\/01-674x2048.webp 674w, https:\/\/hpott.com\/wp-content\/uploads\/2023\/06\/01-600x1823.webp 600w, https:\/\/hpott.com\/wp-content\/uploads\/2023\/06\/01-64x194.webp 64w\" sizes=\"auto, (max-width: 750px) 100vw, 750px\" \/><\/p>\n<p><img loading=\"lazy\" decoding=\"async\" class=\"size-full wp-image-5831\" src=\"http:\/\/hpott.com\/wp-content\/uploads\/2023\/06\/02.webp\" alt=\"s\u0131cak tencere yemek shabu masas\u0131 restoran elektrikli s\u0131cak tencere masas\u0131\" width=\"750\" height=\"2221\" srcset=\"https:\/\/hpott.com\/wp-content\/uploads\/2023\/06\/02.webp 750w, https:\/\/hpott.com\/wp-content\/uploads\/2023\/06\/02-101x300.webp 101w, https:\/\/hpott.com\/wp-content\/uploads\/2023\/06\/02-346x1024.webp 346w, https:\/\/hpott.com\/wp-content\/uploads\/2023\/06\/02-519x1536.webp 519w, https:\/\/hpott.com\/wp-content\/uploads\/2023\/06\/02-692x2048.webp 692w, https:\/\/hpott.com\/wp-content\/uploads\/2023\/06\/02-600x1777.webp 600w, https:\/\/hpott.com\/wp-content\/uploads\/2023\/06\/02-64x190.webp 64w\" sizes=\"auto, (max-width: 750px) 100vw, 750px\" \/><\/p>","protected":false},"excerpt":{"rendered":"<p><strong>\u00dcr\u00fcn Kimli\u011fi\uff1a\u00a0<\/strong>HP-S011<\/p>\n<p>Her t\u00fcrl\u00fc yemek mekan\u0131 i\u00e7in profesyonel \u00f6zel s\u0131cak tencere masalar\u0131 ve sandalyelerinin do\u011frudan fabrikadan sat\u0131\u015f\u0131<\/p>","protected":false},"featured_media":5829,"template":"","meta":{"_acf_changed":false,"_seopress_robots_primary_cat":"none","_seopress_titles_title":"","_seopress_titles_desc":"","_seopress_robots_index":""},"product_brand":[],"product_cat":[30,31],"product_tag":[],"class_list":{"0":"post-5826","1":"product","2":"type-product","3":"status-publish","4":"has-post-thumbnail","6":"product_cat-hot-pot-table","7":"product_cat-square-hot-pot-tables","9":"first","10":"instock","11":"shipping-taxable","12":"product-type-simple"},"acf":[],"_links":{"self":[{"href":"https:\/\/hpott.com\/tr\/wp-json\/wp\/v2\/product\/5826","targetHints":{"allow":["GET"]}}],"collection":[{"href":"https:\/\/hpott.com\/tr\/wp-json\/wp\/v2\/product"}],"about":[{"href":"https:\/\/hpott.com\/tr\/wp-json\/wp\/v2\/types\/product"}],"wp:featuredmedia":[{"embeddable":true,"href":"https:\/\/hpott.com\/tr\/wp-json\/wp\/v2\/media\/5829"}],"wp:attachment":[{"href":"https:\/\/hpott.com\/tr\/wp-json\/wp\/v2\/media?parent=5826"}],"wp:term":[{"taxonomy":"product_brand","embeddable":true,"href":"https:\/\/hpott.com\/tr\/wp-json\/wp\/v2\/product_brand?post=5826"},{"taxonomy":"product_cat","embeddable":true,"href":"https:\/\/hpott.com\/tr\/wp-json\/wp\/v2\/product_cat?post=5826"},{"taxonomy":"product_tag","embeddable":true,"href":"https:\/\/hpott.com\/tr\/wp-json\/wp\/v2\/product_tag?post=5826"}],"curies":[{"name":"wp","href":"https:\/\/api.w.org\/{rel}","templated":true}]}}