{"id":5863,"date":"2023-07-01T01:21:54","date_gmt":"2023-07-01T09:21:54","guid":{"rendered":"https:\/\/hpott.com\/?post_type=product&#038;p=5863"},"modified":"2023-07-05T01:26:19","modified_gmt":"2023-07-05T09:26:19","slug":"sicak-satis-kizilotesi-seramik-ocak-elektrikli-kizilotesi-ocak-1500w-2000w","status":"publish","type":"product","link":"https:\/\/hpott.com\/tr\/urun\/sicak-satis-kizilotesi-seramik-ocak-elektrikli-kizilotesi-ocak-1500w-2000w\/","title":{"rendered":"S\u0131cak Sat\u0131\u015f K\u0131z\u0131l\u00f6tesi Seramik Ocak Elektrikli K\u0131z\u0131l\u00f6tesi Ocak 1500W 2000W"},"content":{"rendered":"<p><strong>\u3010\u0130sim<\/strong>\u3011: S\u0131cak tencere ind\u00fcksiyonlu ocak<br \/>\n\u3010<strong>K\u00f6keni<\/strong>\u3011: Guangdong, \u00c7in<br \/>\n\u3010<strong>Gerilim<\/strong>\u3011: 220-240V~50, 60 Hz<br \/>\n\u3010<strong>G\u00fc\u00e7<\/strong>\u3011: 1500W-2000W<\/p>\n<p>\u3010<strong>Paslanmaz \u00e7elik y\u00fcz\u00fck<\/strong>\u3011<strong>:\u00a0<\/strong>yuvarlak veya kare mevcuttur<\/p>\n<h3><em><strong>\u00d6zellik<\/strong><\/em><\/h3>\n<ul>\n<li><em>Dahili i\u00e7in plastik \u015fekil<\/em><\/li>\n<li><em>LED ekran<\/em><\/li>\n<li><em>5 a\u015famal\u0131 g\u00fc\u00e7 ayar\u0131<\/em><\/li>\n<li><em>A\u015f\u0131r\u0131 y\u00fcklendi\u011finde otomatik kesme ve \u00c7oklu koruma<\/em><\/li>\n<li><em>Cam levha boyutu: \u00c7ap 245mm<\/em><\/li>\n<\/ul>\n<p><img loading=\"lazy\" decoding=\"async\" class=\"size-full wp-image-5920\" src=\"http:\/\/hpott.com\/wp-content\/uploads\/2023\/07\/2.webp\" alt=\"s\u0131cak sat\u0131\u015f k\u0131z\u0131l\u00f6tesi seramik ocak elektrikli k\u0131z\u0131l\u00f6tesi ocak 1500w 2000w\" width=\"750\" height=\"1794\" srcset=\"https:\/\/hpott.com\/wp-content\/uploads\/2023\/07\/2.webp 750w, https:\/\/hpott.com\/wp-content\/uploads\/2023\/07\/2-125x300.webp 125w, https:\/\/hpott.com\/wp-content\/uploads\/2023\/07\/2-428x1024.webp 428w, https:\/\/hpott.com\/wp-content\/uploads\/2023\/07\/2-642x1536.webp 642w, https:\/\/hpott.com\/wp-content\/uploads\/2023\/07\/2-600x1435.webp 600w, https:\/\/hpott.com\/wp-content\/uploads\/2023\/07\/2-64x153.webp 64w\" sizes=\"auto, (max-width: 750px) 100vw, 750px\" \/><\/p>\n<p><img loading=\"lazy\" decoding=\"async\" class=\"size-full wp-image-5922\" src=\"http:\/\/hpott.com\/wp-content\/uploads\/2023\/07\/1.webp\" alt=\"s\u0131cak sat\u0131\u015f k\u0131z\u0131l\u00f6tesi seramik ocak elektrikli k\u0131z\u0131l\u00f6tesi ocak 1500w 2000w\" width=\"750\" height=\"1908\" srcset=\"https:\/\/hpott.com\/wp-content\/uploads\/2023\/07\/1.webp 750w, https:\/\/hpott.com\/wp-content\/uploads\/2023\/07\/1-118x300.webp 118w, https:\/\/hpott.com\/wp-content\/uploads\/2023\/07\/1-403x1024.webp 403w, https:\/\/hpott.com\/wp-content\/uploads\/2023\/07\/1-604x1536.webp 604w, https:\/\/hpott.com\/wp-content\/uploads\/2023\/07\/1-600x1526.webp 600w, https:\/\/hpott.com\/wp-content\/uploads\/2023\/07\/1-64x163.webp 64w\" sizes=\"auto, (max-width: 750px) 100vw, 750px\" \/><\/p>","protected":false},"excerpt":{"rendered":"<p><strong>\u00dcr\u00fcn Kimli\u011fi:\u00a0<\/strong> HP-CWR1500<\/p>\n<p><strong>\u00dcr\u00fcn Boyutu:\u00a0<\/strong>\u00e7ap 245m<\/p>\n<p><strong>Ba\u015fvuru:\u00a0<\/strong>restoran s\u0131cak tencere masalar\u0131, d\u00f6nen s\u0131cak tencere masalar\u0131<\/p>\n<p><strong>\u0130ste\u011fe ba\u011fl\u0131:\u00a0<\/strong>paslanmaz \u00e7elik y\u00fcz\u00fck<\/p>","protected":false},"featured_media":5869,"template":"","meta":{"_acf_changed":false,"_seopress_robots_primary_cat":"none","_seopress_titles_title":"","_seopress_titles_desc":"","_seopress_robots_index":""},"product_brand":[],"product_cat":[35,42],"product_tag":[],"class_list":{"0":"post-5863","1":"product","2":"type-product","3":"status-publish","4":"has-post-thumbnail","6":"product_cat-induction-cooker","7":"product_cat-hot-pot-induction-cooker","9":"first","10":"instock","11":"shipping-taxable","12":"product-type-simple"},"acf":[],"_links":{"self":[{"href":"https:\/\/hpott.com\/tr\/wp-json\/wp\/v2\/product\/5863","targetHints":{"allow":["GET"]}}],"collection":[{"href":"https:\/\/hpott.com\/tr\/wp-json\/wp\/v2\/product"}],"about":[{"href":"https:\/\/hpott.com\/tr\/wp-json\/wp\/v2\/types\/product"}],"wp:featuredmedia":[{"embeddable":true,"href":"https:\/\/hpott.com\/tr\/wp-json\/wp\/v2\/media\/5869"}],"wp:attachment":[{"href":"https:\/\/hpott.com\/tr\/wp-json\/wp\/v2\/media?parent=5863"}],"wp:term":[{"taxonomy":"product_brand","embeddable":true,"href":"https:\/\/hpott.com\/tr\/wp-json\/wp\/v2\/product_brand?post=5863"},{"taxonomy":"product_cat","embeddable":true,"href":"https:\/\/hpott.com\/tr\/wp-json\/wp\/v2\/product_cat?post=5863"},{"taxonomy":"product_tag","embeddable":true,"href":"https:\/\/hpott.com\/tr\/wp-json\/wp\/v2\/product_tag?post=5863"}],"curies":[{"name":"wp","href":"https:\/\/api.w.org\/{rel}","templated":true}]}}