{"id":5894,"date":"2023-07-03T01:03:41","date_gmt":"2023-07-03T09:03:41","guid":{"rendered":"https:\/\/hpott.com\/?post_type=product&#038;p=5894"},"modified":"2023-07-11T01:58:05","modified_gmt":"2023-07-11T09:58:05","slug":"kizilotesi-pisirme-yuzeyi-ulusal-kizilotesi-pisirme-yuzeyi-kizilotesi-induksiyon-ocagi","status":"publish","type":"product","link":"https:\/\/hpott.com\/tr\/urun\/kizilotesi-pisirme-yuzeyi-ulusal-kizilotesi-pisirme-yuzeyi-kizilotesi-induksiyon-ocagi\/","title":{"rendered":"K\u0131z\u0131l\u00f6tesi Pi\u015firme Y\u00fczeyi National Infrared Cooker Infrared Induction Ocak"},"content":{"rendered":"<p><strong>\u3010\u0130sim<\/strong>\u3011: S\u0131cak tencere ind\u00fcksiyonlu ocak<br \/>\n\u3010<strong>K\u00f6keni<\/strong>\u3011: Guangdong, \u00c7in<br \/>\n\u3010<strong>Gerilim<\/strong>\u3011: 220-240V~50, 60 Hz<br \/>\n\u3010<strong>G\u00fc\u00e7<\/strong>\u3011: 3000W-3500W<\/p>\n<p>\u3010<strong>Paslanmaz \u00e7elik y\u00fcz\u00fck<\/strong>\u3011<strong>:\u00a0<\/strong>yuvarlak veya kare mevcuttur<\/p>\n<h3><em><strong>\u00d6zellik<\/strong><\/em><\/h3>\n<ul>\n<li><em>Dahili i\u00e7in plastik \u015fekil<\/em><\/li>\n<li><em>LED ekran<\/em><\/li>\n<li><em>5 a\u015famal\u0131 g\u00fc\u00e7 ayar\u0131<\/em><\/li>\n<li><em>A\u015f\u0131r\u0131 y\u00fcklendi\u011finde otomatik kesme ve \u00c7oklu koruma<\/em><\/li>\n<li><em>Cam plaka boyutu: \u00c7ap 328mm<\/em><\/li>\n<\/ul>\n<div class=\"mceTemp\"><\/div>\n<p><img loading=\"lazy\" decoding=\"async\" class=\"size-full wp-image-5930\" src=\"http:\/\/hpott.com\/wp-content\/uploads\/2023\/07\/222.webp\" alt=\"k\u0131z\u0131l\u00f6tesi pi\u015firme y\u00fczeyi ulusal k\u0131z\u0131l\u00f6tesi pi\u015firme y\u00fczeyi k\u0131z\u0131l\u00f6tesi ind\u00fcksiyon oca\u011f\u0131\" width=\"750\" height=\"2000\" srcset=\"https:\/\/hpott.com\/wp-content\/uploads\/2023\/07\/222.webp 750w, https:\/\/hpott.com\/wp-content\/uploads\/2023\/07\/222-113x300.webp 113w, https:\/\/hpott.com\/wp-content\/uploads\/2023\/07\/222-384x1024.webp 384w, https:\/\/hpott.com\/wp-content\/uploads\/2023\/07\/222-576x1536.webp 576w, https:\/\/hpott.com\/wp-content\/uploads\/2023\/07\/222-600x1600.webp 600w, https:\/\/hpott.com\/wp-content\/uploads\/2023\/07\/222-64x171.webp 64w\" sizes=\"auto, (max-width: 750px) 100vw, 750px\" \/><\/p>\n<p><img loading=\"lazy\" decoding=\"async\" class=\"size-full wp-image-5931\" src=\"http:\/\/hpott.com\/wp-content\/uploads\/2023\/07\/111.webp\" alt=\"k\u0131z\u0131l\u00f6tesi pi\u015firme y\u00fczeyi ulusal k\u0131z\u0131l\u00f6tesi pi\u015firme y\u00fczeyi k\u0131z\u0131l\u00f6tesi ind\u00fcksiyon oca\u011f\u0131\" width=\"750\" height=\"2500\" srcset=\"https:\/\/hpott.com\/wp-content\/uploads\/2023\/07\/111.webp 750w, https:\/\/hpott.com\/wp-content\/uploads\/2023\/07\/111-90x300.webp 90w, https:\/\/hpott.com\/wp-content\/uploads\/2023\/07\/111-307x1024.webp 307w, https:\/\/hpott.com\/wp-content\/uploads\/2023\/07\/111-461x1536.webp 461w, https:\/\/hpott.com\/wp-content\/uploads\/2023\/07\/111-614x2048.webp 614w, https:\/\/hpott.com\/wp-content\/uploads\/2023\/07\/111-600x2000.webp 600w, https:\/\/hpott.com\/wp-content\/uploads\/2023\/07\/111-64x213.webp 64w\" sizes=\"auto, (max-width: 750px) 100vw, 750px\" \/><\/p>","protected":false},"excerpt":{"rendered":"<p><strong>\u00dcr\u00fcn Kimli\u011fi:\u00a0<\/strong> HP-CWR3500<\/p>\n<p><strong>\u00dcr\u00fcn Boyutu:\u00a0<\/strong>\u00e7ap 328m<\/p>\n<p><strong>Ba\u015fvuru:\u00a0<\/strong>restoran s\u0131cak tencere masalar\u0131, d\u00f6nen s\u0131cak tencere masalar\u0131<\/p>\n<p><strong>\u0130ste\u011fe ba\u011fl\u0131:\u00a0<\/strong>paslanmaz \u00e7elik y\u00fcz\u00fck<\/p>","protected":false},"featured_media":5904,"template":"","meta":{"_acf_changed":false,"_seopress_robots_primary_cat":"none","_seopress_titles_title":"","_seopress_titles_desc":"","_seopress_robots_index":""},"product_brand":[],"product_cat":[35,42],"product_tag":[],"class_list":{"0":"post-5894","1":"product","2":"type-product","3":"status-publish","4":"has-post-thumbnail","6":"product_cat-induction-cooker","7":"product_cat-hot-pot-induction-cooker","9":"first","10":"instock","11":"shipping-taxable","12":"product-type-simple"},"acf":[],"_links":{"self":[{"href":"https:\/\/hpott.com\/tr\/wp-json\/wp\/v2\/product\/5894","targetHints":{"allow":["GET"]}}],"collection":[{"href":"https:\/\/hpott.com\/tr\/wp-json\/wp\/v2\/product"}],"about":[{"href":"https:\/\/hpott.com\/tr\/wp-json\/wp\/v2\/types\/product"}],"wp:featuredmedia":[{"embeddable":true,"href":"https:\/\/hpott.com\/tr\/wp-json\/wp\/v2\/media\/5904"}],"wp:attachment":[{"href":"https:\/\/hpott.com\/tr\/wp-json\/wp\/v2\/media?parent=5894"}],"wp:term":[{"taxonomy":"product_brand","embeddable":true,"href":"https:\/\/hpott.com\/tr\/wp-json\/wp\/v2\/product_brand?post=5894"},{"taxonomy":"product_cat","embeddable":true,"href":"https:\/\/hpott.com\/tr\/wp-json\/wp\/v2\/product_cat?post=5894"},{"taxonomy":"product_tag","embeddable":true,"href":"https:\/\/hpott.com\/tr\/wp-json\/wp\/v2\/product_tag?post=5894"}],"curies":[{"name":"wp","href":"https:\/\/api.w.org\/{rel}","templated":true}]}}