{"id":5905,"date":"2023-07-03T01:37:59","date_gmt":"2023-07-03T09:37:59","guid":{"rendered":"https:\/\/hpott.com\/?post_type=product&#038;p=5905"},"modified":"2023-07-14T01:50:11","modified_gmt":"2023-07-14T09:50:11","slug":"moda-toptan-fiyat-kizilotesi-ocak-elektrikli-seramik-ocak","status":"publish","type":"product","link":"https:\/\/hpott.com\/tr\/urun\/moda-toptan-fiyat-kizilotesi-ocak-elektrikli-seramik-ocak\/","title":{"rendered":"Moda Toptan Fiyat K\u0131z\u0131l\u00f6tesi Ocak Elektrikli Seramik Ocak"},"content":{"rendered":"<p><strong>\u3010\u0130sim<\/strong>\u3011: S\u0131cak tencere ind\u00fcksiyonlu ocak<br \/>\n\u3010<strong>K\u00f6keni<\/strong>\u3011: Guangdong, \u00c7in<br \/>\n\u3010<strong>Gerilim<\/strong>\u3011: 220-240V~50, 60 Hz<br \/>\n\u3010<strong>G\u00fc\u00e7<\/strong>\u3011: 3500W-4500W<\/p>\n<p>\u3010<strong>Paslanmaz \u00e7elik y\u00fcz\u00fck<\/strong>\u3011<strong>:\u00a0<\/strong>yuvarlak veya kare mevcuttur<\/p>\n<h3><em><strong>\u00d6zellik<\/strong><\/em><\/h3>\n<ul>\n<li><em>Dahili i\u00e7in plastik \u015fekil<\/em><\/li>\n<li><em>LED ekran<\/em><\/li>\n<li><em>5 a\u015famal\u0131 g\u00fc\u00e7 ayar\u0131<\/em><\/li>\n<li><em>A\u015f\u0131r\u0131 y\u00fcklendi\u011finde otomatik kesme ve \u00c7oklu koruma<\/em><\/li>\n<li><em>Cam levha boyutu: \u00c7ap 380mm<\/em><\/li>\n<\/ul>\n<p><img loading=\"lazy\" decoding=\"async\" class=\"size-full wp-image-5942\" src=\"http:\/\/hpott.com\/wp-content\/uploads\/2023\/07\/1.0.png\" alt=\"moda toptan fiyat k\u0131z\u0131l\u00f6tesi ocak elektrikli seramik ocak\" width=\"750\" height=\"1821\" srcset=\"https:\/\/hpott.com\/wp-content\/uploads\/2023\/07\/1.0.png 750w, https:\/\/hpott.com\/wp-content\/uploads\/2023\/07\/1.0-124x300.png 124w, https:\/\/hpott.com\/wp-content\/uploads\/2023\/07\/1.0-422x1024.png 422w, https:\/\/hpott.com\/wp-content\/uploads\/2023\/07\/1.0-633x1536.png 633w, https:\/\/hpott.com\/wp-content\/uploads\/2023\/07\/1.0-600x1457.png 600w, https:\/\/hpott.com\/wp-content\/uploads\/2023\/07\/1.0-64x155.png 64w\" sizes=\"auto, (max-width: 750px) 100vw, 750px\" \/><\/p>\n<p><img loading=\"lazy\" decoding=\"async\" class=\"size-full wp-image-5943\" src=\"http:\/\/hpott.com\/wp-content\/uploads\/2023\/07\/2.0.png\" alt=\"moda toptan fiyat k\u0131z\u0131l\u00f6tesi ocak elektrikli seramik ocak\" width=\"750\" height=\"2377\" srcset=\"https:\/\/hpott.com\/wp-content\/uploads\/2023\/07\/2.0.png 750w, https:\/\/hpott.com\/wp-content\/uploads\/2023\/07\/2.0-95x300.png 95w, https:\/\/hpott.com\/wp-content\/uploads\/2023\/07\/2.0-323x1024.png 323w, https:\/\/hpott.com\/wp-content\/uploads\/2023\/07\/2.0-485x1536.png 485w, https:\/\/hpott.com\/wp-content\/uploads\/2023\/07\/2.0-646x2048.png 646w, https:\/\/hpott.com\/wp-content\/uploads\/2023\/07\/2.0-600x1902.png 600w, https:\/\/hpott.com\/wp-content\/uploads\/2023\/07\/2.0-64x203.png 64w\" sizes=\"auto, (max-width: 750px) 100vw, 750px\" \/><\/p>\n<p>&nbsp;<\/p>","protected":false},"excerpt":{"rendered":"<p><strong>\u00dcr\u00fcn Kimli\u011fi:\u00a0<\/strong> HP-CWR4500<\/p>\n<p><strong>\u00dcr\u00fcn Boyutu:\u00a0<\/strong>\u00e7ap 380m<\/p>\n<p><strong>Ba\u015fvuru:\u00a0<\/strong>restoran s\u0131cak tencere masalar\u0131, d\u00f6nen s\u0131cak tencere masalar\u0131<\/p>\n<p><strong>\u0130ste\u011fe ba\u011fl\u0131:\u00a0<\/strong>paslanmaz \u00e7elik y\u00fcz\u00fck<\/p>","protected":false},"featured_media":5908,"template":"","meta":{"_acf_changed":false,"_seopress_robots_primary_cat":"none","_seopress_titles_title":"","_seopress_titles_desc":"","_seopress_robots_index":""},"product_brand":[],"product_cat":[35,42],"product_tag":[],"class_list":{"0":"post-5905","1":"product","2":"type-product","3":"status-publish","4":"has-post-thumbnail","6":"product_cat-induction-cooker","7":"product_cat-hot-pot-induction-cooker","9":"first","10":"instock","11":"shipping-taxable","12":"product-type-simple"},"acf":[],"_links":{"self":[{"href":"https:\/\/hpott.com\/tr\/wp-json\/wp\/v2\/product\/5905","targetHints":{"allow":["GET"]}}],"collection":[{"href":"https:\/\/hpott.com\/tr\/wp-json\/wp\/v2\/product"}],"about":[{"href":"https:\/\/hpott.com\/tr\/wp-json\/wp\/v2\/types\/product"}],"wp:featuredmedia":[{"embeddable":true,"href":"https:\/\/hpott.com\/tr\/wp-json\/wp\/v2\/media\/5908"}],"wp:attachment":[{"href":"https:\/\/hpott.com\/tr\/wp-json\/wp\/v2\/media?parent=5905"}],"wp:term":[{"taxonomy":"product_brand","embeddable":true,"href":"https:\/\/hpott.com\/tr\/wp-json\/wp\/v2\/product_brand?post=5905"},{"taxonomy":"product_cat","embeddable":true,"href":"https:\/\/hpott.com\/tr\/wp-json\/wp\/v2\/product_cat?post=5905"},{"taxonomy":"product_tag","embeddable":true,"href":"https:\/\/hpott.com\/tr\/wp-json\/wp\/v2\/product_tag?post=5905"}],"curies":[{"name":"wp","href":"https:\/\/api.w.org\/{rel}","templated":true}]}}