{"id":5945,"date":"2023-07-20T02:18:05","date_gmt":"2023-07-20T10:18:05","guid":{"rendered":"https:\/\/hpott.com\/?post_type=product&#038;p=5945"},"modified":"2023-12-04T22:01:49","modified_gmt":"2023-12-05T06:01:49","slug":"tedarikci-ozellestirme-dumansiz-restoran-masif-ahsap-sicak-tencere-masasi","status":"publish","type":"product","link":"https:\/\/hpott.com\/tr\/urun\/tedarikci-ozellestirme-dumansiz-restoran-masif-ahsap-sicak-tencere-masasi\/","title":{"rendered":"Ticari \u00d6zelle\u015ftirme Dumans\u0131z Restoran Masif Ah\u015fap S\u0131cak Tencere Masas\u0131"},"content":{"rendered":"<p><img loading=\"lazy\" decoding=\"async\" class=\"size-full wp-image-5955\" src=\"http:\/\/hpott.com\/wp-content\/uploads\/2023\/07\/Korean-bbq-table.webp\" alt=\"tedarik\u00e7i \u00f6zelle\u015ftirme dumans\u0131z restoran masif ah\u015fap s\u0131cak tencere masas\u0131\" width=\"750\" height=\"785\" srcset=\"https:\/\/hpott.com\/wp-content\/uploads\/2023\/07\/Korean-bbq-table.webp 750w, https:\/\/hpott.com\/wp-content\/uploads\/2023\/07\/Korean-bbq-table-287x300.webp 287w, https:\/\/hpott.com\/wp-content\/uploads\/2023\/07\/Korean-bbq-table-600x628.webp 600w, https:\/\/hpott.com\/wp-content\/uploads\/2023\/07\/Korean-bbq-table-64x67.webp 64w\" sizes=\"auto, (max-width: 750px) 100vw, 750px\" \/><\/p>\n<p><img loading=\"lazy\" decoding=\"async\" class=\"size-full wp-image-5956\" src=\"http:\/\/hpott.com\/wp-content\/uploads\/2023\/07\/Korean-bbq-table-1.webp\" alt=\"tedarik\u00e7i \u00f6zelle\u015ftirme dumans\u0131z restoran masif ah\u015fap s\u0131cak tencere masas\u0131\" width=\"750\" height=\"1792\" srcset=\"https:\/\/hpott.com\/wp-content\/uploads\/2023\/07\/Korean-bbq-table-1.webp 750w, https:\/\/hpott.com\/wp-content\/uploads\/2023\/07\/Korean-bbq-table-1-126x300.webp 126w, https:\/\/hpott.com\/wp-content\/uploads\/2023\/07\/Korean-bbq-table-1-429x1024.webp 429w, https:\/\/hpott.com\/wp-content\/uploads\/2023\/07\/Korean-bbq-table-1-643x1536.webp 643w, https:\/\/hpott.com\/wp-content\/uploads\/2023\/07\/Korean-bbq-table-1-600x1434.webp 600w, https:\/\/hpott.com\/wp-content\/uploads\/2023\/07\/Korean-bbq-table-1-64x153.webp 64w\" sizes=\"auto, (max-width: 750px) 100vw, 750px\" \/><\/p>","protected":false},"excerpt":{"rendered":"<p><strong>\u00dcr\u00fcn Kimli\u011fi\uff1a\u00a0<\/strong>HP-S16<\/p>\n<p>HPOTT profesyonel s\u0131cak tencere ekipman\u0131 ve Kore barbek\u00fc ekipman\u0131 \u00fcreticisi, fiyat teklifi i\u00e7in bize ula\u015f\u0131n.<\/p>","protected":false},"featured_media":5954,"template":"","meta":{"_acf_changed":false,"_seopress_robots_primary_cat":"none","_seopress_titles_title":"Commercial Smokeless Restaurant Solid Wood Hot Pot Table","_seopress_titles_desc":"HPOTT professional hot pot equipment manufacturer, Come see what we have to offer. We can support customization hot pot table.","_seopress_robots_index":""},"product_brand":[],"product_cat":[30,31],"product_tag":[],"class_list":{"0":"post-5945","1":"product","2":"type-product","3":"status-publish","4":"has-post-thumbnail","6":"product_cat-hot-pot-table","7":"product_cat-square-hot-pot-tables","9":"first","10":"instock","11":"shipping-taxable","12":"product-type-simple"},"acf":[],"_links":{"self":[{"href":"https:\/\/hpott.com\/tr\/wp-json\/wp\/v2\/product\/5945","targetHints":{"allow":["GET"]}}],"collection":[{"href":"https:\/\/hpott.com\/tr\/wp-json\/wp\/v2\/product"}],"about":[{"href":"https:\/\/hpott.com\/tr\/wp-json\/wp\/v2\/types\/product"}],"wp:featuredmedia":[{"embeddable":true,"href":"https:\/\/hpott.com\/tr\/wp-json\/wp\/v2\/media\/5954"}],"wp:attachment":[{"href":"https:\/\/hpott.com\/tr\/wp-json\/wp\/v2\/media?parent=5945"}],"wp:term":[{"taxonomy":"product_brand","embeddable":true,"href":"https:\/\/hpott.com\/tr\/wp-json\/wp\/v2\/product_brand?post=5945"},{"taxonomy":"product_cat","embeddable":true,"href":"https:\/\/hpott.com\/tr\/wp-json\/wp\/v2\/product_cat?post=5945"},{"taxonomy":"product_tag","embeddable":true,"href":"https:\/\/hpott.com\/tr\/wp-json\/wp\/v2\/product_tag?post=5945"}],"curies":[{"name":"wp","href":"https:\/\/api.w.org\/{rel}","templated":true}]}}