{"id":2503,"date":"2022-10-06T00:28:44","date_gmt":"2022-10-06T08:28:44","guid":{"rendered":"https:\/\/hpott.com\/?post_type=product&#038;p=2503"},"modified":"2023-06-28T01:16:05","modified_gmt":"2023-06-28T09:16:05","slug":"ban-lau-han-quoc-nha-hang-ban-lau-de-ban","status":"publish","type":"product","link":"https:\/\/hpott.com\/vi\/san-pham\/ban-lau-han-quoc-nha-hang-ban-lau-de-ban\/","title":{"rendered":"B\u00e0n L\u1ea9u H\u00e0n Qu\u1ed1c Nh\u00e0 H\u00e0ng B\u00e0n L\u1ea9u B\u00e1n"},"content":{"rendered":"<p>\u3010T\u00ean\u3011: B\u00e0n L\u1ea9u Tr\u00f2n<br \/>\n\u3010Xu\u1ea5t x\u1ee9\u3011: Qu\u1ea3ng \u0110\u00f4ng, Trung Qu\u1ed1c<br \/>\n\u3010K\u00edch th\u01b0\u1edbc\u3011: \u0110\u01b0\u1eddng k\u00ednh 1300mm 1400mm 1500mm 1600mm 1700mm (K\u00edch th\u01b0\u1edbc c\u00f3 th\u1ec3 t\u00f9y ch\u1ec9nh)<br \/>\n\u3010Ch\u1ea5t li\u1ec7u\u3011: M\u1eb7t b\u00e0n b\u1eb1ng \u0111\u00e1 c\u1ea9m th\u1ea1ch + \u0110\u1ebf b\u1eb1ng th\u00e9p s\u01a1n<br \/>\n\u3010M\u00e0u s\u1eafc\u3011: C\u00f3 s\u1eb5n theo y\u00eau c\u1ea7u<br \/>\n\u3010\u1ee8ng d\u1ee5ng\u3011: Nh\u00e0 h\u00e0ng l\u1ea9u, kh\u00e1ch s\u1ea1n, nh\u00e0 h\u00e0ng kh\u00e1c<br \/>\n\u3010T\u00ednh n\u0103ng\u3011<br \/>\n<strong>01<\/strong><br \/>\n<strong>V\u00f2ng trang tr\u00ed t\u00edch h\u1ee3p<\/strong><br \/>\nM\u00e1i che t\u1ea1o h\u00ecnh t\u00edch h\u1ee3p \u0111\u01b0\u1ee3c l\u00e0m b\u1eb1ng th\u00e9p kh\u00f4ng g\u1ec9 d\u00e0y, c\u1ea5u tr\u00fac t\u1ea1o h\u00ecnh t\u00edch h\u1ee3p li\u1ec1n m\u1ea1ch v\u00e0 v\u1ecb tr\u00ed k\u1eb9p ch\u1eb7t ch\u1ebd.<br \/>\n<strong>02<\/strong><br \/>\n<strong>Thanh l\u1ecdc kh\u00f4ng kh\u00f3i<\/strong><br \/>\nKh\u00f4ng c\u1ea7n l\u1eafp \u1ed1ng x\u1ea3 kh\u00f3i, s\u1eed d\u1ee5ng tr\u1ef1c ti\u1ebfp m\u00e1y l\u1ecdc kh\u00f4ng kh\u00f3i, ti\u1ebft ki\u1ec7m n\u0103ng l\u01b0\u1ee3ng v\u00e0 b\u1ea3o v\u1ec7 m\u00f4i tr\u01b0\u1eddng, th\u1eddi trang m\u1edbi l\u1ea1<br \/>\n<strong>03<\/strong><br \/>\n<strong>B\u00e0n l\u1ea9u kh\u00f4ng kh\u00f3i t\u00f9y ch\u1ec9nh<\/strong><br \/>\nCh\u1ecdn ch\u1ea5t li\u1ec7u cao c\u1ea5p, t\u1ea1o n\u00ean phong c\u00e1ch Trung Hoa gi\u1ea3n d\u1ecb hi\u1ec7n \u0111\u1ea1i, \u1ea5m \u00e1p, thi\u1ebft th\u1ef1c, \u0111\u01a1n gi\u1ea3n v\u00e0 ph\u00f3ng kho\u00e1ng<br \/>\n<strong>04<\/strong><br \/>\n<strong>Ch\u00e2n \u0111\u1ebf b\u1eb1ng th\u00e9p kh\u00f4ng g\u1ec9<\/strong><br \/>\nB\u00e0n l\u1ea9u \u0111\u01b0\u1ee3c thi\u1ebft k\u1ebf ch\u1eafc ch\u1eafn v\u00e0 \u1ed5n \u0111\u1ecbnh, kh\u00f4ng b\u1ecb rung l\u1eafc, gi\u00fap b\u1ea1n th\u01b0\u1edfng th\u1ee9c b\u1eefa \u0103n tho\u1ea3i m\u00e1i h\u01a1n.<\/p>\n<p><img loading=\"lazy\" decoding=\"async\" class=\"wp-image-5821 size-full\" src=\"http:\/\/hpott.com\/wp-content\/uploads\/2022\/10\/1.webp\" alt=\"b\u00e0n l\u1ea9u h\u00e0n qu\u1ed1c nh\u00e0 h\u00e0ng b\u00e0n l\u1ea9u \u0111\u1ec3 b\u00e1n\" width=\"750\" height=\"2408\" srcset=\"https:\/\/hpott.com\/wp-content\/uploads\/2022\/10\/1.webp 750w, https:\/\/hpott.com\/wp-content\/uploads\/2022\/10\/1-93x300.webp 93w, https:\/\/hpott.com\/wp-content\/uploads\/2022\/10\/1-319x1024.webp 319w, https:\/\/hpott.com\/wp-content\/uploads\/2022\/10\/1-478x1536.webp 478w, https:\/\/hpott.com\/wp-content\/uploads\/2022\/10\/1-638x2048.webp 638w, https:\/\/hpott.com\/wp-content\/uploads\/2022\/10\/1-600x1926.webp 600w, https:\/\/hpott.com\/wp-content\/uploads\/2022\/10\/1-64x205.webp 64w\" sizes=\"auto, (max-width: 750px) 100vw, 750px\" \/><\/p>\n<figure id=\"attachment_5822\" aria-describedby=\"caption-attachment-5822\" style=\"width: 750px\" class=\"wp-caption aligncenter\"><img loading=\"lazy\" decoding=\"async\" class=\"wp-image-5822 size-full\" src=\"http:\/\/hpott.com\/wp-content\/uploads\/2022\/10\/2.webp\" alt=\"b\u00e0n l\u1ea9u h\u00e0n qu\u1ed1c nh\u00e0 h\u00e0ng b\u00e0n l\u1ea9u \u0111\u1ec3 b\u00e1n\" width=\"750\" height=\"1896\" srcset=\"https:\/\/hpott.com\/wp-content\/uploads\/2022\/10\/2.webp 750w, https:\/\/hpott.com\/wp-content\/uploads\/2022\/10\/2-119x300.webp 119w, https:\/\/hpott.com\/wp-content\/uploads\/2022\/10\/2-405x1024.webp 405w, https:\/\/hpott.com\/wp-content\/uploads\/2022\/10\/2-608x1536.webp 608w, https:\/\/hpott.com\/wp-content\/uploads\/2022\/10\/2-600x1517.webp 600w, https:\/\/hpott.com\/wp-content\/uploads\/2022\/10\/2-64x162.webp 64w\" sizes=\"auto, (max-width: 750px) 100vw, 750px\" \/><figcaption id=\"caption-attachment-5822\" class=\"wp-caption-text\">b\u00e0n l\u1ea9u h\u00e0n qu\u1ed1c nh\u00e0 h\u00e0ng b\u00e0n l\u1ea9u \u0111\u1ec3 b\u00e1n<\/figcaption><\/figure>","protected":false},"excerpt":{"rendered":"<p><strong>M\u00e3 s\u1ea3n ph\u1ea9m\uff1a<\/strong>HP-R01<\/p>\n<p>Nh\u00e0 h\u00e0ng l\u1ea9u 4 ng\u01b0\u1eddi b\u1eb1ng \u0111\u00e1 c\u1ea9m th\u1ea1ch th\u00f4ng minh kh\u00f4ng kh\u00f3i c\u00f3 m\u00e1y l\u1ecdc kh\u00f3i d\u01b0\u1edbi b\u00e0n \u0103n l\u1ea9u<\/p>","protected":false},"featured_media":5107,"template":"","meta":{"_acf_changed":false,"_seopress_robots_primary_cat":"none","_seopress_titles_title":"","_seopress_titles_desc":"","_seopress_robots_index":""},"product_brand":[],"product_cat":[30,32],"product_tag":[],"class_list":{"0":"post-2503","1":"product","2":"type-product","3":"status-publish","4":"has-post-thumbnail","6":"product_cat-hot-pot-table","7":"product_cat-round-hot-pot-tables","9":"first","10":"instock","11":"shipping-taxable","12":"product-type-simple"},"acf":[],"_links":{"self":[{"href":"https:\/\/hpott.com\/vi\/wp-json\/wp\/v2\/product\/2503","targetHints":{"allow":["GET"]}}],"collection":[{"href":"https:\/\/hpott.com\/vi\/wp-json\/wp\/v2\/product"}],"about":[{"href":"https:\/\/hpott.com\/vi\/wp-json\/wp\/v2\/types\/product"}],"wp:featuredmedia":[{"embeddable":true,"href":"https:\/\/hpott.com\/vi\/wp-json\/wp\/v2\/media\/5107"}],"wp:attachment":[{"href":"https:\/\/hpott.com\/vi\/wp-json\/wp\/v2\/media?parent=2503"}],"wp:term":[{"taxonomy":"product_brand","embeddable":true,"href":"https:\/\/hpott.com\/vi\/wp-json\/wp\/v2\/product_brand?post=2503"},{"taxonomy":"product_cat","embeddable":true,"href":"https:\/\/hpott.com\/vi\/wp-json\/wp\/v2\/product_cat?post=2503"},{"taxonomy":"product_tag","embeddable":true,"href":"https:\/\/hpott.com\/vi\/wp-json\/wp\/v2\/product_tag?post=2503"}],"curies":[{"name":"wp","href":"https:\/\/api.w.org\/{rel}","templated":true}]}}