{"id":2504,"date":"2022-10-06T00:28:53","date_gmt":"2022-10-06T08:28:53","guid":{"rendered":"https:\/\/hpott.com\/?post_type=product&#038;p=2504"},"modified":"2023-12-04T19:43:45","modified_gmt":"2023-12-05T03:43:45","slug":"ban-shabu-shabu-de-ban","status":"publish","type":"product","link":"https:\/\/hpott.com\/vi\/san-pham\/ban-shabu-shabu-de-ban\/","title":{"rendered":"B\u00e1n b\u00e0n gh\u1ebf l\u1ea9u Shabu Shabu thi\u1ebft k\u1ebf Trung Qu\u1ed1c"},"content":{"rendered":"<p>\u3010T\u00ean\u3011<strong>: <\/strong>B\u00e0n Shabu Shabu<br \/>\n\u3010Ngu\u1ed3n g\u1ed1c\u3011<strong>: <\/strong>Qu\u1ea3ng \u0110\u00f4ng, Trung Qu\u1ed1c<br \/>\n\u3010K\u00edch th\u01b0\u1edbc m\u1eb7t b\u00e0n\u3011<strong>: <\/strong>1000X800mm,1300X900mm,1600X900mm,1800X1000mm (<span style=\"color: #ff0000;\">K\u00edch th\u01b0\u1edbc c\u00f3 th\u1ec3 t\u00f9y ch\u1ec9nh<\/span>)<br \/>\n\u3010V\u1eadt li\u1ec7u\u3011<strong>: <\/strong>M\u1eb7t b\u00e0n b\u1eb1ng th\u00e9p kh\u00f4ng g\u1ec9 b\u1ecdc k\u00ednh + ch\u00e2n \u0111\u1ebf b\u1eb1ng th\u00e9p kh\u00f4ng g\u1ec9 in<br \/>\n\u3010M\u00e0u s\u1eafc\u3011<strong>: <\/strong>C\u00f3 s\u1eb5n theo y\u00eau c\u1ea7u<br \/>\n\u3010\u1ee8ng d\u1ee5ng\u3011<strong>: <\/strong>Nh\u00e0 h\u00e0ng l\u1ea9u, kh\u00e1ch s\u1ea1n, nh\u00e0 h\u00e0ng kh\u00e1c<br \/>\n\u3010T\u00ednh n\u0103ng\u3011<br \/>\n01<br \/>\nV\u00f2ng trang tr\u00ed t\u00edch h\u1ee3p<br \/>\nM\u00e1i che t\u1ea1o h\u00ecnh t\u00edch h\u1ee3p \u0111\u01b0\u1ee3c l\u00e0m b\u1eb1ng th\u00e9p kh\u00f4ng g\u1ec9 d\u00e0y, c\u1ea5u tr\u00fac t\u1ea1o h\u00ecnh t\u00edch h\u1ee3p li\u1ec1n m\u1ea1ch v\u00e0 v\u1ecb tr\u00ed k\u1eb9p ch\u1eb7t ch\u1ebd.<br \/>\n02<br \/>\nThanh l\u1ecdc kh\u00f4ng kh\u00f3i<br \/>\nKh\u00f4ng c\u1ea7n l\u1eafp \u1ed1ng x\u1ea3 kh\u00f3i, s\u1eed d\u1ee5ng tr\u1ef1c ti\u1ebfp m\u00e1y l\u1ecdc kh\u00f4ng kh\u00f3i, ti\u1ebft ki\u1ec7m n\u0103ng l\u01b0\u1ee3ng, b\u1ea3o v\u1ec7 m\u00f4i tr\u01b0\u1eddng, th\u1eddi trang m\u1edbi l\u1ea1<br \/>\n03<br \/>\nB\u00e0n l\u1ea9u kh\u00f4ng kh\u00f3i t\u00f9y ch\u1ec9nh<br \/>\nCh\u1ecdn ch\u1ea5t li\u1ec7u cao c\u1ea5p, t\u1ea1o n\u00ean phong c\u00e1ch Trung Hoa gi\u1ea3n d\u1ecb hi\u1ec7n \u0111\u1ea1i, \u1ea5m \u00e1p, thi\u1ebft th\u1ef1c, \u0111\u01a1n gi\u1ea3n v\u00e0 ph\u00f3ng kho\u00e1ng<br \/>\n04<br \/>\nCh\u00e2n \u0111\u1ebf b\u1eb1ng th\u00e9p kh\u00f4ng g\u1ec9<br \/>\nB\u00e0n l\u1ea9u \u0111\u01b0\u1ee3c thi\u1ebft k\u1ebf ch\u1eafc ch\u1eafn v\u00e0 \u1ed5n \u0111\u1ecbnh, kh\u00f4ng b\u1ecb rung l\u1eafc, gi\u00fap b\u1ea1n th\u01b0\u1edfng th\u1ee9c b\u1eefa \u0103n d\u1ec5 d\u00e0ng h\u01a1n.<\/p>\n<p><img loading=\"lazy\" decoding=\"async\" class=\"wp-image-5520 size-full\" src=\"http:\/\/hpott.com\/wp-content\/uploads\/2022\/10\/shabu-shabu-table-1.webp\" alt=\"b\u00e0n shabu shabu \u0111\u1ec3 b\u00e1n b\u00e0n l\u1ea9u mini\" width=\"750\" height=\"1397\" srcset=\"https:\/\/hpott.com\/wp-content\/uploads\/2022\/10\/shabu-shabu-table-1.webp 750w, https:\/\/hpott.com\/wp-content\/uploads\/2022\/10\/shabu-shabu-table-1-161x300.webp 161w, https:\/\/hpott.com\/wp-content\/uploads\/2022\/10\/shabu-shabu-table-1-550x1024.webp 550w, https:\/\/hpott.com\/wp-content\/uploads\/2022\/10\/shabu-shabu-table-1-600x1118.webp 600w, https:\/\/hpott.com\/wp-content\/uploads\/2022\/10\/shabu-shabu-table-1-64x119.webp 64w\" sizes=\"auto, (max-width: 750px) 100vw, 750px\" \/><\/p>\n<p><img loading=\"lazy\" decoding=\"async\" class=\"wp-image-5521 size-full\" src=\"http:\/\/hpott.com\/wp-content\/uploads\/2022\/10\/shabu-shabu-table-4.webp\" alt=\"b\u00e0n shabu shabu \u0111\u1ec3 b\u00e1n b\u00e0n l\u1ea9u mini\" width=\"750\" height=\"800\" srcset=\"https:\/\/hpott.com\/wp-content\/uploads\/2022\/10\/shabu-shabu-table-4.webp 750w, https:\/\/hpott.com\/wp-content\/uploads\/2022\/10\/shabu-shabu-table-4-281x300.webp 281w, https:\/\/hpott.com\/wp-content\/uploads\/2022\/10\/shabu-shabu-table-4-600x640.webp 600w, https:\/\/hpott.com\/wp-content\/uploads\/2022\/10\/shabu-shabu-table-4-64x68.webp 64w\" sizes=\"auto, (max-width: 750px) 100vw, 750px\" \/><\/p>\n<p><img loading=\"lazy\" decoding=\"async\" class=\"wp-image-5522 size-full\" src=\"http:\/\/hpott.com\/wp-content\/uploads\/2022\/10\/shabu-shabu-table-5.webp\" alt=\"b\u00e0n shabu shabu Trung Qu\u1ed1c \u0111\u1ec3 b\u00e1n b\u00e0n l\u1ea9u mini\" width=\"750\" height=\"380\" srcset=\"https:\/\/hpott.com\/wp-content\/uploads\/2022\/10\/shabu-shabu-table-5.webp 750w, https:\/\/hpott.com\/wp-content\/uploads\/2022\/10\/shabu-shabu-table-5-300x152.webp 300w, https:\/\/hpott.com\/wp-content\/uploads\/2022\/10\/shabu-shabu-table-5-600x304.webp 600w, https:\/\/hpott.com\/wp-content\/uploads\/2022\/10\/shabu-shabu-table-5-64x32.webp 64w\" sizes=\"auto, (max-width: 750px) 100vw, 750px\" \/><\/p>\n<p><img loading=\"lazy\" decoding=\"async\" class=\"alignnone wp-image-5523 size-full\" src=\"http:\/\/hpott.com\/wp-content\/uploads\/2022\/10\/shabu-shabu-table-6.webp\" alt=\"b\u00e0n shabu shabu Trung Qu\u1ed1c \u0111\u1ec3 b\u00e1n b\u00e0n l\u1ea9u mini\" width=\"750\" height=\"380\" srcset=\"https:\/\/hpott.com\/wp-content\/uploads\/2022\/10\/shabu-shabu-table-6.webp 750w, https:\/\/hpott.com\/wp-content\/uploads\/2022\/10\/shabu-shabu-table-6-300x152.webp 300w, https:\/\/hpott.com\/wp-content\/uploads\/2022\/10\/shabu-shabu-table-6-600x304.webp 600w, https:\/\/hpott.com\/wp-content\/uploads\/2022\/10\/shabu-shabu-table-6-64x32.webp 64w\" sizes=\"auto, (max-width: 750px) 100vw, 750px\" \/><\/p>\n<p>&nbsp;<\/p>\n<p>&nbsp;<\/p>","protected":false},"excerpt":{"rendered":"<p><strong>M\u00e3 s\u1ea3n ph\u1ea9m\uff1a <\/strong>HP-C16<\/p>\n<p>b\u1ebfp t\u1eeb \u00e2m b\u00e0n l\u1ea9u nh\u1ecf nh\u00e0 h\u00e0ng th\u01b0\u01a1ng m\u1ea1i v\u00e0 m\u1ed9t l\u00f2 n\u01b0\u1edbng \u1edf gi\u1eefa.<\/p>","protected":false},"featured_media":5517,"template":"","meta":{"_acf_changed":false,"_seopress_robots_primary_cat":"none","_seopress_titles_title":"China Design Shabu Shabu Hot Pot Table For Sale | HPOTT","_seopress_titles_desc":"Shabu shabu table design by HPOTT, serving 1000+ restaurants worldwide. Welcome business inquiries. Support personalization.","_seopress_robots_index":""},"product_brand":[],"product_cat":[30,31],"product_tag":[],"class_list":{"0":"post-2504","1":"product","2":"type-product","3":"status-publish","4":"has-post-thumbnail","6":"product_cat-hot-pot-table","7":"product_cat-square-hot-pot-tables","9":"first","10":"instock","11":"shipping-taxable","12":"product-type-simple"},"acf":[],"_links":{"self":[{"href":"https:\/\/hpott.com\/vi\/wp-json\/wp\/v2\/product\/2504","targetHints":{"allow":["GET"]}}],"collection":[{"href":"https:\/\/hpott.com\/vi\/wp-json\/wp\/v2\/product"}],"about":[{"href":"https:\/\/hpott.com\/vi\/wp-json\/wp\/v2\/types\/product"}],"wp:featuredmedia":[{"embeddable":true,"href":"https:\/\/hpott.com\/vi\/wp-json\/wp\/v2\/media\/5517"}],"wp:attachment":[{"href":"https:\/\/hpott.com\/vi\/wp-json\/wp\/v2\/media?parent=2504"}],"wp:term":[{"taxonomy":"product_brand","embeddable":true,"href":"https:\/\/hpott.com\/vi\/wp-json\/wp\/v2\/product_brand?post=2504"},{"taxonomy":"product_cat","embeddable":true,"href":"https:\/\/hpott.com\/vi\/wp-json\/wp\/v2\/product_cat?post=2504"},{"taxonomy":"product_tag","embeddable":true,"href":"https:\/\/hpott.com\/vi\/wp-json\/wp\/v2\/product_tag?post=2504"}],"curies":[{"name":"wp","href":"https:\/\/api.w.org\/{rel}","templated":true}]}}