{"id":2509,"date":"2022-10-05T00:31:59","date_gmt":"2022-10-05T08:31:59","guid":{"rendered":"https:\/\/hpott.com\/?post_type=product&#038;p=2509"},"modified":"2023-11-01T01:02:19","modified_gmt":"2023-11-01T09:02:19","slug":"ban-lau","status":"publish","type":"product","link":"https:\/\/hpott.com\/vi\/san-pham\/ban-lau\/","title":{"rendered":"B\u00e0n l\u1ea9u nh\u00e0 h\u00e0ng B\u00e0n l\u1ea9u c\u1ea3m \u1ee9ng"},"content":{"rendered":"<p>\u3010T\u00ean\u3011<strong>: <\/strong>B\u00e0n l\u1ea9u<br \/>\n\u3010Ngu\u1ed3n g\u1ed1c\u3011<strong>: <\/strong>Qu\u1ea3ng \u0110\u00f4ng, Trung Qu\u1ed1c<br \/>\n\u3010K\u00edch c\u1ee1\u3011<strong>: <\/strong>1300X900X760mm <strong>(K\u00edch th\u01b0\u1edbc c\u00f3 th\u1ec3 t\u00f9y ch\u1ec9nh)<\/strong><br \/>\n\u3010V\u1eadt li\u1ec7u\u3011<strong>: <\/strong>M\u1eb7t b\u00e0n b\u1eb1ng \u0111\u00e1 phi\u1ebfn + ch\u00e2n \u0111\u1ebf s\u01a1n s\u1eaft<strong>(V\u1eadt li\u1ec7u c\u00f3 th\u1ec3 t\u00f9y ch\u1ec9nh)<\/strong><br \/>\n\u3010M\u00e0u s\u1eafc\u3011<strong>: <\/strong>C\u00f3 s\u1eb5n theo y\u00eau c\u1ea7u<br \/>\n\u3010\u1ee8ng d\u1ee5ng\u3011<strong>: <\/strong>Nh\u00e0 h\u00e0ng l\u1ea9u, kh\u00e1ch s\u1ea1n, nh\u00e0 h\u00e0ng buffet kh\u00e1c<\/p>\n<p><img loading=\"lazy\" decoding=\"async\" class=\"size-full wp-image-5812\" src=\"http:\/\/hpott.com\/wp-content\/uploads\/2022\/10\/custom-hotpot-table.webp\" alt=\"b\u00e0n l\u1ea9u nh\u00e0 h\u00e0ng b\u00e0n l\u1ea9u c\u1ea3m \u1ee9ng\" width=\"750\" height=\"1348\" srcset=\"https:\/\/hpott.com\/wp-content\/uploads\/2022\/10\/custom-hotpot-table.webp 750w, https:\/\/hpott.com\/wp-content\/uploads\/2022\/10\/custom-hotpot-table-167x300.webp 167w, https:\/\/hpott.com\/wp-content\/uploads\/2022\/10\/custom-hotpot-table-570x1024.webp 570w, https:\/\/hpott.com\/wp-content\/uploads\/2022\/10\/custom-hotpot-table-600x1078.webp 600w, https:\/\/hpott.com\/wp-content\/uploads\/2022\/10\/custom-hotpot-table-64x115.webp 64w\" sizes=\"auto, (max-width: 750px) 100vw, 750px\" \/><\/p>\n<p><img loading=\"lazy\" decoding=\"async\" class=\"size-full wp-image-5813\" src=\"http:\/\/hpott.com\/wp-content\/uploads\/2022\/10\/custom-hotpot-table-1.webp\" alt=\"b\u00e0n l\u1ea9u nh\u00e0 h\u00e0ng b\u00e0n l\u1ea9u c\u1ea3m \u1ee9ng\" width=\"750\" height=\"1726\" srcset=\"https:\/\/hpott.com\/wp-content\/uploads\/2022\/10\/custom-hotpot-table-1.webp 750w, https:\/\/hpott.com\/wp-content\/uploads\/2022\/10\/custom-hotpot-table-1-130x300.webp 130w, https:\/\/hpott.com\/wp-content\/uploads\/2022\/10\/custom-hotpot-table-1-445x1024.webp 445w, https:\/\/hpott.com\/wp-content\/uploads\/2022\/10\/custom-hotpot-table-1-667x1536.webp 667w, https:\/\/hpott.com\/wp-content\/uploads\/2022\/10\/custom-hotpot-table-1-600x1381.webp 600w, https:\/\/hpott.com\/wp-content\/uploads\/2022\/10\/custom-hotpot-table-1-64x147.webp 64w\" sizes=\"auto, (max-width: 750px) 100vw, 750px\" \/><\/p>\n<p>&nbsp;<\/p>","protected":false},"excerpt":{"rendered":"<p><strong>M\u00e3 s\u1ea3n ph\u1ea9m<\/strong>: HP-S03<\/p>\n<p>B\u00e0n l\u1ea9u t\u00f9y ch\u1ec9nh theo y\u00eau c\u1ea7u c\u1ee7a kh\u00e1ch h\u00e0ng, m\u00e0u s\u1eafc v\u00e0 k\u00edch th\u01b0\u1edbc c\u00f3 th\u1ec3 t\u00f9y ch\u1ec9nh theo ho\u00e0n c\u1ea3nh c\u1ee5 th\u1ec3<\/p>","protected":false},"featured_media":5114,"template":"","meta":{"_acf_changed":false,"_seopress_robots_primary_cat":"none","_seopress_titles_title":"","_seopress_titles_desc":"","_seopress_robots_index":""},"product_brand":[],"product_cat":[30,31],"product_tag":[],"class_list":{"0":"post-2509","1":"product","2":"type-product","3":"status-publish","4":"has-post-thumbnail","6":"product_cat-hot-pot-table","7":"product_cat-square-hot-pot-tables","9":"first","10":"instock","11":"shipping-taxable","12":"product-type-simple"},"acf":[],"_links":{"self":[{"href":"https:\/\/hpott.com\/vi\/wp-json\/wp\/v2\/product\/2509","targetHints":{"allow":["GET"]}}],"collection":[{"href":"https:\/\/hpott.com\/vi\/wp-json\/wp\/v2\/product"}],"about":[{"href":"https:\/\/hpott.com\/vi\/wp-json\/wp\/v2\/types\/product"}],"wp:featuredmedia":[{"embeddable":true,"href":"https:\/\/hpott.com\/vi\/wp-json\/wp\/v2\/media\/5114"}],"wp:attachment":[{"href":"https:\/\/hpott.com\/vi\/wp-json\/wp\/v2\/media?parent=2509"}],"wp:term":[{"taxonomy":"product_brand","embeddable":true,"href":"https:\/\/hpott.com\/vi\/wp-json\/wp\/v2\/product_brand?post=2509"},{"taxonomy":"product_cat","embeddable":true,"href":"https:\/\/hpott.com\/vi\/wp-json\/wp\/v2\/product_cat?post=2509"},{"taxonomy":"product_tag","embeddable":true,"href":"https:\/\/hpott.com\/vi\/wp-json\/wp\/v2\/product_tag?post=2509"}],"curies":[{"name":"wp","href":"https:\/\/api.w.org\/{rel}","templated":true}]}}