{"id":3621,"date":"2022-10-21T02:37:27","date_gmt":"2022-10-21T10:37:27","guid":{"rendered":"https:\/\/hpott.com\/?post_type=product&#038;p=3621"},"modified":"2023-06-26T01:44:42","modified_gmt":"2023-06-26T09:44:42","slug":"ban-buon-ban-lau-xay-dung-cho-nha-hang","status":"publish","type":"product","link":"https:\/\/hpott.com\/vi\/san-pham\/ban-buon-ban-lau-xay-dung-cho-nha-hang\/","title":{"rendered":"B\u00e1n bu\u00f4n B\u00e0n L\u1ea9u Kh\u00f4ng Kh\u00f3i X\u00e2y D\u1ef1ng Cho Nh\u00e0 H\u00e0ng"},"content":{"rendered":"<p><img loading=\"lazy\" decoding=\"async\" class=\"size-full wp-image-5735\" src=\"http:\/\/hpott.com\/wp-content\/uploads\/2022\/10\/round-hot-pot-table.webp\" alt=\"b\u00e1n bu\u00f4n b\u00e0n l\u1ea9u x\u00e2y d\u1ef1ng cho nh\u00e0 h\u00e0ng\" width=\"750\" height=\"1141\" srcset=\"https:\/\/hpott.com\/wp-content\/uploads\/2022\/10\/round-hot-pot-table.webp 750w, https:\/\/hpott.com\/wp-content\/uploads\/2022\/10\/round-hot-pot-table-197x300.webp 197w, https:\/\/hpott.com\/wp-content\/uploads\/2022\/10\/round-hot-pot-table-673x1024.webp 673w, https:\/\/hpott.com\/wp-content\/uploads\/2022\/10\/round-hot-pot-table-600x913.webp 600w, https:\/\/hpott.com\/wp-content\/uploads\/2022\/10\/round-hot-pot-table-64x97.webp 64w\" sizes=\"auto, (max-width: 750px) 100vw, 750px\" \/><\/p>\n<p><img loading=\"lazy\" decoding=\"async\" class=\"size-full wp-image-5736\" src=\"http:\/\/hpott.com\/wp-content\/uploads\/2022\/10\/round-hot-pot-table-2.webp\" alt=\"b\u00e1n bu\u00f4n b\u00e0n l\u1ea9u x\u00e2y d\u1ef1ng cho nh\u00e0 h\u00e0ng\" width=\"750\" height=\"1617\" srcset=\"https:\/\/hpott.com\/wp-content\/uploads\/2022\/10\/round-hot-pot-table-2.webp 750w, https:\/\/hpott.com\/wp-content\/uploads\/2022\/10\/round-hot-pot-table-2-139x300.webp 139w, https:\/\/hpott.com\/wp-content\/uploads\/2022\/10\/round-hot-pot-table-2-475x1024.webp 475w, https:\/\/hpott.com\/wp-content\/uploads\/2022\/10\/round-hot-pot-table-2-712x1536.webp 712w, https:\/\/hpott.com\/wp-content\/uploads\/2022\/10\/round-hot-pot-table-2-600x1294.webp 600w, https:\/\/hpott.com\/wp-content\/uploads\/2022\/10\/round-hot-pot-table-2-64x138.webp 64w\" sizes=\"auto, (max-width: 750px) 100vw, 750px\" \/><\/p>","protected":false},"excerpt":{"rendered":"<p><strong>M\u00e3 s\u1ea3n ph\u1ea9m<\/strong>: HP-R03<\/p>\n<p><strong>\u3010V\u1eadt li\u1ec7u\u3011<\/strong>\uff1at\u1ea5m \u0111\u00e1 b\u1ecdc th\u00e9p kh\u00f4ng g\u1ec9 + \u0111\u1ebf th\u00e9p kh\u00f4ng g\u1ec9 nung<\/p>\n<p><strong>\u3010T\u00ednh n\u0103ng\u3011<\/strong>\uff1a kh\u00f4ng kh\u00f3i, c\u00f4ng su\u1ea5t cao, b\u1ed9 s\u1ea1c USB t\u00f9y ch\u1ecdn, c\u00f4ng t\u1eafc b\u1eadt t\u1eaft<\/p>","protected":false},"featured_media":5097,"template":"","meta":{"_acf_changed":false,"_seopress_robots_primary_cat":"none","_seopress_titles_title":"","_seopress_titles_desc":"","_seopress_robots_index":""},"product_brand":[],"product_cat":[30,32],"product_tag":[],"class_list":{"0":"post-3621","1":"product","2":"type-product","3":"status-publish","4":"has-post-thumbnail","6":"product_cat-hot-pot-table","7":"product_cat-round-hot-pot-tables","9":"first","10":"instock","11":"shipping-taxable","12":"product-type-simple"},"acf":[],"_links":{"self":[{"href":"https:\/\/hpott.com\/vi\/wp-json\/wp\/v2\/product\/3621","targetHints":{"allow":["GET"]}}],"collection":[{"href":"https:\/\/hpott.com\/vi\/wp-json\/wp\/v2\/product"}],"about":[{"href":"https:\/\/hpott.com\/vi\/wp-json\/wp\/v2\/types\/product"}],"wp:featuredmedia":[{"embeddable":true,"href":"https:\/\/hpott.com\/vi\/wp-json\/wp\/v2\/media\/5097"}],"wp:attachment":[{"href":"https:\/\/hpott.com\/vi\/wp-json\/wp\/v2\/media?parent=3621"}],"wp:term":[{"taxonomy":"product_brand","embeddable":true,"href":"https:\/\/hpott.com\/vi\/wp-json\/wp\/v2\/product_brand?post=3621"},{"taxonomy":"product_cat","embeddable":true,"href":"https:\/\/hpott.com\/vi\/wp-json\/wp\/v2\/product_cat?post=3621"},{"taxonomy":"product_tag","embeddable":true,"href":"https:\/\/hpott.com\/vi\/wp-json\/wp\/v2\/product_tag?post=3621"}],"curies":[{"name":"wp","href":"https:\/\/api.w.org\/{rel}","templated":true}]}}