{"id":3625,"date":"2022-10-21T02:50:22","date_gmt":"2022-10-21T10:50:22","guid":{"rendered":"https:\/\/hpott.com\/?post_type=product&#038;p=3625"},"modified":"2023-06-15T01:25:56","modified_gmt":"2023-06-15T09:25:56","slug":"thiet-ke-ban-nuong-va-lau-han-quoc-khong-khoi-cho-muc-dich-thuong-mai","status":"publish","type":"product","link":"https:\/\/hpott.com\/vi\/san-pham\/thiet-ke-ban-nuong-va-lau-han-quoc-khong-khoi-cho-muc-dich-thuong-mai\/","title":{"rendered":"Thi\u1ebft k\u1ebf b\u00e0n n\u01b0\u1edbng BBQ v\u00e0 l\u1ea9u H\u00e0n Qu\u1ed1c kh\u00f4ng kh\u00f3i cho m\u1ee5c \u0111\u00edch th\u01b0\u01a1ng m\u1ea1i"},"content":{"rendered":"<p>K\u00edch th\u01b0\u1edbc s\u1ea3n ph\u1ea9m<strong>: <\/strong>1300X900X750\uff08k\u00edch th\u01b0\u1edbc c\u00f3 th\u1ec3 t\u00f9y ch\u1ec9nh\uff09<br \/>\nQuy\u1ec1n l\u1ef1c<strong>: <\/strong>B\u1ebfp t\u1eeb 2000w + l\u00f2 n\u01b0\u1edbng 2400w<br \/>\nK\u00edch th\u01b0\u1edbc l\u1ed7<strong>: <\/strong>705X335mm<\/p>\n<p>Ghi ch\u00fa<strong>: <\/strong>Ch\u1ea5t li\u1ec7u b\u00e0n, k\u00edch th\u01b0\u1edbc b\u00e0n, m\u00e0u s\u1eafc b\u00e0n, d\u1ee5ng c\u1ee5 n\u1ea5u l\u1ea9u theo y\u00eau c\u1ea7u c\u1ee7a b\u1ea1n<\/p>\n<p><img loading=\"lazy\" decoding=\"async\" class=\"size-full wp-image-5696\" src=\"http:\/\/hpott.com\/wp-content\/uploads\/2022\/10\/hotpot-grill-table.webp\" alt=\"thi\u1ebft k\u1ebf b\u00e0n n\u01b0\u1edbng v\u00e0 l\u1ea9u H\u00e0n Qu\u1ed1c kh\u00f4ng kh\u00f3i cho m\u1ee5c \u0111\u00edch th\u01b0\u01a1ng m\u1ea1i\" width=\"750\" height=\"2393\" srcset=\"https:\/\/hpott.com\/wp-content\/uploads\/2022\/10\/hotpot-grill-table.webp 750w, https:\/\/hpott.com\/wp-content\/uploads\/2022\/10\/hotpot-grill-table-94x300.webp 94w, https:\/\/hpott.com\/wp-content\/uploads\/2022\/10\/hotpot-grill-table-321x1024.webp 321w, https:\/\/hpott.com\/wp-content\/uploads\/2022\/10\/hotpot-grill-table-481x1536.webp 481w, https:\/\/hpott.com\/wp-content\/uploads\/2022\/10\/hotpot-grill-table-642x2048.webp 642w, https:\/\/hpott.com\/wp-content\/uploads\/2022\/10\/hotpot-grill-table-600x1914.webp 600w, https:\/\/hpott.com\/wp-content\/uploads\/2022\/10\/hotpot-grill-table-64x204.webp 64w\" sizes=\"auto, (max-width: 750px) 100vw, 750px\" \/><\/p>\n<p><img loading=\"lazy\" decoding=\"async\" class=\"size-full wp-image-5697\" src=\"http:\/\/hpott.com\/wp-content\/uploads\/2022\/10\/hotpot-grill-table-1.webp\" alt=\"thi\u1ebft k\u1ebf b\u00e0n n\u01b0\u1edbng v\u00e0 l\u1ea9u H\u00e0n Qu\u1ed1c kh\u00f4ng kh\u00f3i cho m\u1ee5c \u0111\u00edch th\u01b0\u01a1ng m\u1ea1i\" width=\"750\" height=\"2227\" srcset=\"https:\/\/hpott.com\/wp-content\/uploads\/2022\/10\/hotpot-grill-table-1.webp 750w, https:\/\/hpott.com\/wp-content\/uploads\/2022\/10\/hotpot-grill-table-1-101x300.webp 101w, https:\/\/hpott.com\/wp-content\/uploads\/2022\/10\/hotpot-grill-table-1-345x1024.webp 345w, https:\/\/hpott.com\/wp-content\/uploads\/2022\/10\/hotpot-grill-table-1-517x1536.webp 517w, https:\/\/hpott.com\/wp-content\/uploads\/2022\/10\/hotpot-grill-table-1-690x2048.webp 690w, https:\/\/hpott.com\/wp-content\/uploads\/2022\/10\/hotpot-grill-table-1-600x1782.webp 600w, https:\/\/hpott.com\/wp-content\/uploads\/2022\/10\/hotpot-grill-table-1-64x190.webp 64w\" sizes=\"auto, (max-width: 750px) 100vw, 750px\" \/><\/p>","protected":false},"excerpt":{"rendered":"<p><strong>M\u00e3 s\u1ea3n ph\u1ea9m<\/strong>: HP-C02<\/p>\n<p><strong>\u3010V\u1eadt li\u1ec7u\u3011<\/strong>\uff1a\u0111\u00e1 c\u1ea9m th\u1ea1ch b\u1ecdc th\u00e9p kh\u00f4ng g\u1ec9 + \u0111\u1ebf th\u00e9p kh\u00f4ng g\u1ec9 nung<\/p>\n<p><strong>\u3010T\u00ednh n\u0103ng\u3011<\/strong>\uff1a kh\u00f4ng kh\u00f3i, c\u00f4ng su\u1ea5t cao, b\u1ed9 s\u1ea1c USB t\u00f9y ch\u1ecdn, c\u00f4ng t\u1eafc t\u00edch h\u1ee3p, thi\u1ebft k\u1ebf 2 trong 1<\/p>","protected":false},"featured_media":5095,"template":"","meta":{"_acf_changed":false,"_seopress_robots_primary_cat":"none","_seopress_titles_title":"","_seopress_titles_desc":"","_seopress_robots_index":""},"product_brand":[],"product_cat":[40,30,33],"product_tag":[],"class_list":{"0":"post-3625","1":"product","2":"type-product","3":"status-publish","4":"has-post-thumbnail","6":"product_cat-korean-bbq-grill-table","7":"product_cat-hot-pot-table","8":"product_cat-hot-pot-and-bbq-table","10":"first","11":"instock","12":"shipping-taxable","13":"product-type-simple"},"acf":[],"_links":{"self":[{"href":"https:\/\/hpott.com\/vi\/wp-json\/wp\/v2\/product\/3625","targetHints":{"allow":["GET"]}}],"collection":[{"href":"https:\/\/hpott.com\/vi\/wp-json\/wp\/v2\/product"}],"about":[{"href":"https:\/\/hpott.com\/vi\/wp-json\/wp\/v2\/types\/product"}],"wp:featuredmedia":[{"embeddable":true,"href":"https:\/\/hpott.com\/vi\/wp-json\/wp\/v2\/media\/5095"}],"wp:attachment":[{"href":"https:\/\/hpott.com\/vi\/wp-json\/wp\/v2\/media?parent=3625"}],"wp:term":[{"taxonomy":"product_brand","embeddable":true,"href":"https:\/\/hpott.com\/vi\/wp-json\/wp\/v2\/product_brand?post=3625"},{"taxonomy":"product_cat","embeddable":true,"href":"https:\/\/hpott.com\/vi\/wp-json\/wp\/v2\/product_cat?post=3625"},{"taxonomy":"product_tag","embeddable":true,"href":"https:\/\/hpott.com\/vi\/wp-json\/wp\/v2\/product_tag?post=3625"}],"curies":[{"name":"wp","href":"https:\/\/api.w.org\/{rel}","templated":true}]}}