{"id":3890,"date":"2022-10-25T00:49:09","date_gmt":"2022-10-25T08:49:09","guid":{"rendered":"https:\/\/hpott.com\/?post_type=product&#038;p=3890"},"modified":"2023-06-15T01:25:25","modified_gmt":"2023-06-15T09:25:25","slug":"ban-nuong-samgyupsal-yakiniku","status":"publish","type":"product","link":"https:\/\/hpott.com\/vi\/san-pham\/ban-nuong-samgyupsal-yakiniku\/","title":{"rendered":"B\u00e0n n\u01b0\u1edbng BBQ ki\u1ec3u Nh\u1eadt Samgyupsal 4 ng\u01b0\u1eddi ki\u1ec3u Nh\u1eadt"},"content":{"rendered":"<p><strong>Ghi ch\u00fa: <\/strong><span style=\"color: #ff0000;\">Ch\u1ea5t li\u1ec7u b\u00e0n, k\u00edch th\u01b0\u1edbc b\u00e0n, m\u00e0u s\u1eafc b\u00e0n v\u00e0 thi\u1ebft b\u1ecb n\u01b0\u1edbng BBQ theo y\u00eau c\u1ea7u c\u1ee7a b\u1ea1n<\/span><\/p>\n<p><img loading=\"lazy\" decoding=\"async\" class=\"alignnone wp-image-5608 size-full\" src=\"http:\/\/hpott.com\/wp-content\/uploads\/2022\/10\/Korean-bbq-grill1.webp\" alt=\"b\u00e0n n\u01b0\u1edbng bbq samgyupsal yakiniku 4 ng\u01b0\u1eddi h\u00e0n qu\u1ed1c nh\u1eadt b\u1ea3n\" width=\"750\" height=\"750\" srcset=\"https:\/\/hpott.com\/wp-content\/uploads\/2022\/10\/Korean-bbq-grill1.webp 750w, https:\/\/hpott.com\/wp-content\/uploads\/2022\/10\/Korean-bbq-grill1-300x300.webp 300w, https:\/\/hpott.com\/wp-content\/uploads\/2022\/10\/Korean-bbq-grill1-150x150.webp 150w, https:\/\/hpott.com\/wp-content\/uploads\/2022\/10\/Korean-bbq-grill1-600x600.webp 600w, https:\/\/hpott.com\/wp-content\/uploads\/2022\/10\/Korean-bbq-grill1-100x100.webp 100w, https:\/\/hpott.com\/wp-content\/uploads\/2022\/10\/Korean-bbq-grill1-64x64.webp 64w\" sizes=\"auto, (max-width: 750px) 100vw, 750px\" \/><\/p>\n<p><img loading=\"lazy\" decoding=\"async\" class=\"alignnone wp-image-5610 size-full\" src=\"http:\/\/hpott.com\/wp-content\/uploads\/2022\/10\/yakiniku-grill.webp\" alt=\"b\u00e0n n\u01b0\u1edbng bbq samgyupsal yakiniku 4 ng\u01b0\u1eddi h\u00e0n qu\u1ed1c nh\u1eadt b\u1ea3n\" width=\"750\" height=\"750\" srcset=\"https:\/\/hpott.com\/wp-content\/uploads\/2022\/10\/yakiniku-grill.webp 750w, https:\/\/hpott.com\/wp-content\/uploads\/2022\/10\/yakiniku-grill-300x300.webp 300w, https:\/\/hpott.com\/wp-content\/uploads\/2022\/10\/yakiniku-grill-150x150.webp 150w, https:\/\/hpott.com\/wp-content\/uploads\/2022\/10\/yakiniku-grill-600x600.webp 600w, https:\/\/hpott.com\/wp-content\/uploads\/2022\/10\/yakiniku-grill-100x100.webp 100w, https:\/\/hpott.com\/wp-content\/uploads\/2022\/10\/yakiniku-grill-64x64.webp 64w\" sizes=\"auto, (max-width: 750px) 100vw, 750px\" \/><\/p>\n<p style=\"text-align: left;\"><strong>M\u00f4 t\u1ea3 s\u1ea3n ph\u1ea9m<\/strong><\/p>\n<p><img loading=\"lazy\" decoding=\"async\" class=\"wp-image-5572 size-full\" src=\"http:\/\/hpott.com\/wp-content\/uploads\/2023\/03\/610-Korean-BBQ-grill-2.webp\" alt=\"l\u00f2 n\u01b0\u1edbng \u0111i\u1ec7n h\u00e0n qu\u1ed1c cho nh\u00e0 h\u00e0ng\" width=\"750\" height=\"950\" srcset=\"https:\/\/hpott.com\/wp-content\/uploads\/2023\/03\/610-Korean-BBQ-grill-2.webp 750w, https:\/\/hpott.com\/wp-content\/uploads\/2023\/03\/610-Korean-BBQ-grill-2-237x300.webp 237w, https:\/\/hpott.com\/wp-content\/uploads\/2023\/03\/610-Korean-BBQ-grill-2-600x760.webp 600w, https:\/\/hpott.com\/wp-content\/uploads\/2023\/03\/610-Korean-BBQ-grill-2-64x81.webp 64w\" sizes=\"auto, (max-width: 750px) 100vw, 750px\" \/><\/p>\n<p><img loading=\"lazy\" decoding=\"async\" class=\"wp-image-5609 size-full\" src=\"http:\/\/hpott.com\/wp-content\/uploads\/2022\/10\/Korean-bbq-grill2.webp\" alt=\"b\u00e0n n\u01b0\u1edbng bbq samgyupsal yakiniku 4 ng\u01b0\u1eddi h\u00e0n qu\u1ed1c nh\u1eadt b\u1ea3n\" width=\"750\" height=\"750\" srcset=\"https:\/\/hpott.com\/wp-content\/uploads\/2022\/10\/Korean-bbq-grill2.webp 750w, https:\/\/hpott.com\/wp-content\/uploads\/2022\/10\/Korean-bbq-grill2-300x300.webp 300w, https:\/\/hpott.com\/wp-content\/uploads\/2022\/10\/Korean-bbq-grill2-150x150.webp 150w, https:\/\/hpott.com\/wp-content\/uploads\/2022\/10\/Korean-bbq-grill2-600x600.webp 600w, https:\/\/hpott.com\/wp-content\/uploads\/2022\/10\/Korean-bbq-grill2-100x100.webp 100w, https:\/\/hpott.com\/wp-content\/uploads\/2022\/10\/Korean-bbq-grill2-64x64.webp 64w\" sizes=\"auto, (max-width: 750px) 100vw, 750px\" \/><\/p>\n<p>&nbsp;<\/p>","protected":false},"excerpt":{"rendered":"<p><strong>M\u00e3 s\u1ea3n ph\u1ea9m<\/strong>: HP-SG01<\/p>\n<p><strong>\u3010V\u1eadt li\u1ec7u\u3011<\/strong>: t\u1ea5m \u0111\u00e1 kh\u1ea3m th\u00e9p kh\u00f4ng g\u1ec9 + \u0111\u1ebf th\u00e9p kh\u00f4ng g\u1ec9 nung<\/p>\n<p><strong>\u3010T\u00ednh n\u0103ng\u3011<\/strong>: kh\u00f4ng kh\u00f3i, c\u00f4ng su\u1ea5t cao, l\u01b0\u1edbi n\u01b0\u1edbng ho\u1eb7c khay n\u01b0\u1edbng t\u00f9y ch\u1ecdn<\/p>","protected":false},"featured_media":5120,"template":"","meta":{"_acf_changed":false,"_seopress_robots_primary_cat":"none","_seopress_titles_title":"Samgyupsal Yakiniku Korean Japanese BBQ Grill Table | HPOTT","_seopress_titles_desc":"Samgyupsal tables, yakiniku gas grill tables supplier matches your restaurant&#039;s needs and provides customized services, including table specification, etc.","_seopress_robots_index":""},"product_brand":[],"product_cat":[40],"product_tag":[],"class_list":{"0":"post-3890","1":"product","2":"type-product","3":"status-publish","4":"has-post-thumbnail","6":"product_cat-korean-bbq-grill-table","8":"first","9":"instock","10":"shipping-taxable","11":"product-type-simple"},"acf":[],"_links":{"self":[{"href":"https:\/\/hpott.com\/vi\/wp-json\/wp\/v2\/product\/3890","targetHints":{"allow":["GET"]}}],"collection":[{"href":"https:\/\/hpott.com\/vi\/wp-json\/wp\/v2\/product"}],"about":[{"href":"https:\/\/hpott.com\/vi\/wp-json\/wp\/v2\/types\/product"}],"wp:featuredmedia":[{"embeddable":true,"href":"https:\/\/hpott.com\/vi\/wp-json\/wp\/v2\/media\/5120"}],"wp:attachment":[{"href":"https:\/\/hpott.com\/vi\/wp-json\/wp\/v2\/media?parent=3890"}],"wp:term":[{"taxonomy":"product_brand","embeddable":true,"href":"https:\/\/hpott.com\/vi\/wp-json\/wp\/v2\/product_brand?post=3890"},{"taxonomy":"product_cat","embeddable":true,"href":"https:\/\/hpott.com\/vi\/wp-json\/wp\/v2\/product_cat?post=3890"},{"taxonomy":"product_tag","embeddable":true,"href":"https:\/\/hpott.com\/vi\/wp-json\/wp\/v2\/product_tag?post=3890"}],"curies":[{"name":"wp","href":"https:\/\/api.w.org\/{rel}","templated":true}]}}