{"id":3898,"date":"2022-10-25T01:41:06","date_gmt":"2022-10-25T09:41:06","guid":{"rendered":"https:\/\/hpott.com\/?post_type=product&#038;p=3898"},"modified":"2023-06-26T02:09:47","modified_gmt":"2023-06-26T10:09:47","slug":"ban-nuong-han-quoc-tuy-chinh-ban-nuong-han-quoc-nha-hang","status":"publish","type":"product","link":"https:\/\/hpott.com\/vi\/san-pham\/ban-nuong-han-quoc-tuy-chinh-ban-nuong-han-quoc-nha-hang\/","title":{"rendered":"Nh\u00e0 h\u00e0ng n\u01b0\u1edbng BBQ H\u00e0n Qu\u1ed1c theo y\u00eau c\u1ea7u"},"content":{"rendered":"<p><img loading=\"lazy\" decoding=\"async\" class=\"size-full wp-image-5712\" src=\"http:\/\/hpott.com\/wp-content\/uploads\/2022\/10\/yakiniku-grill-table-3.webp\" alt=\"nh\u00e0 h\u00e0ng b\u00e0n n\u01b0\u1edbng bbq h\u00e0n qu\u1ed1c t\u00f9y ch\u1ec9nh\" width=\"750\" height=\"1543\" srcset=\"https:\/\/hpott.com\/wp-content\/uploads\/2022\/10\/yakiniku-grill-table-3.webp 750w, https:\/\/hpott.com\/wp-content\/uploads\/2022\/10\/yakiniku-grill-table-3-146x300.webp 146w, https:\/\/hpott.com\/wp-content\/uploads\/2022\/10\/yakiniku-grill-table-3-498x1024.webp 498w, https:\/\/hpott.com\/wp-content\/uploads\/2022\/10\/yakiniku-grill-table-3-747x1536.webp 747w, https:\/\/hpott.com\/wp-content\/uploads\/2022\/10\/yakiniku-grill-table-3-600x1234.webp 600w, https:\/\/hpott.com\/wp-content\/uploads\/2022\/10\/yakiniku-grill-table-3-64x132.webp 64w\" sizes=\"auto, (max-width: 750px) 100vw, 750px\" \/><\/p>\n<p><img loading=\"lazy\" decoding=\"async\" class=\"size-full wp-image-5713\" src=\"http:\/\/hpott.com\/wp-content\/uploads\/2022\/10\/yakiniku-grill-table-4.webp\" alt=\"nh\u00e0 h\u00e0ng b\u00e0n n\u01b0\u1edbng bbq h\u00e0n qu\u1ed1c t\u00f9y ch\u1ec9nh\" width=\"750\" height=\"1542\" srcset=\"https:\/\/hpott.com\/wp-content\/uploads\/2022\/10\/yakiniku-grill-table-4.webp 750w, https:\/\/hpott.com\/wp-content\/uploads\/2022\/10\/yakiniku-grill-table-4-146x300.webp 146w, https:\/\/hpott.com\/wp-content\/uploads\/2022\/10\/yakiniku-grill-table-4-498x1024.webp 498w, https:\/\/hpott.com\/wp-content\/uploads\/2022\/10\/yakiniku-grill-table-4-747x1536.webp 747w, https:\/\/hpott.com\/wp-content\/uploads\/2022\/10\/yakiniku-grill-table-4-600x1234.webp 600w, https:\/\/hpott.com\/wp-content\/uploads\/2022\/10\/yakiniku-grill-table-4-64x132.webp 64w\" sizes=\"auto, (max-width: 750px) 100vw, 750px\" \/><\/p>\n<p>&nbsp;<\/p>\n<p>&nbsp;<\/p>\n<p>&nbsp;<\/p>","protected":false},"excerpt":{"rendered":"<p><strong>M\u00e3 s\u1ea3n ph\u1ea9m:<\/strong> HP-SG03<\/p>\n<p><strong>\u3010V\u1eadt li\u1ec7u\u3011:<\/strong>t\u1ea5m \u0111\u00e1 + \u0111\u1ebf th\u00e9p kh\u00f4ng g\u1ec9 v\u00e2n g\u1ed7<\/p>\n<p><strong>\u3010T\u00ednh n\u0103ng\u3011:<\/strong> kh\u00f4ng kh\u00f3i, c\u00f4ng su\u1ea5t cao, th\u1ea9m m\u1ef9, l\u01b0\u1edbi n\u01b0\u1edbng ho\u1eb7c ch\u1ea3o n\u01b0\u1edbng<\/p>\n<p><strong>Ghi ch\u00fa:<\/strong> Ch\u1ea5t li\u1ec7u b\u00e0n, k\u00edch th\u01b0\u1edbc b\u00e0n, m\u00e0u s\u1eafc b\u00e0n v\u00e0 thi\u1ebft b\u1ecb n\u01b0\u1edbng BBQ theo y\u00eau c\u1ea7u c\u1ee7a b\u1ea1n<\/p>","protected":false},"featured_media":5116,"template":"","meta":{"_acf_changed":false,"_seopress_robots_primary_cat":"none","_seopress_titles_title":"","_seopress_titles_desc":"","_seopress_robots_index":""},"product_brand":[],"product_cat":[40],"product_tag":[],"class_list":{"0":"post-3898","1":"product","2":"type-product","3":"status-publish","4":"has-post-thumbnail","6":"product_cat-korean-bbq-grill-table","8":"first","9":"instock","10":"shipping-taxable","11":"product-type-simple"},"acf":[],"_links":{"self":[{"href":"https:\/\/hpott.com\/vi\/wp-json\/wp\/v2\/product\/3898","targetHints":{"allow":["GET"]}}],"collection":[{"href":"https:\/\/hpott.com\/vi\/wp-json\/wp\/v2\/product"}],"about":[{"href":"https:\/\/hpott.com\/vi\/wp-json\/wp\/v2\/types\/product"}],"wp:featuredmedia":[{"embeddable":true,"href":"https:\/\/hpott.com\/vi\/wp-json\/wp\/v2\/media\/5116"}],"wp:attachment":[{"href":"https:\/\/hpott.com\/vi\/wp-json\/wp\/v2\/media?parent=3898"}],"wp:term":[{"taxonomy":"product_brand","embeddable":true,"href":"https:\/\/hpott.com\/vi\/wp-json\/wp\/v2\/product_brand?post=3898"},{"taxonomy":"product_cat","embeddable":true,"href":"https:\/\/hpott.com\/vi\/wp-json\/wp\/v2\/product_cat?post=3898"},{"taxonomy":"product_tag","embeddable":true,"href":"https:\/\/hpott.com\/vi\/wp-json\/wp\/v2\/product_tag?post=3898"}],"curies":[{"name":"wp","href":"https:\/\/api.w.org\/{rel}","templated":true}]}}