{"id":3913,"date":"2022-10-25T17:45:45","date_gmt":"2022-10-26T01:45:45","guid":{"rendered":"https:\/\/hpott.com\/?post_type=product&#038;p=3913"},"modified":"2023-06-15T01:20:31","modified_gmt":"2023-06-15T09:20:31","slug":"ban-nuong-bbq-han-quoc-ban-an-bbq-han-quoc","status":"publish","type":"product","link":"https:\/\/hpott.com\/vi\/san-pham\/ban-nuong-bbq-han-quoc-ban-an-bbq-han-quoc\/","title":{"rendered":"B\u00e0n n\u01b0\u1edbng BBQ H\u00e0n Qu\u1ed1c c\u00f3 b\u00e0n n\u01b0\u1edbng B\u00e0n \u0103n BBQ H\u00e0n Qu\u1ed1c"},"content":{"rendered":"<p>\u3010T\u00ean\u3011: B\u00e0n n\u01b0\u1edbng l\u1ea9u<br \/>\n\u3010Xu\u1ea5t x\u1ee9\u3011: Qu\u1ea3ng \u0110\u00f4ng, Trung Qu\u1ed1c<br \/>\n\u3010K\u00edch th\u01b0\u1edbc\u3011: 1300X900X760mm (K\u00edch th\u01b0\u1edbc c\u00f3 th\u1ec3 t\u00f9y ch\u1ec9nh)<br \/>\n\u3010Ch\u1ea5t li\u1ec7u\u3011: M\u1eb7t b\u00e0n b\u1eb1ng \u0111\u00e1 c\u1ea9m th\u1ea1ch + ch\u00e2n \u0111\u1ebf b\u1eb1ng th\u00e9p kh\u00f4ng g\u1ec9 (Ch\u1ea5t li\u1ec7u c\u00f3 th\u1ec3 t\u00f9y ch\u1ec9nh)<br \/>\n\u3010M\u00e0u s\u1eafc\u3011: C\u00f3 s\u1eb5n theo y\u00eau c\u1ea7u<br \/>\n\u3010\u1ee8ng d\u1ee5ng\u3011: Nh\u00e0 h\u00e0ng l\u1ea9u, kh\u00e1ch s\u1ea1n, nh\u00e0 h\u00e0ng kh\u00e1c<\/p>\n<p>\u3010\u0110\u1eb7c \u0111i\u1ec3m\u3011: C\u00f3 th\u1ec3 th\u1ef1c hi\u1ec7n ba lo\u1ea1i h\u00fat kh\u00f3i<\/p>\n<p>&nbsp;<\/p>","protected":false},"excerpt":{"rendered":"<p><strong>M\u00e3 s\u1ea3n ph\u1ea9m\uff1a HP-C05<\/strong><\/p>\n<p>H\u01a1n 15 n\u0103m kinh nghi\u1ec7m s\u1ea3n xu\u1ea5t b\u00e0n n\u01b0\u1edbng l\u1ea9u chuy\u00ean nghi\u1ec7p theo y\u00eau c\u1ea7u, hoan ngh\u00eanh b\u1ea1n \u0111\u1ebfn tham kh\u1ea3o<\/p>","protected":false},"featured_media":5091,"template":"","meta":{"_acf_changed":false,"_seopress_robots_primary_cat":"none","_seopress_titles_title":"","_seopress_titles_desc":"","_seopress_robots_index":""},"product_brand":[],"product_cat":[40,30,33],"product_tag":[],"class_list":{"0":"post-3913","1":"product","2":"type-product","3":"status-publish","4":"has-post-thumbnail","6":"product_cat-korean-bbq-grill-table","7":"product_cat-hot-pot-table","8":"product_cat-hot-pot-and-bbq-table","10":"first","11":"instock","12":"shipping-taxable","13":"product-type-simple"},"acf":[],"_links":{"self":[{"href":"https:\/\/hpott.com\/vi\/wp-json\/wp\/v2\/product\/3913","targetHints":{"allow":["GET"]}}],"collection":[{"href":"https:\/\/hpott.com\/vi\/wp-json\/wp\/v2\/product"}],"about":[{"href":"https:\/\/hpott.com\/vi\/wp-json\/wp\/v2\/types\/product"}],"wp:featuredmedia":[{"embeddable":true,"href":"https:\/\/hpott.com\/vi\/wp-json\/wp\/v2\/media\/5091"}],"wp:attachment":[{"href":"https:\/\/hpott.com\/vi\/wp-json\/wp\/v2\/media?parent=3913"}],"wp:term":[{"taxonomy":"product_brand","embeddable":true,"href":"https:\/\/hpott.com\/vi\/wp-json\/wp\/v2\/product_brand?post=3913"},{"taxonomy":"product_cat","embeddable":true,"href":"https:\/\/hpott.com\/vi\/wp-json\/wp\/v2\/product_cat?post=3913"},{"taxonomy":"product_tag","embeddable":true,"href":"https:\/\/hpott.com\/vi\/wp-json\/wp\/v2\/product_tag?post=3913"}],"curies":[{"name":"wp","href":"https:\/\/api.w.org\/{rel}","templated":true}]}}