{"id":3915,"date":"2022-10-25T18:01:20","date_gmt":"2022-10-26T02:01:20","guid":{"rendered":"https:\/\/hpott.com\/?post_type=product&#038;p=3915"},"modified":"2023-12-04T22:53:46","modified_gmt":"2023-12-05T06:53:46","slug":"ban-buffet-lau-nuong-han-quoc-cho-nha-hang-khach-san","status":"publish","type":"product","link":"https:\/\/hpott.com\/vi\/san-pham\/ban-buffet-lau-nuong-han-quoc-cho-nha-hang-khach-san\/","title":{"rendered":"B\u00e0n Buffet L\u1ea9u N\u01b0\u1edbng H\u00e0n Qu\u1ed1c Cho Nh\u00e0 H\u00e0ng Kh\u00e1ch S\u1ea1n"},"content":{"rendered":"<p>\u3010T\u00ean\u3011: B\u00e0n n\u01b0\u1edbng l\u1ea9u<br \/>\n\u3010Xu\u1ea5t x\u1ee9\u3011: Qu\u1ea3ng \u0110\u00f4ng, Trung Qu\u1ed1c<br \/>\n\u3010K\u00edch th\u01b0\u1edbc\u3011: 1500X900X760mm (K\u00edch th\u01b0\u1edbc c\u00f3 th\u1ec3 t\u00f9y ch\u1ec9nh)<br \/>\n\u3010Ch\u1ea5t li\u1ec7u\u3011: M\u1eb7t b\u00e0n b\u1eb1ng \u0111\u00e1 + \u0111\u1ebf th\u00e9p s\u01a1n t\u0129nh \u0111i\u1ec7n (Ch\u1ea5t li\u1ec7u c\u00f3 th\u1ec3 t\u00f9y ch\u1ec9nh)<br \/>\n\u3010M\u00e0u s\u1eafc\u3011: C\u00f3 s\u1eb5n theo y\u00eau c\u1ea7u<br \/>\n\u3010\u1ee8ng d\u1ee5ng\u3011: Nh\u00e0 h\u00e0ng l\u1ea9u, kh\u00e1ch s\u1ea1n, nh\u00e0 h\u00e0ng kh\u00e1c<br \/>\n\u3010\u0110\u1eb7c \u0111i\u1ec3m\u3011: Thi\u1ebft k\u1ebf 3 trong 1, c\u00f3 th\u1ec3 th\u1ef1c hi\u1ec7n ba lo\u1ea1i h\u00fat kh\u00f3i<\/p>\n<p><img loading=\"lazy\" decoding=\"async\" class=\"wp-image-5817 size-full\" src=\"http:\/\/hpott.com\/wp-content\/uploads\/2022\/10\/hot-pot-table1.webp\" alt=\"b\u00e0n buffet l\u1ea9u n\u01b0\u1edbng h\u00e0n qu\u1ed1c cho nh\u00e0 h\u00e0ng kh\u00e1ch s\u1ea1n\" width=\"750\" height=\"2404\" srcset=\"https:\/\/hpott.com\/wp-content\/uploads\/2022\/10\/hot-pot-table1.webp 750w, https:\/\/hpott.com\/wp-content\/uploads\/2022\/10\/hot-pot-table1-94x300.webp 94w, https:\/\/hpott.com\/wp-content\/uploads\/2022\/10\/hot-pot-table1-319x1024.webp 319w, https:\/\/hpott.com\/wp-content\/uploads\/2022\/10\/hot-pot-table1-479x1536.webp 479w, https:\/\/hpott.com\/wp-content\/uploads\/2022\/10\/hot-pot-table1-639x2048.webp 639w, https:\/\/hpott.com\/wp-content\/uploads\/2022\/10\/hot-pot-table1-600x1923.webp 600w, https:\/\/hpott.com\/wp-content\/uploads\/2022\/10\/hot-pot-table1-64x205.webp 64w\" sizes=\"auto, (max-width: 750px) 100vw, 750px\" \/><\/p>\n<p><img loading=\"lazy\" decoding=\"async\" class=\"wp-image-5818 size-full\" src=\"http:\/\/hpott.com\/wp-content\/uploads\/2022\/10\/hot-pot-table2.webp\" alt=\"b\u00e0n buffet l\u1ea9u n\u01b0\u1edbng h\u00e0n qu\u1ed1c cho nh\u00e0 h\u00e0ng kh\u00e1ch s\u1ea1n\" width=\"750\" height=\"2296\" srcset=\"https:\/\/hpott.com\/wp-content\/uploads\/2022\/10\/hot-pot-table2.webp 750w, https:\/\/hpott.com\/wp-content\/uploads\/2022\/10\/hot-pot-table2-98x300.webp 98w, https:\/\/hpott.com\/wp-content\/uploads\/2022\/10\/hot-pot-table2-502x1536.webp 502w, https:\/\/hpott.com\/wp-content\/uploads\/2022\/10\/hot-pot-table2-669x2048.webp 669w, https:\/\/hpott.com\/wp-content\/uploads\/2022\/10\/hot-pot-table2-600x1837.webp 600w, https:\/\/hpott.com\/wp-content\/uploads\/2022\/10\/hot-pot-table2-64x196.webp 64w\" sizes=\"auto, (max-width: 750px) 100vw, 750px\" \/><\/p>","protected":false},"excerpt":{"rendered":"<p><strong>M\u00e3 s\u1ea3n ph\u1ea9m\uff1a <\/strong>HP-C06<\/p>\n<p>N\u1ebfu b\u1ea1n c\u00f3 b\u1ea3n v\u1ebd thi\u1ebft k\u1ebf, hpott c\u00f3 th\u1ec3 gi\u00fap b\u1ea1n s\u1ea3n xu\u1ea5t, chuy\u00ean nghi\u1ec7p trong 15 n\u0103m<\/p>","protected":false},"featured_media":5090,"template":"","meta":{"_acf_changed":false,"_seopress_robots_primary_cat":"none","_seopress_titles_title":"","_seopress_titles_desc":"","_seopress_robots_index":""},"product_brand":[],"product_cat":[40,30,33],"product_tag":[],"class_list":{"0":"post-3915","1":"product","2":"type-product","3":"status-publish","4":"has-post-thumbnail","6":"product_cat-korean-bbq-grill-table","7":"product_cat-hot-pot-table","8":"product_cat-hot-pot-and-bbq-table","10":"first","11":"instock","12":"shipping-taxable","13":"product-type-simple"},"acf":[],"_links":{"self":[{"href":"https:\/\/hpott.com\/vi\/wp-json\/wp\/v2\/product\/3915","targetHints":{"allow":["GET"]}}],"collection":[{"href":"https:\/\/hpott.com\/vi\/wp-json\/wp\/v2\/product"}],"about":[{"href":"https:\/\/hpott.com\/vi\/wp-json\/wp\/v2\/types\/product"}],"wp:featuredmedia":[{"embeddable":true,"href":"https:\/\/hpott.com\/vi\/wp-json\/wp\/v2\/media\/5090"}],"wp:attachment":[{"href":"https:\/\/hpott.com\/vi\/wp-json\/wp\/v2\/media?parent=3915"}],"wp:term":[{"taxonomy":"product_brand","embeddable":true,"href":"https:\/\/hpott.com\/vi\/wp-json\/wp\/v2\/product_brand?post=3915"},{"taxonomy":"product_cat","embeddable":true,"href":"https:\/\/hpott.com\/vi\/wp-json\/wp\/v2\/product_cat?post=3915"},{"taxonomy":"product_tag","embeddable":true,"href":"https:\/\/hpott.com\/vi\/wp-json\/wp\/v2\/product_tag?post=3915"}],"curies":[{"name":"wp","href":"https:\/\/api.w.org\/{rel}","templated":true}]}}