{"id":3917,"date":"2022-10-25T18:32:32","date_gmt":"2022-10-26T02:32:32","guid":{"rendered":"https:\/\/hpott.com\/?post_type=product&#038;p=3917"},"modified":"2023-12-05T00:08:23","modified_gmt":"2023-12-05T08:08:23","slug":"ban-nuong-thit-khong-khoi-han-quoc-de-ban","status":"publish","type":"product","link":"https:\/\/hpott.com\/vi\/san-pham\/ban-nuong-thit-khong-khoi-han-quoc-de-ban\/","title":{"rendered":"B\u00e0n L\u1ea9u N\u01b0\u1edbng BBQ H\u00e0n Qu\u1ed1c Kh\u00f4ng Kh\u00f3i"},"content":{"rendered":"<p>\u3010T\u00ean\u3011: B\u00e0n n\u01b0\u1edbng l\u1ea9u H\u00e0n Qu\u1ed1c<br \/>\n\u3010Xu\u1ea5t x\u1ee9\u3011: Qu\u1ea3ng \u0110\u00f4ng, Trung Qu\u1ed1c<br \/>\n\u3010K\u00edch th\u01b0\u1edbc\u3011: 1300X900X760mm\uff08<span style=\"color: #ff0000;\">K\u00edch th\u01b0\u1edbc c\u00f3 th\u1ec3 t\u00f9y ch\u1ec9nh<\/span>)<br \/>\n\u3010Ch\u1ea5t li\u1ec7u\u3011: M\u1eb7t b\u00e0n b\u1eb1ng \u0111\u00e1 c\u1ea9m th\u1ea1ch + ch\u00e2n \u0111\u1ebf b\u1eb1ng th\u00e9p kh\u00f4ng g\u1ec9<br \/>\n\u3010M\u00e0u s\u1eafc\u3011: <span style=\"color: #ff0000;\">C\u00f3 s\u1eb5n theo y\u00eau c\u1ea7u<\/span><br \/>\n\u3010\u1ee8ng d\u1ee5ng\u3011: Nh\u00e0 h\u00e0ng l\u1ea9u, kh\u00e1ch s\u1ea1n, nh\u00e0 h\u00e0ng kh\u00e1c<br \/>\n\u3010\u0110\u1eb7c \u0111i\u1ec3m\u3011: Thi\u1ebft k\u1ebf 2 trong 1, ph\u01b0\u01a1ng ph\u00e1p x\u1ea3 kh\u00f3i tr\u00ean v\u00e0 d\u01b0\u1edbi ho\u1eb7c l\u1eafp \u0111\u1eb7t m\u00e1y l\u1ecdc kh\u00f4ng kh\u00ed.<\/p>\n<p><img loading=\"lazy\" decoding=\"async\" class=\"size-full wp-image-5677\" src=\"http:\/\/hpott.com\/wp-content\/uploads\/2022\/10\/hot-pot-table-4.webp\" alt=\"b\u00e0n l\u1ea9u n\u01b0\u1edbng h\u00e0n qu\u1ed1c kh\u00f4ng kh\u00f3i \" width=\"750\" height=\"1353\" srcset=\"https:\/\/hpott.com\/wp-content\/uploads\/2022\/10\/hot-pot-table-4.webp 750w, https:\/\/hpott.com\/wp-content\/uploads\/2022\/10\/hot-pot-table-4-166x300.webp 166w, https:\/\/hpott.com\/wp-content\/uploads\/2022\/10\/hot-pot-table-4-568x1024.webp 568w, https:\/\/hpott.com\/wp-content\/uploads\/2022\/10\/hot-pot-table-4-600x1082.webp 600w, https:\/\/hpott.com\/wp-content\/uploads\/2022\/10\/hot-pot-table-4-64x115.webp 64w\" sizes=\"auto, (max-width: 750px) 100vw, 750px\" \/><\/p>\n<p><img loading=\"lazy\" decoding=\"async\" class=\"size-full wp-image-5678\" src=\"http:\/\/hpott.com\/wp-content\/uploads\/2022\/10\/Korean-hot-pot-table-4.webp\" alt=\"b\u00e0n n\u01b0\u1edbng th\u1ecbt kh\u00f4ng kh\u00f3i h\u00e0n qu\u1ed1c \u0111\u1ec3 b\u00e1n\" width=\"750\" height=\"1655\" srcset=\"https:\/\/hpott.com\/wp-content\/uploads\/2022\/10\/Korean-hot-pot-table-4.webp 750w, https:\/\/hpott.com\/wp-content\/uploads\/2022\/10\/Korean-hot-pot-table-4-136x300.webp 136w, https:\/\/hpott.com\/wp-content\/uploads\/2022\/10\/Korean-hot-pot-table-4-464x1024.webp 464w, https:\/\/hpott.com\/wp-content\/uploads\/2022\/10\/Korean-hot-pot-table-4-696x1536.webp 696w, https:\/\/hpott.com\/wp-content\/uploads\/2022\/10\/Korean-hot-pot-table-4-600x1324.webp 600w, https:\/\/hpott.com\/wp-content\/uploads\/2022\/10\/Korean-hot-pot-table-4-64x141.webp 64w\" sizes=\"auto, (max-width: 750px) 100vw, 750px\" \/><\/p>","protected":false},"excerpt":{"rendered":"<p><strong>M\u00e3 s\u1ea3n ph\u1ea9m\uff1a <\/strong>HP-C07<\/p>\n<p>&nbsp;<\/p>","protected":false},"featured_media":5089,"template":"","meta":{"_acf_changed":false,"_seopress_robots_primary_cat":"none","_seopress_titles_title":"","_seopress_titles_desc":"","_seopress_robots_index":""},"product_brand":[],"product_cat":[40,30,33],"product_tag":[],"class_list":{"0":"post-3917","1":"product","2":"type-product","3":"status-publish","4":"has-post-thumbnail","6":"product_cat-korean-bbq-grill-table","7":"product_cat-hot-pot-table","8":"product_cat-hot-pot-and-bbq-table","10":"first","11":"instock","12":"shipping-taxable","13":"product-type-simple"},"acf":[],"_links":{"self":[{"href":"https:\/\/hpott.com\/vi\/wp-json\/wp\/v2\/product\/3917","targetHints":{"allow":["GET"]}}],"collection":[{"href":"https:\/\/hpott.com\/vi\/wp-json\/wp\/v2\/product"}],"about":[{"href":"https:\/\/hpott.com\/vi\/wp-json\/wp\/v2\/types\/product"}],"wp:featuredmedia":[{"embeddable":true,"href":"https:\/\/hpott.com\/vi\/wp-json\/wp\/v2\/media\/5089"}],"wp:attachment":[{"href":"https:\/\/hpott.com\/vi\/wp-json\/wp\/v2\/media?parent=3917"}],"wp:term":[{"taxonomy":"product_brand","embeddable":true,"href":"https:\/\/hpott.com\/vi\/wp-json\/wp\/v2\/product_brand?post=3917"},{"taxonomy":"product_cat","embeddable":true,"href":"https:\/\/hpott.com\/vi\/wp-json\/wp\/v2\/product_cat?post=3917"},{"taxonomy":"product_tag","embeddable":true,"href":"https:\/\/hpott.com\/vi\/wp-json\/wp\/v2\/product_tag?post=3917"}],"curies":[{"name":"wp","href":"https:\/\/api.w.org\/{rel}","templated":true}]}}