{"id":3919,"date":"2022-10-25T18:55:13","date_gmt":"2022-10-26T02:55:13","guid":{"rendered":"https:\/\/hpott.com\/?post_type=product&#038;p=3919"},"modified":"2023-06-15T01:18:25","modified_gmt":"2023-06-15T09:18:25","slug":"bep-dien-tu-lau-am-ban-co-lo-nuong-bbq","status":"publish","type":"product","link":"https:\/\/hpott.com\/vi\/san-pham\/bep-dien-tu-lau-am-ban-co-lo-nuong-bbq\/","title":{"rendered":"B\u1ebfp \u0111i\u1ec7n t\u1eeb l\u1ea9u t\u00edch h\u1ee3p b\u00e0n n\u01b0\u1edbng BBQ"},"content":{"rendered":"<p>\u3010T\u00ean\u3011: B\u00e0n n\u01b0\u1edbng l\u1ea9u<br \/>\n\u3010Xu\u1ea5t x\u1ee9\u3011: Qu\u1ea3ng \u0110\u00f4ng, Trung Qu\u1ed1c<br \/>\n\u3010K\u00edch th\u01b0\u1edbc\u3011: 1300X900X760mm\uff08<span style=\"color: #ff0000;\">K\u00edch th\u01b0\u1edbc c\u00f3 th\u1ec3 t\u00f9y ch\u1ec9nh<\/span>)<br \/>\n\u3010Ch\u1ea5t li\u1ec7u\u3011: M\u1eb7t b\u00e0n b\u1eb1ng \u0111\u00e1 c\u1ea9m th\u1ea1ch + ch\u00e2n \u0111\u1ebf b\u1eb1ng th\u00e9p kh\u00f4ng g\u1ec9 v\u00e2n g\u1ed7\uff08<span style=\"color: #ff0000;\">V\u1eadt li\u1ec7u c\u00f3 th\u1ec3 t\u00f9y ch\u1ec9nh<\/span>)<br \/>\n\u3010M\u00e0u s\u1eafc\u3011: C\u00f3 s\u1eb5n theo y\u00eau c\u1ea7u<br \/>\n\u3010\u1ee8ng d\u1ee5ng\u3011: Nh\u00e0 h\u00e0ng l\u1ea9u, kh\u00e1ch s\u1ea1n v\u00e0 c\u00e1c nh\u00e0 h\u00e0ng BBQ kh\u00e1c<\/p>\n<p><img loading=\"lazy\" decoding=\"async\" class=\"size-full wp-image-5753\" src=\"http:\/\/hpott.com\/wp-content\/uploads\/2022\/10\/shabu-shabu-table-7.webp\" alt=\"b\u1ebfp \u0111i\u1ec7n t\u1eeb l\u1ea9u \u00e2m b\u00e0n c\u00f3 l\u00f2 n\u01b0\u1edbng BBQ\" width=\"750\" height=\"1538\" srcset=\"https:\/\/hpott.com\/wp-content\/uploads\/2022\/10\/shabu-shabu-table-7.webp 750w, https:\/\/hpott.com\/wp-content\/uploads\/2022\/10\/shabu-shabu-table-7-146x300.webp 146w, https:\/\/hpott.com\/wp-content\/uploads\/2022\/10\/shabu-shabu-table-7-499x1024.webp 499w, https:\/\/hpott.com\/wp-content\/uploads\/2022\/10\/shabu-shabu-table-7-749x1536.webp 749w, https:\/\/hpott.com\/wp-content\/uploads\/2022\/10\/shabu-shabu-table-7-600x1230.webp 600w, https:\/\/hpott.com\/wp-content\/uploads\/2022\/10\/shabu-shabu-table-7-64x131.webp 64w\" sizes=\"auto, (max-width: 750px) 100vw, 750px\" \/><\/p>\n<p><img loading=\"lazy\" decoding=\"async\" class=\"size-full wp-image-5754\" src=\"http:\/\/hpott.com\/wp-content\/uploads\/2022\/10\/shabu-shabu-table-1-1.webp\" alt=\"b\u1ebfp \u0111i\u1ec7n t\u1eeb l\u1ea9u \u00e2m b\u00e0n c\u00f3 l\u00f2 n\u01b0\u1edbng BBQ\" width=\"750\" height=\"1729\" srcset=\"https:\/\/hpott.com\/wp-content\/uploads\/2022\/10\/shabu-shabu-table-1-1.webp 750w, https:\/\/hpott.com\/wp-content\/uploads\/2022\/10\/shabu-shabu-table-1-1-130x300.webp 130w, https:\/\/hpott.com\/wp-content\/uploads\/2022\/10\/shabu-shabu-table-1-1-444x1024.webp 444w, https:\/\/hpott.com\/wp-content\/uploads\/2022\/10\/shabu-shabu-table-1-1-666x1536.webp 666w, https:\/\/hpott.com\/wp-content\/uploads\/2022\/10\/shabu-shabu-table-1-1-600x1383.webp 600w, https:\/\/hpott.com\/wp-content\/uploads\/2022\/10\/shabu-shabu-table-1-1-64x148.webp 64w\" sizes=\"auto, (max-width: 750px) 100vw, 750px\" \/><\/p>","protected":false},"excerpt":{"rendered":"<p><strong>M\u00e3 s\u1ea3n ph\u1ea9m\uff1a\u00a0<\/strong>HP-C08<\/p>\n<p>\u0110\u00e2y l\u00e0 m\u1ed9t n\u1ed3i l\u1ea9u nh\u1ecf + v\u1ec9 n\u01b0\u1edbng, HPOTT c\u00f3 th\u1ec3 t\u00f9y ch\u1ec9nh theo y\u00eau c\u1ea7u c\u1ee7a b\u1ea1n<\/p>","protected":false},"featured_media":5755,"template":"","meta":{"_acf_changed":false,"_seopress_robots_primary_cat":"none","_seopress_titles_title":"","_seopress_titles_desc":"","_seopress_robots_index":""},"product_brand":[],"product_cat":[40,30,31,33],"product_tag":[],"class_list":{"0":"post-3919","1":"product","2":"type-product","3":"status-publish","4":"has-post-thumbnail","6":"product_cat-korean-bbq-grill-table","7":"product_cat-hot-pot-table","8":"product_cat-square-hot-pot-tables","9":"product_cat-hot-pot-and-bbq-table","11":"first","12":"instock","13":"shipping-taxable","14":"product-type-simple"},"acf":[],"_links":{"self":[{"href":"https:\/\/hpott.com\/vi\/wp-json\/wp\/v2\/product\/3919","targetHints":{"allow":["GET"]}}],"collection":[{"href":"https:\/\/hpott.com\/vi\/wp-json\/wp\/v2\/product"}],"about":[{"href":"https:\/\/hpott.com\/vi\/wp-json\/wp\/v2\/types\/product"}],"wp:featuredmedia":[{"embeddable":true,"href":"https:\/\/hpott.com\/vi\/wp-json\/wp\/v2\/media\/5755"}],"wp:attachment":[{"href":"https:\/\/hpott.com\/vi\/wp-json\/wp\/v2\/media?parent=3919"}],"wp:term":[{"taxonomy":"product_brand","embeddable":true,"href":"https:\/\/hpott.com\/vi\/wp-json\/wp\/v2\/product_brand?post=3919"},{"taxonomy":"product_cat","embeddable":true,"href":"https:\/\/hpott.com\/vi\/wp-json\/wp\/v2\/product_cat?post=3919"},{"taxonomy":"product_tag","embeddable":true,"href":"https:\/\/hpott.com\/vi\/wp-json\/wp\/v2\/product_tag?post=3919"}],"curies":[{"name":"wp","href":"https:\/\/api.w.org\/{rel}","templated":true}]}}