{"id":3922,"date":"2022-10-25T19:51:49","date_gmt":"2022-10-26T03:51:49","guid":{"rendered":"https:\/\/hpott.com\/?post_type=product&#038;p=3922"},"modified":"2023-06-15T01:59:39","modified_gmt":"2023-06-15T09:59:39","slug":"bep-nuong-bbq-han-quoc-dung-gas-de-ban-cho-muc-dich-thuong-mai","status":"publish","type":"product","link":"https:\/\/hpott.com\/vi\/san-pham\/bep-nuong-bbq-han-quoc-dung-gas-de-ban-cho-muc-dich-thuong-mai\/","title":{"rendered":"B\u1ebfp n\u01b0\u1edbng BBQ H\u00e0n Qu\u1ed1c 3 trong 1 t\u00edch h\u1ee3p gas \u0111\u1ec3 b\u00e0n cho m\u1ee5c \u0111\u00edch th\u01b0\u01a1ng m\u1ea1i"},"content":{"rendered":"<p><strong>K\u00edch th\u01b0\u1edbc s\u1ea3n ph\u1ea9m:\u00a0<\/strong> 720X375X280mm<br \/>\n<strong>K\u00edch th\u01b0\u1edbc khay n\u01b0\u1edbng:<\/strong> 280X280mm<\/p>\n<p><strong>Kh\u00ed h\u00f3a l\u1ecfng: <\/strong>2800Pa<\/p>\n<p><strong>Kh\u00ed thi\u00ean nhi\u00ean: <\/strong>2000Pa<\/p>\n<p><strong>Ghi ch\u00fa: <\/strong>Ch\u00fa \u00fd th\u00f4ng gi\u00f3 khi s\u1eed d\u1ee5ng nhi\u00ean li\u1ec7u gas \u0111\u1ec3 ph\u00f2ng ng\u1eeba ng\u1ed9 \u0111\u1ed9c kh\u00ed carbon monoxide<\/p>","protected":false},"excerpt":{"rendered":"<p><strong>M\u00e3 s\u1ea3n ph\u1ea9m:<\/strong> HP-G01<\/p>\n<p>Ch\u00fang t\u00f4i c\u00f3 nhi\u1ec1u m\u1eabu thi\u1ebft b\u1ecb n\u01b0\u1edbng l\u1ea9u b\u1eb1ng gas, vui l\u00f2ng li\u00ean h\u1ec7 tr\u1ef1c ti\u1ebfp \u0111\u1ec3 bi\u1ebft th\u00eam chi ti\u1ebft<\/p>","protected":false},"featured_media":5150,"template":"","meta":{"_acf_changed":false,"_seopress_robots_primary_cat":"none","_seopress_titles_title":"","_seopress_titles_desc":"","_seopress_robots_index":""},"product_brand":[],"product_cat":[37,34],"product_tag":[],"class_list":{"0":"post-3922","1":"product","2":"type-product","3":"status-publish","4":"has-post-thumbnail","6":"product_cat-bbq-grill","7":"product_cat-gas-bbq-grill","9":"first","10":"instock","11":"shipping-taxable","12":"product-type-simple"},"acf":[],"_links":{"self":[{"href":"https:\/\/hpott.com\/vi\/wp-json\/wp\/v2\/product\/3922","targetHints":{"allow":["GET"]}}],"collection":[{"href":"https:\/\/hpott.com\/vi\/wp-json\/wp\/v2\/product"}],"about":[{"href":"https:\/\/hpott.com\/vi\/wp-json\/wp\/v2\/types\/product"}],"wp:featuredmedia":[{"embeddable":true,"href":"https:\/\/hpott.com\/vi\/wp-json\/wp\/v2\/media\/5150"}],"wp:attachment":[{"href":"https:\/\/hpott.com\/vi\/wp-json\/wp\/v2\/media?parent=3922"}],"wp:term":[{"taxonomy":"product_brand","embeddable":true,"href":"https:\/\/hpott.com\/vi\/wp-json\/wp\/v2\/product_brand?post=3922"},{"taxonomy":"product_cat","embeddable":true,"href":"https:\/\/hpott.com\/vi\/wp-json\/wp\/v2\/product_cat?post=3922"},{"taxonomy":"product_tag","embeddable":true,"href":"https:\/\/hpott.com\/vi\/wp-json\/wp\/v2\/product_tag?post=3922"}],"curies":[{"name":"wp","href":"https:\/\/api.w.org\/{rel}","templated":true}]}}