{"id":3928,"date":"2022-10-25T20:02:05","date_gmt":"2022-10-26T04:02:05","guid":{"rendered":"https:\/\/hpott.com\/?post_type=product&#038;p=3928"},"modified":"2023-06-15T01:59:13","modified_gmt":"2023-06-15T09:59:13","slug":"ban-buon-thiet-bi-nuong-bbq-han-quoc-bang-gas-tuy-chinh","status":"publish","type":"product","link":"https:\/\/hpott.com\/vi\/san-pham\/ban-buon-thiet-bi-nuong-bbq-han-quoc-bang-gas-tuy-chinh\/","title":{"rendered":"B\u00e1n bu\u00f4n thi\u1ebft b\u1ecb n\u01b0\u1edbng BBQ H\u00e0n Qu\u1ed1c b\u1eb1ng gas t\u00f9y ch\u1ec9nh"},"content":{"rendered":"<p>K\u00edch th\u01b0\u1edbc s\u1ea3n ph\u1ea9m: 650X370X170mm<\/p>\n<p>Kh\u00ed thi\u00ean nhi\u00ean h\u00f3a l\u1ecfng: 2800Pa<\/p>\n<p>Kh\u00ed thi\u00ean nhi\u00ean: 2000Pa<\/p>\n<p>L\u01b0u \u00fd: Ch\u00fa \u00fd th\u00f4ng gi\u00f3 khi s\u1eed d\u1ee5ng nhi\u00ean li\u1ec7u gas \u0111\u1ec3 tr\u00e1nh ng\u1ed9 \u0111\u1ed9c kh\u00ed carbon monoxide<\/p>\n<figure id=\"attachment_5644\" aria-describedby=\"caption-attachment-5644\" style=\"width: 750px\" class=\"wp-caption alignnone\"><img loading=\"lazy\" decoding=\"async\" class=\"wp-image-5644 size-full\" src=\"http:\/\/hpott.com\/wp-content\/uploads\/2022\/10\/650.webp\" alt=\"b\u00e1n bu\u00f4n thi\u1ebft b\u1ecb n\u01b0\u1edbng bbq H\u00e0n Qu\u1ed1c b\u1eb1ng gas t\u00f9y ch\u1ec9nh\" width=\"750\" height=\"750\" srcset=\"https:\/\/hpott.com\/wp-content\/uploads\/2022\/10\/650.webp 750w, https:\/\/hpott.com\/wp-content\/uploads\/2022\/10\/650-300x300.webp 300w, https:\/\/hpott.com\/wp-content\/uploads\/2022\/10\/650-150x150.webp 150w, https:\/\/hpott.com\/wp-content\/uploads\/2022\/10\/650-600x600.webp 600w, https:\/\/hpott.com\/wp-content\/uploads\/2022\/10\/650-100x100.webp 100w, https:\/\/hpott.com\/wp-content\/uploads\/2022\/10\/650-64x64.webp 64w\" sizes=\"auto, (max-width: 750px) 100vw, 750px\" \/><figcaption id=\"caption-attachment-5644\" class=\"wp-caption-text\">b\u00e1n bu\u00f4n thi\u1ebft b\u1ecb n\u01b0\u1edbng bbq H\u00e0n Qu\u1ed1c b\u1eb1ng gas t\u00f9y ch\u1ec9nh<\/figcaption><\/figure>\n<p><img loading=\"lazy\" decoding=\"async\" class=\"alignnone wp-image-5629 size-full\" src=\"http:\/\/hpott.com\/wp-content\/uploads\/2022\/10\/\u8be6\u60c51.webp\" alt=\"b\u00e1n bu\u00f4n thi\u1ebft b\u1ecb n\u01b0\u1edbng bbq H\u00e0n Qu\u1ed1c b\u1eb1ng gas t\u00f9y ch\u1ec9nh\" width=\"750\" height=\"950\" srcset=\"https:\/\/hpott.com\/wp-content\/uploads\/2022\/10\/\u8be6\u60c51.webp 750w, https:\/\/hpott.com\/wp-content\/uploads\/2022\/10\/\u8be6\u60c51-237x300.webp 237w, https:\/\/hpott.com\/wp-content\/uploads\/2022\/10\/\u8be6\u60c51-600x760.webp 600w, https:\/\/hpott.com\/wp-content\/uploads\/2022\/10\/\u8be6\u60c51-64x81.webp 64w\" sizes=\"auto, (max-width: 750px) 100vw, 750px\" \/><\/p>\n<p><img loading=\"lazy\" decoding=\"async\" class=\"alignnone wp-image-5630 size-full\" src=\"http:\/\/hpott.com\/wp-content\/uploads\/2022\/10\/\u8be6\u60c52.webp\" alt=\"b\u00e1n bu\u00f4n thi\u1ebft b\u1ecb n\u01b0\u1edbng bbq H\u00e0n Qu\u1ed1c b\u1eb1ng gas t\u00f9y ch\u1ec9nh\" width=\"750\" height=\"1000\" srcset=\"https:\/\/hpott.com\/wp-content\/uploads\/2022\/10\/\u8be6\u60c52.webp 750w, https:\/\/hpott.com\/wp-content\/uploads\/2022\/10\/\u8be6\u60c52-225x300.webp 225w, https:\/\/hpott.com\/wp-content\/uploads\/2022\/10\/\u8be6\u60c52-600x800.webp 600w, https:\/\/hpott.com\/wp-content\/uploads\/2022\/10\/\u8be6\u60c52-64x85.webp 64w\" sizes=\"auto, (max-width: 750px) 100vw, 750px\" \/><\/p>","protected":false},"excerpt":{"rendered":"<p><strong>M\u00e3 s\u1ea3n ph\u1ea9m:<\/strong> HP-G02<\/p>\n<p>\u0110\u00e2y l\u00e0 thi\u1ebft k\u1ebf 2 trong 1, ch\u00fang t\u00f4i c\u00f3 nhi\u1ec1u m\u1eabu thi\u1ebft b\u1ecb n\u01b0\u1edbng l\u1ea9u b\u1eb1ng gas, vui l\u00f2ng li\u00ean h\u1ec7 tr\u1ef1c ti\u1ebfp v\u1edbi ch\u00fang t\u00f4i \u0111\u1ec3 bi\u1ebft th\u00eam chi ti\u1ebft<\/p>","protected":false},"featured_media":5145,"template":"","meta":{"_acf_changed":false,"_seopress_robots_primary_cat":"none","_seopress_titles_title":"","_seopress_titles_desc":"","_seopress_robots_index":""},"product_brand":[],"product_cat":[37,34],"product_tag":[],"class_list":{"0":"post-3928","1":"product","2":"type-product","3":"status-publish","4":"has-post-thumbnail","6":"product_cat-bbq-grill","7":"product_cat-gas-bbq-grill","9":"first","10":"instock","11":"shipping-taxable","12":"product-type-simple"},"acf":[],"_links":{"self":[{"href":"https:\/\/hpott.com\/vi\/wp-json\/wp\/v2\/product\/3928","targetHints":{"allow":["GET"]}}],"collection":[{"href":"https:\/\/hpott.com\/vi\/wp-json\/wp\/v2\/product"}],"about":[{"href":"https:\/\/hpott.com\/vi\/wp-json\/wp\/v2\/types\/product"}],"wp:featuredmedia":[{"embeddable":true,"href":"https:\/\/hpott.com\/vi\/wp-json\/wp\/v2\/media\/5145"}],"wp:attachment":[{"href":"https:\/\/hpott.com\/vi\/wp-json\/wp\/v2\/media?parent=3928"}],"wp:term":[{"taxonomy":"product_brand","embeddable":true,"href":"https:\/\/hpott.com\/vi\/wp-json\/wp\/v2\/product_brand?post=3928"},{"taxonomy":"product_cat","embeddable":true,"href":"https:\/\/hpott.com\/vi\/wp-json\/wp\/v2\/product_cat?post=3928"},{"taxonomy":"product_tag","embeddable":true,"href":"https:\/\/hpott.com\/vi\/wp-json\/wp\/v2\/product_tag?post=3928"}],"curies":[{"name":"wp","href":"https:\/\/api.w.org\/{rel}","templated":true}]}}