{"id":3935,"date":"2022-10-25T22:16:09","date_gmt":"2022-10-26T06:16:09","guid":{"rendered":"https:\/\/hpott.com\/?post_type=product&#038;p=3935"},"modified":"2023-07-13T22:41:26","modified_gmt":"2023-07-14T06:41:26","slug":"thiet-bi-nuong-than-tron-han-quoc-thuong-mai-trong-nha-cho-nha-hang","status":"publish","type":"product","link":"https:\/\/hpott.com\/vi\/san-pham\/thiet-bi-nuong-than-tron-han-quoc-thuong-mai-trong-nha-cho-nha-hang\/","title":{"rendered":"Thi\u1ebft b\u1ecb n\u01b0\u1edbng than BBQ tr\u00f2n H\u00e0n Qu\u1ed1c trong nh\u00e0 th\u01b0\u01a1ng m\u1ea1i cho nh\u00e0 h\u00e0ng"},"content":{"rendered":"<p><strong>K\u00edch th\u01b0\u1edbc s\u1ea3n ph\u1ea9m:<\/strong> \u0110\u01b0\u1eddng k\u00ednh 410X260mm<br \/>\n<strong>K\u00edch th\u01b0\u1edbc l\u1ed7:<\/strong> \u0110\u01b0\u1eddng k\u00ednh 375mm<\/p>","protected":false},"excerpt":{"rendered":"<p><strong>M\u00e3 s\u1ea3n ph\u1ea9m:<\/strong> HP-CH02<\/p>\n<p><strong>M\u00e0u s\u1eafc:\u00a0<\/strong>V\u00e0ng h\u1ed3ng<\/p>\n<p>HPOTT h\u1ed7 tr\u1ee3 l\u00f2 n\u01b0\u1edbng than th\u01b0\u01a1ng m\u1ea1i cho nh\u00e0 h\u00e0ng v\u00e0 b\u00e0n \u0103n t\u00edch h\u1ee3p.<\/p>","protected":false},"featured_media":5722,"template":"","meta":{"_acf_changed":false,"_seopress_robots_primary_cat":"none","_seopress_titles_title":"Korean BBQ Charcoal Grill Equipment For Restaurant | HPOTT","_seopress_titles_desc":"Professional manufacturer supports indoor commercial Korean charcoal grill equipment for restaurant. Please contact us.","_seopress_robots_index":""},"product_brand":[],"product_cat":[37,41],"product_tag":[],"class_list":{"0":"post-3935","1":"product","2":"type-product","3":"status-publish","4":"has-post-thumbnail","6":"product_cat-bbq-grill","7":"product_cat-charcoal-bbq-grill","9":"first","10":"instock","11":"shipping-taxable","12":"product-type-simple"},"acf":[],"_links":{"self":[{"href":"https:\/\/hpott.com\/vi\/wp-json\/wp\/v2\/product\/3935","targetHints":{"allow":["GET"]}}],"collection":[{"href":"https:\/\/hpott.com\/vi\/wp-json\/wp\/v2\/product"}],"about":[{"href":"https:\/\/hpott.com\/vi\/wp-json\/wp\/v2\/types\/product"}],"wp:featuredmedia":[{"embeddable":true,"href":"https:\/\/hpott.com\/vi\/wp-json\/wp\/v2\/media\/5722"}],"wp:attachment":[{"href":"https:\/\/hpott.com\/vi\/wp-json\/wp\/v2\/media?parent=3935"}],"wp:term":[{"taxonomy":"product_brand","embeddable":true,"href":"https:\/\/hpott.com\/vi\/wp-json\/wp\/v2\/product_brand?post=3935"},{"taxonomy":"product_cat","embeddable":true,"href":"https:\/\/hpott.com\/vi\/wp-json\/wp\/v2\/product_cat?post=3935"},{"taxonomy":"product_tag","embeddable":true,"href":"https:\/\/hpott.com\/vi\/wp-json\/wp\/v2\/product_tag?post=3935"}],"curies":[{"name":"wp","href":"https:\/\/api.w.org\/{rel}","templated":true}]}}