{"id":3939,"date":"2022-10-25T22:53:01","date_gmt":"2022-10-26T06:53:01","guid":{"rendered":"https:\/\/hpott.com\/?post_type=product&#038;p=3939"},"modified":"2023-12-04T22:45:56","modified_gmt":"2023-12-05T06:45:56","slug":"bep-dien-tu-cong-nghiep-3500w-5000w-cho-nha-hang","status":"publish","type":"product","link":"https:\/\/hpott.com\/vi\/san-pham\/bep-dien-tu-cong-nghiep-3500w-5000w-cho-nha-hang\/","title":{"rendered":"B\u1ebfp \u0111i\u1ec7n t\u1eeb th\u01b0\u01a1ng m\u1ea1i 3500W 5000W cho nh\u00e0 h\u00e0ng"},"content":{"rendered":"<p>\u3010T\u00ean\u3011: B\u1ebfp \u0111i\u1ec7n t\u1eeb th\u01b0\u01a1ng m\u1ea1i<br \/>\n\u3010Xu\u1ea5t x\u1ee9\u3011: Qu\u1ea3ng \u0110\u00f4ng, Trung Qu\u1ed1c<br \/>\n\u3010Ch\u1ea5t li\u1ec7u\u3011: Th\u00e9p kh\u00f4ng g\u1ec9<br \/>\n\u3010\u1ee8ng d\u1ee5ng\u3011: Nh\u00e0 h\u00e0ng, kh\u00e1ch s\u1ea1n, b\u1ebfp nh\u00e0 h\u00e0ng kh\u00e1c<br \/>\n\u3010T\u00f9y ch\u1ecdn\u3011: \u0110i\u1ec1u khi\u1ec3n c\u1ea3m \u1ee9ng ho\u1eb7c \u0111i\u1ec1u khi\u1ec3n n\u00fat b\u1ea5m, in logo, h\u1ed7 tr\u1ee3 d\u1ecbch v\u1ee5 OEM ODM<\/p>","protected":false},"excerpt":{"rendered":"<p><strong>M\u00e3 s\u1ea3n ph\u1ea9m\uff1a <\/strong>HP-CI01<\/p>\n<p><strong>T\u00ednh n\u0103ng: <\/strong>v\u1eadt li\u1ec7u th\u00e9p kh\u00f4ng g\u1ec9, c\u1ea5p th\u01b0\u01a1ng m\u1ea1i c\u00f4ng su\u1ea5t cao<\/p>","protected":false},"featured_media":5163,"template":"","meta":{"_acf_changed":false,"_seopress_robots_primary_cat":"none","_seopress_titles_title":"","_seopress_titles_desc":"","_seopress_robots_index":""},"product_brand":[],"product_cat":[35,43],"product_tag":[],"class_list":{"0":"post-3939","1":"product","2":"type-product","3":"status-publish","4":"has-post-thumbnail","6":"product_cat-induction-cooker","7":"product_cat-commercial-induction-cooker","9":"first","10":"instock","11":"shipping-taxable","12":"product-type-simple"},"acf":[],"_links":{"self":[{"href":"https:\/\/hpott.com\/vi\/wp-json\/wp\/v2\/product\/3939","targetHints":{"allow":["GET"]}}],"collection":[{"href":"https:\/\/hpott.com\/vi\/wp-json\/wp\/v2\/product"}],"about":[{"href":"https:\/\/hpott.com\/vi\/wp-json\/wp\/v2\/types\/product"}],"wp:featuredmedia":[{"embeddable":true,"href":"https:\/\/hpott.com\/vi\/wp-json\/wp\/v2\/media\/5163"}],"wp:attachment":[{"href":"https:\/\/hpott.com\/vi\/wp-json\/wp\/v2\/media?parent=3939"}],"wp:term":[{"taxonomy":"product_brand","embeddable":true,"href":"https:\/\/hpott.com\/vi\/wp-json\/wp\/v2\/product_brand?post=3939"},{"taxonomy":"product_cat","embeddable":true,"href":"https:\/\/hpott.com\/vi\/wp-json\/wp\/v2\/product_cat?post=3939"},{"taxonomy":"product_tag","embeddable":true,"href":"https:\/\/hpott.com\/vi\/wp-json\/wp\/v2\/product_tag?post=3939"}],"curies":[{"name":"wp","href":"https:\/\/api.w.org\/{rel}","templated":true}]}}