{"id":4082,"date":"2022-11-03T01:41:10","date_gmt":"2022-11-03T09:41:10","guid":{"rendered":"https:\/\/hpott.com\/?post_type=product&#038;p=4082"},"modified":"2023-12-04T22:50:31","modified_gmt":"2023-12-05T06:50:31","slug":"bep-tu-tot-nhat-cho-noi-lau-bep-tu-di-dong","status":"publish","type":"product","link":"https:\/\/hpott.com\/vi\/san-pham\/bep-tu-tot-nhat-cho-noi-lau-bep-tu-di-dong\/","title":{"rendered":"B\u1ebfp \u0111i\u1ec7n t\u1eeb tr\u00f2n 800W \u0111i\u1ec1u khi\u1ec3n b\u1eb1ng d\u00e2y B\u1ebfp \u0111i\u1ec7n t\u1eeb l\u1ea9u"},"content":{"rendered":"<p>\u3010<strong>T\u00ean<\/strong>\u3011: B\u1ebfp t\u1eeb l\u1ea9u<br \/>\n\u3010<strong>Ngu\u1ed3n g\u1ed1c<\/strong>\u3011: Qu\u1ea3ng \u0110\u00f4ng, Trung Qu\u1ed1c<br \/>\n\u3010<strong>\u0110i\u1ec7n \u00e1p<\/strong>\u3011: 220-240V~50, 60Hz<br \/>\n\u3010<strong>Quy\u1ec1n l\u1ef1c<\/strong>\u3011: 800w<\/p>\n<p>\u3010<strong>V\u00f2ng th\u00e9p kh\u00f4ng g\u1ec9<\/strong>\u3011<strong>: <\/strong>c\u00f3 s\u1eb5n h\u00ecnh tr\u00f2n ho\u1eb7c h\u00ecnh vu\u00f4ng<\/p>\n<h3><em><strong>T\u00ednh n\u0103ng<\/strong><\/em><\/h3>\n<ul>\n<li><em>H\u00ecnh d\u1ea1ng nh\u1ef1a \u0111\u1ec3 t\u00edch h\u1ee3p<\/em><\/li>\n<li><em>M\u00e0n h\u00ecnh LED<\/em><\/li>\n<li><em>5 giai \u0111o\u1ea1n c\u00e0i \u0111\u1eb7t ngu\u1ed3n \u0111i\u1ec7n<\/em><\/li>\n<li><em>T\u1ef1 \u0111\u1ed9ng ng\u1eaft khi qu\u00e1 t\u1ea3i v\u00e0 B\u1ea3o v\u1ec7 \u0111a n\u0103ng<\/em><\/li>\n<li><em>K\u00edch th\u01b0\u1edbc t\u1ea5m k\u00ednh: \u0110\u01b0\u1eddng k\u00ednh 196mm<\/em><\/li>\n<\/ul>\n<p><strong>C\u00e1c t\u00f9y ch\u1ecdn ngu\u1ed3n \u0111i\u1ec7n kh\u00e1c nhau<\/strong><\/p>\n<p><img loading=\"lazy\" decoding=\"async\" class=\"wp-image-5540 size-full\" src=\"http:\/\/hpott.com\/wp-content\/uploads\/2022\/11\/induction-cooker-optional-1.webp\" alt=\"b\u1ebfp t\u1eeb t\u1ed1t nh\u1ea5t cho n\u1ed3i l\u1ea9u b\u1ebfp t\u1eeb di \u0111\u1ed9ng\" width=\"750\" height=\"990\" srcset=\"https:\/\/hpott.com\/wp-content\/uploads\/2022\/11\/induction-cooker-optional-1.webp 750w, https:\/\/hpott.com\/wp-content\/uploads\/2022\/11\/induction-cooker-optional-1-227x300.webp 227w, https:\/\/hpott.com\/wp-content\/uploads\/2022\/11\/induction-cooker-optional-1-600x792.webp 600w, https:\/\/hpott.com\/wp-content\/uploads\/2022\/11\/induction-cooker-optional-1-64x84.webp 64w\" sizes=\"auto, (max-width: 750px) 100vw, 750px\" \/><\/p>","protected":false},"excerpt":{"rendered":"<p><strong>M\u00e3 s\u1ea3n ph\u1ea9m\uff1a\u00a0<\/strong>HP-IW800<\/p>\n<p>Th\u00edch h\u1ee3p cho b\u00e0n l\u1ea9u ho\u1eb7c s\u1eed d\u1ee5ng ri\u00eang, d\u1ec5 d\u00e0ng v\u1eadn h\u00e0nh b\u1eb1ng \u0111i\u1ec1u khi\u1ec3n d\u00e2y, nh\u00fang kh\u00f4ng chi\u1ebfm kh\u00f4ng gian<\/p>","protected":false},"featured_media":5843,"template":"","meta":{"_acf_changed":false,"_seopress_robots_primary_cat":"none","_seopress_titles_title":"","_seopress_titles_desc":"","_seopress_robots_index":""},"product_brand":[],"product_cat":[35,42],"product_tag":[],"class_list":{"0":"post-4082","1":"product","2":"type-product","3":"status-publish","4":"has-post-thumbnail","6":"product_cat-induction-cooker","7":"product_cat-hot-pot-induction-cooker","9":"first","10":"instock","11":"shipping-taxable","12":"product-type-simple"},"acf":[],"_links":{"self":[{"href":"https:\/\/hpott.com\/vi\/wp-json\/wp\/v2\/product\/4082","targetHints":{"allow":["GET"]}}],"collection":[{"href":"https:\/\/hpott.com\/vi\/wp-json\/wp\/v2\/product"}],"about":[{"href":"https:\/\/hpott.com\/vi\/wp-json\/wp\/v2\/types\/product"}],"wp:featuredmedia":[{"embeddable":true,"href":"https:\/\/hpott.com\/vi\/wp-json\/wp\/v2\/media\/5843"}],"wp:attachment":[{"href":"https:\/\/hpott.com\/vi\/wp-json\/wp\/v2\/media?parent=4082"}],"wp:term":[{"taxonomy":"product_brand","embeddable":true,"href":"https:\/\/hpott.com\/vi\/wp-json\/wp\/v2\/product_brand?post=4082"},{"taxonomy":"product_cat","embeddable":true,"href":"https:\/\/hpott.com\/vi\/wp-json\/wp\/v2\/product_cat?post=4082"},{"taxonomy":"product_tag","embeddable":true,"href":"https:\/\/hpott.com\/vi\/wp-json\/wp\/v2\/product_tag?post=4082"}],"curies":[{"name":"wp","href":"https:\/\/api.w.org\/{rel}","templated":true}]}}