{"id":4085,"date":"2022-11-04T01:57:01","date_gmt":"2022-11-04T09:57:01","guid":{"rendered":"https:\/\/hpott.com\/?post_type=product&#038;p=4085"},"modified":"2022-11-15T01:31:42","modified_gmt":"2022-11-15T09:31:42","slug":"bep-tu-thuong-mai-bep-tu-wok","status":"publish","type":"product","link":"https:\/\/hpott.com\/vi\/san-pham\/bep-tu-thuong-mai-bep-tu-wok\/","title":{"rendered":"B\u1ebfp \u0111i\u1ec7n t\u1eeb th\u01b0\u01a1ng m\u1ea1i B\u1ebfp \u0111i\u1ec7n t\u1eeb Wok Burner"},"content":{"rendered":"<p>\u3010<strong>T\u00ean<\/strong>\u3011: B\u1ebfp \u0111i\u1ec7n t\u1eeb wok<br \/>\n\u3010<strong>Ngu\u1ed3n g\u1ed1c<\/strong>\u3011: Qu\u1ea3ng \u0110\u00f4ng, Trung Qu\u1ed1c<br \/>\n\u3010<strong>\u0110i\u1ec7n \u00e1p<\/strong>\u3011: 380V~50\/60Hz<\/p>\n<h3><em><strong>T\u00ednh n\u0103ng<\/strong><\/em><\/h3>\n<ul>\n<li><em>T\u1ea5m th\u00e9p kh\u00f4ng g\u1ec9 d\u00e0y li\u1ec1n kh\u1ed1i, d\u1ec5 v\u1ec7 sinh, thi\u1ebft k\u1ebf v\u00e0 \u0111\u1eb7c \u0111i\u1ec3m c\u1ea5u tr\u00fac \u0111\u00e1p \u1ee9ng ti\u00eau chu\u1ea9n v\u1ec7 sinh<\/em><\/li>\n<li><em>Ch\u1ee9c n\u0103ng t\u1ef1 \u0111\u1ed9ng ph\u00e1t hi\u1ec7n n\u1ed3i, an to\u00e0n v\u00e0 ti\u1ebft ki\u1ec7m n\u0103ng l\u01b0\u1ee3ng<\/em><\/li>\n<li><em>Thi\u1ebft k\u1ebf che ch\u1eafn ch\u1ed1ng b\u1ee9c x\u1ea1 ba chi\u1ec1u 3D, ch\u1ed1ng nhi\u1ec5u \u0111i\u1ec7n t\u1eeb \u0111\u00e1ng k\u1ec3 h\u01a1n<\/em><\/li>\n<li><em>S\u1eed d\u1ee5ng m\u00f4-\u0111un s\u01b0\u1edfi \u1ea5m IGBT Siemens \u201cInfineon\u201d nh\u1eadp kh\u1ea9u nguy\u00ean b\u1ea3n c\u1ee7a \u0110\u1ee9c c\u00f3 tu\u1ed5i th\u1ecd cao h\u01a1n<\/em><\/li>\n<li><em>B\u1ed9 m\u00e1y s\u1eed d\u1ee5ng thi\u1ebft k\u1ebf d\u1ea1ng m\u00f4-\u0111un, thu\u1eadn ti\u1ec7n cho vi\u1ec7c b\u1ea3o tr\u00ec<\/em><\/li>\n<li><em>H\u1ec7 th\u1ed1ng gia nhi\u1ec7t c\u1ea3m \u1ee9ng c\u00e1ch ly, an to\u00e0n v\u00e0 \u0111\u00e1ng tin c\u1eady, ti\u1ebft ki\u1ec7m h\u01a1n 60% so v\u1edbi nhi\u00ean li\u1ec7u gas<\/em><\/li>\n<li><em>C\u00f4ng t\u1eafc t\u1eeb 8 v\u1ecb tr\u00ed xoay 360 \u0111\u1ed9 ch\u1ed1ng n\u01b0\u1edbc, c\u00f3 th\u1ec3 n\u1ea5u \u0111\u1ed3 \u0103n nh\u1eb9 ngon \u1edf c\u00f4ng su\u1ea5t th\u1ea5p ho\u1eb7c n\u1ea5u nhanh \u1edf c\u00f4ng su\u1ea5t cao<\/em><\/li>\n<\/ul>\n<table style=\"border-collapse: collapse; width: 980px; height: 152px;\" border=\"0\" width=\"1097\" cellspacing=\"0\" cellpadding=\"0\">\n<tbody>\n<tr style=\"height: 36.00pt;\">\n<td class=\"et2\" style=\"height: 36pt; width: 75.75pt; text-align: center;\" width=\"101\" height=\"48\"><strong>Ng\u01b0\u1eddi m\u1eabu<\/strong><\/td>\n<td class=\"et2\" style=\"width: 210.75pt; text-align: center;\" width=\"281\"><strong>K\u00edch th\u01b0\u1edbc (chi\u1ec1u d\u00e0i*chi\u1ec1u r\u1ed9ng*chi\u1ec1u cao)(mm)<\/strong><\/td>\n<td class=\"et4\" style=\"width: 156pt; text-align: center;\" width=\"208\"><strong>T\u1ea5m tinh th\u1ec3 vi m\u00f4 (mm)<\/strong><\/td>\n<td class=\"et4\" style=\"width: 131.25pt; text-align: center;\" width=\"175\"><strong>\u0110\u01b0\u1eddng k\u00ednh n\u1ed3i (mm)<\/strong><\/td>\n<td class=\"et4\" style=\"width: 81pt; text-align: center;\" width=\"108\"><strong>C\u00f4ng su\u1ea5t (KW)<\/strong><\/td>\n<td class=\"et2\" style=\"width: 73.5pt; text-align: center;\" width=\"98\"><strong>\u0110i\u1ec7n \u00e1p(v)<\/strong><\/td>\n<td class=\"et2\" style=\"width: 94.5pt; text-align: center;\" width=\"126\"><strong>T\u1ea7n s\u1ed1 (Hz)<\/strong><\/td>\n<\/tr>\n<tr style=\"height: 27.00pt;\">\n<td class=\"et3\" style=\"height: 27pt; text-align: center;\" height=\"36\">CI03-300<\/td>\n<td class=\"et5\" style=\"text-align: center;\">1900x1000x1200<\/td>\n<td class=\"et6\" style=\"text-align: center;\">\u0110\u01b0\u1eddng k\u00ednh 300<\/td>\n<td class=\"et7\" style=\"text-align: center;\">\u0110\u01b0\u1eddng k\u00ednh 400<\/td>\n<td class=\"et8\" style=\"text-align: center;\">2x(8-12)<\/td>\n<td class=\"et9\" style=\"text-align: center;\" rowspan=\"3\">380<\/td>\n<td class=\"et3\" style=\"text-align: center;\" rowspan=\"3\">50<\/td>\n<\/tr>\n<tr style=\"height: 27.00pt;\">\n<td class=\"et3\" style=\"height: 27pt; text-align: center;\" height=\"36\">CI03-400<\/td>\n<td class=\"et5\" style=\"text-align: center;\">2100x1100x1200<\/td>\n<td class=\"et6\" style=\"text-align: center;\">\u0110\u01b0\u1eddng k\u00ednh 400<\/td>\n<td class=\"et7\" style=\"text-align: center;\">\u0110\u01b0\u1eddng k\u00ednh 500<\/td>\n<td class=\"et8\" style=\"text-align: center;\">2x(8-18)<\/td>\n<\/tr>\n<tr style=\"height: 27.00pt;\">\n<td class=\"et3\" style=\"height: 27pt; text-align: center;\" height=\"36\">CI03-500<\/td>\n<td class=\"et5\" style=\"text-align: center;\">2200x1100x1200<\/td>\n<td class=\"et5\" style=\"text-align: center;\">\u0110\u01b0\u1eddng k\u00ednh 500<\/td>\n<td class=\"et10\" style=\"text-align: center;\">\u0110\u01b0\u1eddng k\u00ednh 600<\/td>\n<td class=\"et9\" style=\"text-align: center;\">2x(8-18)<\/td>\n<\/tr>\n<\/tbody>\n<\/table>","protected":false},"excerpt":{"rendered":"<p><strong>M\u00e3 s\u1ea3n ph\u1ea9m\uff1a\u00a0<\/strong>HP-CI03<\/p>\n<p>B\u1ebfp x\u00e0o c\u1ea3m \u1ee9ng hai \u0111\u1ea7u hai \u0111u\u00f4i th\u00edch h\u1ee3p s\u1eed d\u1ee5ng cho c\u00e1c kh\u00e1ch s\u1ea1n, chu\u1ed7i nh\u00e0 h\u00e0ng l\u1edbn, tr\u01b0\u1eddng h\u1ecdc, c\u0103ng tin c\u00e1c c\u01a1 quan, v.v.<\/p>","protected":false},"featured_media":4087,"template":"","meta":{"_acf_changed":false,"_seopress_robots_primary_cat":"none","_seopress_titles_title":"","_seopress_titles_desc":"","_seopress_robots_index":""},"product_brand":[],"product_cat":[35,43],"product_tag":[],"class_list":{"0":"post-4085","1":"product","2":"type-product","3":"status-publish","4":"has-post-thumbnail","6":"product_cat-induction-cooker","7":"product_cat-commercial-induction-cooker","9":"first","10":"instock","11":"shipping-taxable","12":"product-type-simple"},"acf":[],"_links":{"self":[{"href":"https:\/\/hpott.com\/vi\/wp-json\/wp\/v2\/product\/4085","targetHints":{"allow":["GET"]}}],"collection":[{"href":"https:\/\/hpott.com\/vi\/wp-json\/wp\/v2\/product"}],"about":[{"href":"https:\/\/hpott.com\/vi\/wp-json\/wp\/v2\/types\/product"}],"wp:featuredmedia":[{"embeddable":true,"href":"https:\/\/hpott.com\/vi\/wp-json\/wp\/v2\/media\/4087"}],"wp:attachment":[{"href":"https:\/\/hpott.com\/vi\/wp-json\/wp\/v2\/media?parent=4085"}],"wp:term":[{"taxonomy":"product_brand","embeddable":true,"href":"https:\/\/hpott.com\/vi\/wp-json\/wp\/v2\/product_brand?post=4085"},{"taxonomy":"product_cat","embeddable":true,"href":"https:\/\/hpott.com\/vi\/wp-json\/wp\/v2\/product_cat?post=4085"},{"taxonomy":"product_tag","embeddable":true,"href":"https:\/\/hpott.com\/vi\/wp-json\/wp\/v2\/product_tag?post=4085"}],"curies":[{"name":"wp","href":"https:\/\/api.w.org\/{rel}","templated":true}]}}