{"id":4124,"date":"2022-11-07T19:52:30","date_gmt":"2022-11-08T03:52:30","guid":{"rendered":"https:\/\/hpott.com\/?post_type=product&#038;p=4124"},"modified":"2023-07-01T00:04:07","modified_gmt":"2023-07-01T08:04:07","slug":"noi-lau-dien-bep-tu-tot-nhat-2022","status":"publish","type":"product","link":"https:\/\/hpott.com\/vi\/san-pham\/noi-lau-dien-bep-tu-tot-nhat-2022\/","title":{"rendered":"B\u1ebfp \u0111i\u1ec7n t\u1eeb l\u1ea9u c\u00f4ng su\u1ea5t 3000W th\u01b0\u01a1ng m\u1ea1i"},"content":{"rendered":"<p>\u3010<strong>T\u00ean<\/strong>\u3011: <strong>B\u1ebfp t\u1eeb l\u1ea9u<\/strong><\/p>\n<p><strong>\u3010Xu\u1ea5t x\u1ee9\u3011: Qu\u1ea3ng \u0110\u00f4ng, Trung Qu\u1ed1c<\/strong><\/p>\n<p><strong>\u3010\u0110i\u1ec7n \u00e1p\u3011: 220-240V~50\/60 Hz<\/strong><\/p>\n<p><strong>\u3010Quy\u1ec1n l\u1ef1c\u3011:<\/strong> <strong>3000w<\/strong><\/p>\n<p><strong>\u3010K\u00edch th\u01b0\u1edbc t\u1ea5m\u3011: \u0110\u01b0\u1eddng k\u00ednh <em>288mm<\/em><\/strong><\/p>\n<h3><em><strong>T\u00ednh n\u0103ng<\/strong><\/em><\/h3>\n<ul>\n<li><strong><b>Nh\u1eadp kh\u1ea9u m\u00e0u \u0111en<\/b><\/strong><strong><b>\u00a0pha l\u00ea <\/b><\/strong><strong><b>b\u1ea3ng, kh\u00f4ng \u0111\u1ed5i m\u00e0u, ch\u1ecbu nhi\u1ec7t \u0111\u1ed9 cao, d\u1ec5 v\u1ec7 sinh<\/b><\/strong><\/li>\n<li><strong><b>C\u1ea5u h\u00ecnh ti\u00eau chu\u1ea9n cao, chip CPU b\u1ed9 nh\u1edb l\u1edbn, c\u1ea7u ch\u1ec9nh l\u01b0u ngu\u1ed3n m\u1edbi, IGBT (\u1ed1ng ngu\u1ed3n) ch\u1ecbu \u0111i\u1ec7n \u00e1p cao<\/b><\/strong><\/li>\n<li><strong><b>\u0110\u01b0\u1ee3c thi\u1ebft k\u1ebf chuy\u00ean d\u1ee5ng cho c\u00e1c nh\u00e0 h\u00e0ng l\u1ea9u, c\u00f3 th\u1ec3 th\u00edch \u1ee9ng v\u1edbi m\u00f4i tr\u01b0\u1eddng s\u1eed d\u1ee5ng l\u00e2u d\u00e0i<\/b><\/strong><\/li>\n<li><strong><b>V\u1edbi c\u00f4ng ngh\u1ec7 chip t\u00edch h\u1ee3p m\u1edbi nh\u1ea5t, hi\u1ec7u su\u1ea5t \u1ed5n \u0111\u1ecbnh v\u00e0 \u0111\u00e1ng tin c\u1eady h\u01a1n<\/b><\/strong><\/li>\n<li><strong><b>N\u1ed3i \u00e1p d\u1ee5ng: n\u1ed3i \u0111\u01a1n v\u00e0 n\u1ed3i hai h\u01b0\u01a1ng v\u1ecb c\u00f3 \u0111\u01b0\u1eddng k\u00ednh d\u01b0\u1edbi 328 mm; \u0111i\u1ec1u khi\u1ec3n t\u1eeb xa t\u00edch h\u1ee3p<\/b><\/strong><\/li>\n<\/ul>","protected":false},"excerpt":{"rendered":"<p><strong>M\u00e3 s\u1ea3n ph\u1ea9m\uff1a\u00a0<\/strong>HP-IC3000<\/p>\n<p>B\u1ebfp t\u1eeb chuy\u00ean nghi\u1ec7p t\u1ed1t nh\u1ea5t cho b\u1ebfp t\u1eeb l\u1ea9u cho nh\u00e0 h\u00e0ng<\/p>","protected":false},"featured_media":5842,"template":"","meta":{"_acf_changed":false,"_seopress_robots_primary_cat":"none","_seopress_titles_title":"","_seopress_titles_desc":"","_seopress_robots_index":""},"product_brand":[],"product_cat":[35,42],"product_tag":[],"class_list":{"0":"post-4124","1":"product","2":"type-product","3":"status-publish","4":"has-post-thumbnail","6":"product_cat-induction-cooker","7":"product_cat-hot-pot-induction-cooker","9":"first","10":"instock","11":"shipping-taxable","12":"product-type-simple"},"acf":[],"_links":{"self":[{"href":"https:\/\/hpott.com\/vi\/wp-json\/wp\/v2\/product\/4124","targetHints":{"allow":["GET"]}}],"collection":[{"href":"https:\/\/hpott.com\/vi\/wp-json\/wp\/v2\/product"}],"about":[{"href":"https:\/\/hpott.com\/vi\/wp-json\/wp\/v2\/types\/product"}],"wp:featuredmedia":[{"embeddable":true,"href":"https:\/\/hpott.com\/vi\/wp-json\/wp\/v2\/media\/5842"}],"wp:attachment":[{"href":"https:\/\/hpott.com\/vi\/wp-json\/wp\/v2\/media?parent=4124"}],"wp:term":[{"taxonomy":"product_brand","embeddable":true,"href":"https:\/\/hpott.com\/vi\/wp-json\/wp\/v2\/product_brand?post=4124"},{"taxonomy":"product_cat","embeddable":true,"href":"https:\/\/hpott.com\/vi\/wp-json\/wp\/v2\/product_cat?post=4124"},{"taxonomy":"product_tag","embeddable":true,"href":"https:\/\/hpott.com\/vi\/wp-json\/wp\/v2\/product_tag?post=4124"}],"curies":[{"name":"wp","href":"https:\/\/api.w.org\/{rel}","templated":true}]}}