{"id":4354,"date":"2022-11-24T07:20:35","date_gmt":"2022-11-24T15:20:35","guid":{"rendered":"https:\/\/hpott.com\/?post_type=product&#038;p=4354"},"modified":"2023-07-12T00:52:41","modified_gmt":"2023-07-12T08:52:41","slug":"ban-an-lau-go-trung-quoc-ban-an-tau-hoi-nuoc","status":"publish","type":"product","link":"https:\/\/hpott.com\/vi\/san-pham\/ban-an-lau-go-trung-quoc-ban-an-tau-hoi-nuoc\/","title":{"rendered":"B\u00e0n L\u1ea9u G\u1ed7 Trung Qu\u1ed1c B\u00e0n \u0102n L\u1ea9u Mini \u0110\u01a1n"},"content":{"rendered":"<p>\u3010T\u00ean\u3011<strong>:\u00a0<\/strong>B\u00e0n G\u1ed7 L\u1ea9u<br \/>\n\u3010Ngu\u1ed3n g\u1ed1c\u3011<strong>:\u00a0<\/strong>Qu\u1ea3ng \u0110\u00f4ng, Trung Qu\u1ed1c<br \/>\n\u3010K\u00edch th\u01b0\u1edbc m\u1eb7t b\u00e0n\u3011<strong>:\u00a0<\/strong>1000X800mm,1300X900mm,1600X900mm,1800X1000mm (K\u00edch th\u01b0\u1edbc c\u00f3 th\u1ec3 t\u00f9y ch\u1ec9nh)<br \/>\n\u3010V\u1eadt li\u1ec7u\u3011<strong>:\u00a0<\/strong>M\u1eb7t b\u00e0n g\u1ed7 + ch\u00e2n \u0111\u1ebf th\u00e9p kh\u00f4ng g\u1ec9 in<br \/>\n\u3010M\u00e0u s\u1eafc\u3011<strong>:\u00a0<\/strong>C\u00f3 s\u1eb5n theo y\u00eau c\u1ea7u<br \/>\n\u3010\u1ee8ng d\u1ee5ng\u3011<strong>:\u00a0<\/strong>Nh\u00e0 h\u00e0ng l\u1ea9u, kh\u00e1ch s\u1ea1n, nh\u00e0 h\u00e0ng kh\u00e1c<br \/>\n\u3010T\u00ednh n\u0103ng\u3011<br \/>\n01<br \/>\nV\u00f2ng trang tr\u00ed t\u00edch h\u1ee3p<br \/>\nM\u00e1i che t\u1ea1o h\u00ecnh t\u00edch h\u1ee3p \u0111\u01b0\u1ee3c l\u00e0m b\u1eb1ng th\u00e9p kh\u00f4ng g\u1ec9 d\u00e0y, c\u1ea5u tr\u00fac t\u1ea1o h\u00ecnh t\u00edch h\u1ee3p li\u1ec1n m\u1ea1ch v\u00e0 v\u1ecb tr\u00ed k\u1eb9p ch\u1eb7t ch\u1ebd.<br \/>\n02<br \/>\nThanh l\u1ecdc kh\u00f4ng kh\u00f3i<br \/>\nKh\u00f4ng c\u1ea7n l\u1eafp \u1ed1ng x\u1ea3 kh\u00f3i, s\u1eed d\u1ee5ng tr\u1ef1c ti\u1ebfp m\u00e1y l\u1ecdc kh\u00f4ng kh\u00f3i, ti\u1ebft ki\u1ec7m n\u0103ng l\u01b0\u1ee3ng, b\u1ea3o v\u1ec7 m\u00f4i tr\u01b0\u1eddng, th\u1eddi trang m\u1edbi l\u1ea1<br \/>\n03<br \/>\nB\u00e0n l\u1ea9u kh\u00f4ng kh\u00f3i t\u00f9y ch\u1ec9nh<br \/>\nCh\u1ecdn ch\u1ea5t li\u1ec7u cao c\u1ea5p, t\u1ea1o n\u00ean phong c\u00e1ch Trung Hoa gi\u1ea3n d\u1ecb hi\u1ec7n \u0111\u1ea1i, \u1ea5m \u00e1p, thi\u1ebft th\u1ef1c, \u0111\u01a1n gi\u1ea3n v\u00e0 ph\u00f3ng kho\u00e1ng<\/p>\n<p><img loading=\"lazy\" decoding=\"async\" class=\"size-full wp-image-5741\" src=\"http:\/\/hpott.com\/wp-content\/uploads\/2022\/11\/wooden-hot-pot-table.webp\" alt=\"b\u00e0n l\u1ea9u Trung Qu\u1ed1c b\u00e0n \u0103n l\u1ea9u mini \u0111\u01a1n\" width=\"750\" height=\"2089\" srcset=\"https:\/\/hpott.com\/wp-content\/uploads\/2022\/11\/wooden-hot-pot-table.webp 750w, https:\/\/hpott.com\/wp-content\/uploads\/2022\/11\/wooden-hot-pot-table-108x300.webp 108w, https:\/\/hpott.com\/wp-content\/uploads\/2022\/11\/wooden-hot-pot-table-368x1024.webp 368w, https:\/\/hpott.com\/wp-content\/uploads\/2022\/11\/wooden-hot-pot-table-551x1536.webp 551w, https:\/\/hpott.com\/wp-content\/uploads\/2022\/11\/wooden-hot-pot-table-735x2048.webp 735w, https:\/\/hpott.com\/wp-content\/uploads\/2022\/11\/wooden-hot-pot-table-600x1671.webp 600w, https:\/\/hpott.com\/wp-content\/uploads\/2022\/11\/wooden-hot-pot-table-64x178.webp 64w\" sizes=\"auto, (max-width: 750px) 100vw, 750px\" \/><\/p>\n<p><img loading=\"lazy\" decoding=\"async\" class=\"size-full wp-image-5742\" src=\"http:\/\/hpott.com\/wp-content\/uploads\/2022\/11\/wooden-hot-pot-table-1.webp\" alt=\"b\u00e0n l\u1ea9u Trung Qu\u1ed1c b\u00e0n \u0103n l\u1ea9u mini \u0111\u01a1n\" width=\"750\" height=\"2144\" srcset=\"https:\/\/hpott.com\/wp-content\/uploads\/2022\/11\/wooden-hot-pot-table-1.webp 750w, https:\/\/hpott.com\/wp-content\/uploads\/2022\/11\/wooden-hot-pot-table-1-105x300.webp 105w, https:\/\/hpott.com\/wp-content\/uploads\/2022\/11\/wooden-hot-pot-table-1-358x1024.webp 358w, https:\/\/hpott.com\/wp-content\/uploads\/2022\/11\/wooden-hot-pot-table-1-537x1536.webp 537w, https:\/\/hpott.com\/wp-content\/uploads\/2022\/11\/wooden-hot-pot-table-1-716x2048.webp 716w, https:\/\/hpott.com\/wp-content\/uploads\/2022\/11\/wooden-hot-pot-table-1-600x1715.webp 600w, https:\/\/hpott.com\/wp-content\/uploads\/2022\/11\/wooden-hot-pot-table-1-64x183.webp 64w\" sizes=\"auto, (max-width: 750px) 100vw, 750px\" \/><\/p>\n<p>&nbsp;<\/p>","protected":false},"excerpt":{"rendered":"<p><strong>M\u00e3 s\u1ea3n ph\u1ea9m\uff1a <\/strong>HP-S09<\/p>\n<p>B\u00e1n tr\u1ef1c ti\u1ebfp t\u1ea1i nh\u00e0 m\u00e1y c\u00e1c lo\u1ea1i b\u00e0n gh\u1ebf l\u1ea9u chuy\u00ean nghi\u1ec7p theo y\u00eau c\u1ea7u cho m\u1ecdi lo\u1ea1i \u0111\u1ecba \u0111i\u1ec3m \u0103n u\u1ed1ng<\/p>","protected":false},"featured_media":5488,"template":"","meta":{"_acf_changed":false,"_seopress_robots_primary_cat":"none","_seopress_titles_title":"","_seopress_titles_desc":"","_seopress_robots_index":""},"product_brand":[],"product_cat":[30,31],"product_tag":[],"class_list":{"0":"post-4354","1":"product","2":"type-product","3":"status-publish","4":"has-post-thumbnail","6":"product_cat-hot-pot-table","7":"product_cat-square-hot-pot-tables","9":"first","10":"instock","11":"shipping-taxable","12":"product-type-simple"},"acf":[],"_links":{"self":[{"href":"https:\/\/hpott.com\/vi\/wp-json\/wp\/v2\/product\/4354","targetHints":{"allow":["GET"]}}],"collection":[{"href":"https:\/\/hpott.com\/vi\/wp-json\/wp\/v2\/product"}],"about":[{"href":"https:\/\/hpott.com\/vi\/wp-json\/wp\/v2\/types\/product"}],"wp:featuredmedia":[{"embeddable":true,"href":"https:\/\/hpott.com\/vi\/wp-json\/wp\/v2\/media\/5488"}],"wp:attachment":[{"href":"https:\/\/hpott.com\/vi\/wp-json\/wp\/v2\/media?parent=4354"}],"wp:term":[{"taxonomy":"product_brand","embeddable":true,"href":"https:\/\/hpott.com\/vi\/wp-json\/wp\/v2\/product_brand?post=4354"},{"taxonomy":"product_cat","embeddable":true,"href":"https:\/\/hpott.com\/vi\/wp-json\/wp\/v2\/product_cat?post=4354"},{"taxonomy":"product_tag","embeddable":true,"href":"https:\/\/hpott.com\/vi\/wp-json\/wp\/v2\/product_tag?post=4354"}],"curies":[{"name":"wp","href":"https:\/\/api.w.org\/{rel}","templated":true}]}}