{"id":5166,"date":"2023-02-08T19:23:34","date_gmt":"2023-02-09T03:23:34","guid":{"rendered":"https:\/\/hpott.com\/?post_type=product&#038;p=5166"},"modified":"2023-06-15T01:57:02","modified_gmt":"2023-06-15T09:57:02","slug":"thiet-bi-nuong-lau-han-quoc-khong-khoi","status":"publish","type":"product","link":"https:\/\/hpott.com\/vi\/san-pham\/thiet-bi-nuong-lau-han-quoc-khong-khoi\/","title":{"rendered":"Thi\u1ebft b\u1ecb n\u01b0\u1edbng l\u1ea9u H\u00e0n Qu\u1ed1c kh\u00f4ng kh\u00f3i"},"content":{"rendered":"<p><strong>K\u00edch th\u01b0\u1edbc s\u1ea3n ph\u1ea9m: <\/strong>610*X360X270mm<br \/>\n<strong>K\u00edch th\u01b0\u1edbc l\u01b0\u1edbi n\u01b0\u1edbng: <\/strong>370X285mm<br \/>\n<strong>Quy\u1ec1n l\u1ef1c: <\/strong>b\u1ebfp t\u1eeb 1300w + l\u00f2 n\u01b0\u1edbng 2400w<br \/>\n<strong>K\u00edch th\u01b0\u1edbc l\u1ed7: <\/strong>585X335mm<\/p>\n<p><strong>V\u1eadt li\u1ec7u:\u00a0<\/strong>Th\u00e9p kh\u00f4ng g\u1ec9<\/p>","protected":false},"excerpt":{"rendered":"<p><strong>M\u00e3 s\u1ea3n ph\u1ea9m<\/strong>: HP-610<\/p>\n<p><strong>T\u00ednh n\u0103ng<\/strong>: Kh\u00f4ng c\u1ea7n \u1ed1ng x\u1ea3 b\u1ed5 sung, \u0111i k\u00e8m thi\u1ebft b\u1ecb l\u1ecdc kh\u00ed; l\u1ea9u kh\u00f4ng kh\u00f3i v\u00e0 b\u1ebfp n\u01b0\u1edbng BBQ;<\/p>","protected":false},"featured_media":5170,"template":"","meta":{"_acf_changed":false,"_seopress_robots_primary_cat":"none","_seopress_titles_title":"","_seopress_titles_desc":"","_seopress_robots_index":""},"product_brand":[],"product_cat":[37,36],"product_tag":[],"class_list":{"0":"post-5166","1":"product","2":"type-product","3":"status-publish","4":"has-post-thumbnail","6":"product_cat-bbq-grill","7":"product_cat-electric-bbq-grill","9":"first","10":"instock","11":"shipping-taxable","12":"product-type-simple"},"acf":[],"_links":{"self":[{"href":"https:\/\/hpott.com\/vi\/wp-json\/wp\/v2\/product\/5166","targetHints":{"allow":["GET"]}}],"collection":[{"href":"https:\/\/hpott.com\/vi\/wp-json\/wp\/v2\/product"}],"about":[{"href":"https:\/\/hpott.com\/vi\/wp-json\/wp\/v2\/types\/product"}],"wp:featuredmedia":[{"embeddable":true,"href":"https:\/\/hpott.com\/vi\/wp-json\/wp\/v2\/media\/5170"}],"wp:attachment":[{"href":"https:\/\/hpott.com\/vi\/wp-json\/wp\/v2\/media?parent=5166"}],"wp:term":[{"taxonomy":"product_brand","embeddable":true,"href":"https:\/\/hpott.com\/vi\/wp-json\/wp\/v2\/product_brand?post=5166"},{"taxonomy":"product_cat","embeddable":true,"href":"https:\/\/hpott.com\/vi\/wp-json\/wp\/v2\/product_cat?post=5166"},{"taxonomy":"product_tag","embeddable":true,"href":"https:\/\/hpott.com\/vi\/wp-json\/wp\/v2\/product_tag?post=5166"}],"curies":[{"name":"wp","href":"https:\/\/api.w.org\/{rel}","templated":true}]}}