{"id":5179,"date":"2023-02-08T19:54:44","date_gmt":"2023-02-09T03:54:44","guid":{"rendered":"https:\/\/hpott.com\/?post_type=product&#038;p=5179"},"modified":"2023-07-22T01:57:00","modified_gmt":"2023-07-22T09:57:00","slug":"cung-cap-ban-lo-nuong-thuong-mai-lau-nuong-cho-ban","status":"publish","type":"product","link":"https:\/\/hpott.com\/vi\/san-pham\/cung-cap-ban-lo-nuong-thuong-mai-lau-nuong-cho-ban\/","title":{"rendered":"Cung c\u1ea5p b\u00e1n l\u00f2 n\u01b0\u1edbng l\u1ea9u th\u01b0\u01a1ng m\u1ea1i cho b\u00e0n"},"content":{"rendered":"<p><strong>K\u00edch th\u01b0\u1edbc s\u1ea3n ph\u1ea9m:\u00a0<\/strong>660X360X290mm<br \/>\n<strong>K\u00edch th\u01b0\u1edbc khay n\u01b0\u1edbng: <\/strong>300X285mm<br \/>\n<strong>Quy\u1ec1n l\u1ef1c:\u00a0<\/strong>b\u1ebfp t\u1eeb 2000w + l\u00f2 n\u01b0\u1edbng 1500w<br \/>\n<strong>K\u00edch th\u01b0\u1edbc l\u1ed7:\u00a0<\/strong>635X335mm<\/p>\n<p><strong>V\u1eadt li\u1ec7u:\u00a0<\/strong>Th\u00e9p kh\u00f4ng g\u1ec9<\/p>\n<p><img loading=\"lazy\" decoding=\"async\" class=\"size-full wp-image-5958\" src=\"http:\/\/hpott.com\/wp-content\/uploads\/2023\/02\/1.webp\" alt=\"cung c\u1ea5p b\u00e1n l\u00f2 n\u01b0\u1edbng th\u01b0\u01a1ng m\u1ea1i l\u1ea9u n\u01b0\u1edbng cho b\u00e0n\" width=\"750\" height=\"2044\" srcset=\"https:\/\/hpott.com\/wp-content\/uploads\/2023\/02\/1.webp 750w, https:\/\/hpott.com\/wp-content\/uploads\/2023\/02\/1-110x300.webp 110w, https:\/\/hpott.com\/wp-content\/uploads\/2023\/02\/1-376x1024.webp 376w, https:\/\/hpott.com\/wp-content\/uploads\/2023\/02\/1-564x1536.webp 564w, https:\/\/hpott.com\/wp-content\/uploads\/2023\/02\/1-600x1635.webp 600w, https:\/\/hpott.com\/wp-content\/uploads\/2023\/02\/1-64x174.webp 64w\" sizes=\"auto, (max-width: 750px) 100vw, 750px\" \/><\/p>\n<p><img loading=\"lazy\" decoding=\"async\" class=\"size-full wp-image-5959\" src=\"http:\/\/hpott.com\/wp-content\/uploads\/2023\/02\/2.webp\" alt=\"cung c\u1ea5p b\u00e1n l\u00f2 n\u01b0\u1edbng th\u01b0\u01a1ng m\u1ea1i l\u1ea9u n\u01b0\u1edbng cho b\u00e0n\" width=\"750\" height=\"2259\" srcset=\"https:\/\/hpott.com\/wp-content\/uploads\/2023\/02\/2.webp 750w, https:\/\/hpott.com\/wp-content\/uploads\/2023\/02\/2-100x300.webp 100w, https:\/\/hpott.com\/wp-content\/uploads\/2023\/02\/2-340x1024.webp 340w, https:\/\/hpott.com\/wp-content\/uploads\/2023\/02\/2-510x1536.webp 510w, https:\/\/hpott.com\/wp-content\/uploads\/2023\/02\/2-680x2048.webp 680w, https:\/\/hpott.com\/wp-content\/uploads\/2023\/02\/2-600x1807.webp 600w, https:\/\/hpott.com\/wp-content\/uploads\/2023\/02\/2-64x193.webp 64w\" sizes=\"auto, (max-width: 750px) 100vw, 750px\" \/><\/p>","protected":false},"excerpt":{"rendered":"<p><strong>M\u00e3 s\u1ea3n ph\u1ea9m<\/strong>: HP-660<\/p>\n<p><strong>T\u00ednh n\u0103ng<\/strong>: Kh\u00f4ng c\u1ea7n \u1ed1ng x\u1ea3 b\u1ed5 sung, \u0111i k\u00e8m thi\u1ebft b\u1ecb l\u1ecdc kh\u00ed; l\u1ea9u kh\u00f4ng kh\u00f3i v\u00e0 v\u1ec9 n\u01b0\u1edbng BBQ; l\u01b0\u1edbi n\u01b0\u1edbng t\u00f9y ch\u1ecdn<\/p>","protected":false},"featured_media":5182,"template":"","meta":{"_acf_changed":false,"_seopress_robots_primary_cat":"none","_seopress_titles_title":"","_seopress_titles_desc":"","_seopress_robots_index":""},"product_brand":[],"product_cat":[37,36],"product_tag":[],"class_list":{"0":"post-5179","1":"product","2":"type-product","3":"status-publish","4":"has-post-thumbnail","6":"product_cat-bbq-grill","7":"product_cat-electric-bbq-grill","9":"first","10":"instock","11":"shipping-taxable","12":"product-type-simple"},"acf":[],"_links":{"self":[{"href":"https:\/\/hpott.com\/vi\/wp-json\/wp\/v2\/product\/5179","targetHints":{"allow":["GET"]}}],"collection":[{"href":"https:\/\/hpott.com\/vi\/wp-json\/wp\/v2\/product"}],"about":[{"href":"https:\/\/hpott.com\/vi\/wp-json\/wp\/v2\/types\/product"}],"wp:featuredmedia":[{"embeddable":true,"href":"https:\/\/hpott.com\/vi\/wp-json\/wp\/v2\/media\/5182"}],"wp:attachment":[{"href":"https:\/\/hpott.com\/vi\/wp-json\/wp\/v2\/media?parent=5179"}],"wp:term":[{"taxonomy":"product_brand","embeddable":true,"href":"https:\/\/hpott.com\/vi\/wp-json\/wp\/v2\/product_brand?post=5179"},{"taxonomy":"product_cat","embeddable":true,"href":"https:\/\/hpott.com\/vi\/wp-json\/wp\/v2\/product_cat?post=5179"},{"taxonomy":"product_tag","embeddable":true,"href":"https:\/\/hpott.com\/vi\/wp-json\/wp\/v2\/product_tag?post=5179"}],"curies":[{"name":"wp","href":"https:\/\/api.w.org\/{rel}","templated":true}]}}