{"id":5285,"date":"2023-02-21T19:28:51","date_gmt":"2023-02-22T03:28:51","guid":{"rendered":"https:\/\/hpott.com\/?post_type=product&#038;p=5285"},"modified":"2023-12-04T22:29:48","modified_gmt":"2023-12-05T06:29:48","slug":"bep-tu-am-tu-pho-bien-ban-lau-nho-co-vi-nuong","status":"publish","type":"product","link":"https:\/\/hpott.com\/vi\/san-pham\/bep-tu-am-tu-pho-bien-ban-lau-nho-co-vi-nuong\/","title":{"rendered":"B\u1ebfp \u0111i\u1ec7n t\u1eeb \u00e2m t\u1ee7 ph\u1ed5 bi\u1ebfn B\u00e0n l\u1ea9u nh\u1ecf c\u00f3 l\u00f2 n\u01b0\u1edbng"},"content":{"rendered":"<p><img loading=\"lazy\" decoding=\"async\" class=\"size-full wp-image-5521 aligncenter\" src=\"http:\/\/hpott.com\/wp-content\/uploads\/2022\/10\/shabu-shabu-table-4.webp\" alt=\"b\u00e0n shabu shabu \u0111\u1ec3 b\u00e1n b\u00e0n l\u1ea9u mini\" width=\"750\" height=\"800\" srcset=\"https:\/\/hpott.com\/wp-content\/uploads\/2022\/10\/shabu-shabu-table-4.webp 750w, https:\/\/hpott.com\/wp-content\/uploads\/2022\/10\/shabu-shabu-table-4-281x300.webp 281w, https:\/\/hpott.com\/wp-content\/uploads\/2022\/10\/shabu-shabu-table-4-600x640.webp 600w, https:\/\/hpott.com\/wp-content\/uploads\/2022\/10\/shabu-shabu-table-4-64x68.webp 64w\" sizes=\"auto, (max-width: 750px) 100vw, 750px\" \/><\/p>\n<p><img loading=\"lazy\" decoding=\"async\" class=\"size-full wp-image-5520 aligncenter\" src=\"http:\/\/hpott.com\/wp-content\/uploads\/2022\/10\/shabu-shabu-table-1.webp\" alt=\"b\u00e0n shabu shabu \u0111\u1ec3 b\u00e1n b\u00e0n l\u1ea9u mini\" width=\"750\" height=\"1397\" srcset=\"https:\/\/hpott.com\/wp-content\/uploads\/2022\/10\/shabu-shabu-table-1.webp 750w, https:\/\/hpott.com\/wp-content\/uploads\/2022\/10\/shabu-shabu-table-1-161x300.webp 161w, https:\/\/hpott.com\/wp-content\/uploads\/2022\/10\/shabu-shabu-table-1-550x1024.webp 550w, https:\/\/hpott.com\/wp-content\/uploads\/2022\/10\/shabu-shabu-table-1-600x1118.webp 600w, https:\/\/hpott.com\/wp-content\/uploads\/2022\/10\/shabu-shabu-table-1-64x119.webp 64w\" sizes=\"auto, (max-width: 750px) 100vw, 750px\" \/><\/p>\n<p style=\"text-align: center;\"><span style=\"color: #ff0000;\"><strong>T\u00f9y ch\u1ec9nh cho b\u1ea1n<\/strong><\/span><\/p>\n<p style=\"text-align: center;\">S\u1ed0 1 Ch\u00fang t\u00f4i c\u00f3 \u00edt nh\u1ea5t 500 m\u00e0u s\u1eafc \u0111\u1ec3 b\u1ea1n l\u1ef1a ch\u1ecdn<\/p>\n<p><img loading=\"lazy\" decoding=\"async\" class=\"aligncenter wp-image-5318 size-full\" src=\"http:\/\/hpott.com\/wp-content\/uploads\/2023\/02\/Tabletop-color.webp\" alt=\"b\u1ebfp t\u1eeb \u00e2m t\u1ee7 ph\u1ed5 bi\u1ebfn b\u00e0n l\u1ea9u nh\u1ecf c\u00f3 v\u1ec9 n\u01b0\u1edbng\" width=\"750\" height=\"457\" srcset=\"https:\/\/hpott.com\/wp-content\/uploads\/2023\/02\/Tabletop-color.webp 750w, https:\/\/hpott.com\/wp-content\/uploads\/2023\/02\/Tabletop-color-300x183.webp 300w, https:\/\/hpott.com\/wp-content\/uploads\/2023\/02\/Tabletop-color-600x366.webp 600w, https:\/\/hpott.com\/wp-content\/uploads\/2023\/02\/Tabletop-color-64x39.webp 64w\" sizes=\"auto, (max-width: 750px) 100vw, 750px\" \/><\/p>\n<p style=\"text-align: center;\">S\u1ed0 2 Ch\u00fang t\u00f4i c\u00f3 th\u1ec3 cung c\u1ea5p cho b\u1ea1n nhi\u1ec1u lo\u1ea1i v\u1eadt li\u1ec7u \u0111\u1ec3 b\u00e0n, h\u00e3y li\u00ean h\u1ec7 v\u1edbi ch\u00fang t\u00f4i \u0111\u1ec3 bi\u1ebft th\u00eam<\/p>\n<p><img loading=\"lazy\" decoding=\"async\" class=\"aligncenter wp-image-5319 size-full\" src=\"http:\/\/hpott.com\/wp-content\/uploads\/2023\/02\/tabletop-material.webp\" alt=\"b\u1ebfp t\u1eeb \u00e2m t\u1ee7 ph\u1ed5 bi\u1ebfn b\u00e0n l\u1ea9u nh\u1ecf c\u00f3 v\u1ec9 n\u01b0\u1edbng\" width=\"750\" height=\"239\" srcset=\"https:\/\/hpott.com\/wp-content\/uploads\/2023\/02\/tabletop-material.webp 750w, https:\/\/hpott.com\/wp-content\/uploads\/2023\/02\/tabletop-material-300x96.webp 300w, https:\/\/hpott.com\/wp-content\/uploads\/2023\/02\/tabletop-material-600x191.webp 600w, https:\/\/hpott.com\/wp-content\/uploads\/2023\/02\/tabletop-material-64x20.webp 64w\" sizes=\"auto, (max-width: 750px) 100vw, 750px\" \/><\/p>\n<p style=\"text-align: center;\">S\u1ed0 3 Ch\u00fang t\u00f4i c\u00f3 th\u1ec3 gi\u00fap b\u1ea1n thi\u1ebft k\u1ebf nhi\u1ec1u k\u00edch th\u01b0\u1edbc kh\u00e1c nhau, bao g\u1ed3m h\u00ecnh tr\u00f2n, h\u00ecnh vu\u00f4ng, 4 ch\u1ed7 ng\u1ed3i, 6 ch\u1ed7 ng\u1ed3i, v.v.<\/p>\n<p style=\"text-align: center;\"><img loading=\"lazy\" decoding=\"async\" class=\"aligncenter wp-image-4327 size-full\" src=\"http:\/\/hpott.com\/wp-content\/uploads\/2022\/10\/Korean-Size.webp\" alt=\"\" width=\"800\" height=\"550\" srcset=\"https:\/\/hpott.com\/wp-content\/uploads\/2022\/10\/Korean-Size.webp 800w, https:\/\/hpott.com\/wp-content\/uploads\/2022\/10\/Korean-Size-300x206.webp 300w, https:\/\/hpott.com\/wp-content\/uploads\/2022\/10\/Korean-Size-768x528.webp 768w, https:\/\/hpott.com\/wp-content\/uploads\/2022\/10\/Korean-Size-600x413.webp 600w\" sizes=\"auto, (max-width: 800px) 100vw, 800px\" \/><span style=\"color: #ff0000;\"><strong>Bao b\u00ec\u00a0<\/strong><\/span><\/p>\n<p style=\"text-align: center;\">Chi ti\u1ebft \u0111\u00f3ng g\u00f3i: \u0110\u00f3ng g\u00f3i b\u1eb1ng k\u1ec7 g\u1ed7<\/p>\n<p style=\"text-align: center;\">C\u1ea3ng: Ph\u1eadt S\u01a1n, Trung S\u01a1n, Th\u00e2m Quy\u1ebfn<\/p>\n<p style=\"text-align: center;\">Th\u1eddi gian giao h\u00e0ng: kho\u1ea3ng 25 ng\u00e0y<\/p>\n<p>&nbsp;<\/p>\n<p><img loading=\"lazy\" decoding=\"async\" class=\"aligncenter wp-image-5320 size-full\" src=\"http:\/\/hpott.com\/wp-content\/uploads\/2023\/02\/Packaging-delivery.webp\" alt=\"b\u1ebfp t\u1eeb \u00e2m t\u1ee7 ph\u1ed5 bi\u1ebfn b\u00e0n l\u1ea9u nh\u1ecf c\u00f3 v\u1ec9 n\u01b0\u1edbng\" width=\"750\" height=\"400\" srcset=\"https:\/\/hpott.com\/wp-content\/uploads\/2023\/02\/Packaging-delivery.webp 750w, https:\/\/hpott.com\/wp-content\/uploads\/2023\/02\/Packaging-delivery-300x160.webp 300w, https:\/\/hpott.com\/wp-content\/uploads\/2023\/02\/Packaging-delivery-600x320.webp 600w, https:\/\/hpott.com\/wp-content\/uploads\/2023\/02\/Packaging-delivery-64x34.webp 64w\" sizes=\"auto, (max-width: 750px) 100vw, 750px\" \/><\/p>\n<p style=\"text-align: center;\"><span style=\"color: #ff0000;\"><strong>Tr\u01b0\u1eddng h\u1ee3p kh\u00e1ch h\u00e0ng<\/strong><\/span><\/p>\n<p style=\"text-align: center;\">Hi\u1ec7n t\u1ea1i ch\u00fang t\u00f4i \u0111ang l\u00e0m vi\u1ec7c v\u1edbi h\u01a1n 500 nh\u00e0 h\u00e0ng<\/p>\n<p><img loading=\"lazy\" decoding=\"async\" class=\"aligncenter wp-image-5321 size-full\" src=\"http:\/\/hpott.com\/wp-content\/uploads\/2023\/02\/Case-Collaboration-.webp\" alt=\"b\u1ebfp t\u1eeb \u00e2m t\u1ee7 ph\u1ed5 bi\u1ebfn b\u00e0n l\u1ea9u nh\u1ecf c\u00f3 v\u1ec9 n\u01b0\u1edbng\" width=\"750\" height=\"750\" srcset=\"https:\/\/hpott.com\/wp-content\/uploads\/2023\/02\/Case-Collaboration-.webp 750w, https:\/\/hpott.com\/wp-content\/uploads\/2023\/02\/Case-Collaboration--300x300.webp 300w, https:\/\/hpott.com\/wp-content\/uploads\/2023\/02\/Case-Collaboration--150x150.webp 150w, https:\/\/hpott.com\/wp-content\/uploads\/2023\/02\/Case-Collaboration--600x600.webp 600w, https:\/\/hpott.com\/wp-content\/uploads\/2023\/02\/Case-Collaboration--100x100.webp 100w, https:\/\/hpott.com\/wp-content\/uploads\/2023\/02\/Case-Collaboration--64x64.webp 64w\" sizes=\"auto, (max-width: 750px) 100vw, 750px\" \/><\/p>","protected":false},"excerpt":{"rendered":"<p><strong>M\u00e3 s\u1ea3n ph\u1ea9m\uff1a\u00a0<\/strong>HP-C16<\/p>\n<p><strong>K\u00edch th\u01b0\u1edbc s\u1ea3n ph\u1ea9m: <\/strong>L1300XW900XH760mm ho\u1eb7c t\u00f9y ch\u1ec9nh<\/p>\n<p><strong>V\u1eadt li\u1ec7u m\u1eb7t b\u00e0n: <\/strong>\u0110\u00e1 c\u1ea9m th\u1ea1ch nh\u00e2n t\u1ea1o ho\u1eb7c t\u00f9y ch\u1ec9nh<\/p>\n<p>HPOTT c\u00f3 th\u1ec3 t\u00f9y ch\u1ec9nh theo y\u00eau c\u1ea7u c\u1ee7a b\u1ea1n<\/p>","protected":false},"featured_media":5288,"template":"","meta":{"_acf_changed":false,"_seopress_robots_primary_cat":"none","_seopress_titles_title":"","_seopress_titles_desc":"","_seopress_robots_index":""},"product_brand":[],"product_cat":[40,30,31,33],"product_tag":[],"class_list":{"0":"post-5285","1":"product","2":"type-product","3":"status-publish","4":"has-post-thumbnail","6":"product_cat-korean-bbq-grill-table","7":"product_cat-hot-pot-table","8":"product_cat-square-hot-pot-tables","9":"product_cat-hot-pot-and-bbq-table","11":"first","12":"instock","13":"shipping-taxable","14":"product-type-simple"},"acf":[],"_links":{"self":[{"href":"https:\/\/hpott.com\/vi\/wp-json\/wp\/v2\/product\/5285","targetHints":{"allow":["GET"]}}],"collection":[{"href":"https:\/\/hpott.com\/vi\/wp-json\/wp\/v2\/product"}],"about":[{"href":"https:\/\/hpott.com\/vi\/wp-json\/wp\/v2\/types\/product"}],"wp:featuredmedia":[{"embeddable":true,"href":"https:\/\/hpott.com\/vi\/wp-json\/wp\/v2\/media\/5288"}],"wp:attachment":[{"href":"https:\/\/hpott.com\/vi\/wp-json\/wp\/v2\/media?parent=5285"}],"wp:term":[{"taxonomy":"product_brand","embeddable":true,"href":"https:\/\/hpott.com\/vi\/wp-json\/wp\/v2\/product_brand?post=5285"},{"taxonomy":"product_cat","embeddable":true,"href":"https:\/\/hpott.com\/vi\/wp-json\/wp\/v2\/product_cat?post=5285"},{"taxonomy":"product_tag","embeddable":true,"href":"https:\/\/hpott.com\/vi\/wp-json\/wp\/v2\/product_tag?post=5285"}],"curies":[{"name":"wp","href":"https:\/\/api.w.org\/{rel}","templated":true}]}}