{"id":5340,"date":"2023-02-24T01:17:44","date_gmt":"2023-02-24T09:17:44","guid":{"rendered":"https:\/\/hpott.com\/?post_type=product&#038;p=5340"},"modified":"2023-06-22T23:09:29","modified_gmt":"2023-06-23T07:09:29","slug":"ban-lau-co-bep-dien-tu-ban-lau-tron-thuong-mai-dien","status":"publish","type":"product","link":"https:\/\/hpott.com\/vi\/san-pham\/ban-lau-co-bep-dien-tu-ban-lau-tron-thuong-mai-dien\/","title":{"rendered":"B\u00e0n L\u1ea9u C\u00f3 B\u1ebfp \u0110i\u1ec7n T\u1eeb B\u00e0n L\u1ea9u Tr\u00f2n Th\u01b0\u01a1ng M\u1ea1i \u0110i\u1ec7n"},"content":{"rendered":"<p>\u3010T\u00ean\u3011: B\u00e0n l\u1ea9u \u0111\u00e1 c\u1ea9m th\u1ea1ch<br \/>\n\u3010Xu\u1ea5t x\u1ee9\u3011: Qu\u1ea3ng \u0110\u00f4ng, Trung Qu\u1ed1c<br \/>\n\u3010K\u00edch th\u01b0\u1edbc m\u1eb7t b\u00e0n\u3011: \u0110\u01b0\u1eddng k\u00ednh 1300mm, 1400mm, 1500mm, 1600mm, 1700mm, 1800mm (K\u00edch th\u01b0\u1edbc c\u00f3 th\u1ec3 t\u00f9y ch\u1ec9nh)<br \/>\n\u3010Ch\u1ea5t li\u1ec7u\u3011: M\u1eb7t b\u00e0n b\u1eb1ng \u0111\u00e1 c\u1ea9m th\u1ea1ch + \u0110\u1ebf b\u1eb1ng th\u00e9p s\u01a1n<br \/>\n\u3010M\u00e0u s\u1eafc\u3011: C\u00f3 s\u1eb5n theo y\u00eau c\u1ea7u<br \/>\n\u3010\u1ee8ng d\u1ee5ng\u3011: Nh\u00e0 h\u00e0ng l\u1ea9u, kh\u00e1ch s\u1ea1n, nh\u00e0 h\u00e0ng kh\u00e1c<br \/>\n\u3010T\u00ednh n\u0103ng\u3011<br \/>\n<strong>01<\/strong><br \/>\n<strong>V\u00f2ng trang tr\u00ed t\u00edch h\u1ee3p<\/strong><br \/>\nM\u00e1i che t\u1ea1o h\u00ecnh t\u00edch h\u1ee3p bao g\u1ed3m th\u00e9p kh\u00f4ng g\u1ec9 d\u00e0y, c\u1ea5u tr\u00fac t\u1ea1o h\u00ecnh t\u00edch h\u1ee3p li\u1ec1n m\u1ea1ch v\u00e0 v\u1ecb tr\u00ed k\u1eb9p ch\u1eb7t ch\u1ebd.<br \/>\n<strong>02<\/strong><br \/>\n<strong>Thanh l\u1ecdc kh\u00f4ng kh\u00f3i<\/strong><br \/>\nKh\u00f4ng c\u1ea7n l\u1eafp \u1ed1ng x\u1ea3 kh\u00f3i, s\u1eed d\u1ee5ng tr\u1ef1c ti\u1ebfp m\u00e1y l\u1ecdc kh\u00f4ng kh\u00f3i, ti\u1ebft ki\u1ec7m n\u0103ng l\u01b0\u1ee3ng, b\u1ea3o v\u1ec7 m\u00f4i tr\u01b0\u1eddng, th\u1eddi trang m\u1edbi l\u1ea1<br \/>\n<strong>03<\/strong><br \/>\n<strong>B\u00e0n l\u1ea9u kh\u00f4ng kh\u00f3i t\u00f9y ch\u1ec9nh<\/strong><br \/>\nCh\u1ecdn ch\u1ea5t li\u1ec7u cao c\u1ea5p, t\u1ea1o n\u00ean phong c\u00e1ch Trung Hoa gi\u1ea3n d\u1ecb hi\u1ec7n \u0111\u1ea1i, \u1ea5m \u00e1p, thi\u1ebft th\u1ef1c, \u0111\u01a1n gi\u1ea3n v\u00e0 ph\u00f3ng kho\u00e1ng<br \/>\n<strong>04<\/strong><br \/>\n<strong>Ch\u00e2n \u0111\u1ebf b\u1eb1ng th\u00e9p kh\u00f4ng g\u1ec9<\/strong><br \/>\nB\u00e0n l\u1ea9u \u0111\u01b0\u1ee3c thi\u1ebft k\u1ebf ch\u1eafc ch\u1eafn v\u00e0 \u1ed5n \u0111\u1ecbnh, kh\u00f4ng b\u1ecb rung l\u1eafc, gi\u00fap b\u1ea1n th\u01b0\u1edfng th\u1ee9c b\u1eefa \u0103n d\u1ec5 d\u00e0ng h\u01a1n.<\/p>\n<p style=\"text-align: center;\"><span style=\"color: #ff0000;\"><strong>T\u00f9y ch\u1ec9nh cho b\u1ea1n<\/strong><\/span><\/p>\n<p style=\"text-align: center;\">S\u1ed0 1 Ch\u00fang t\u00f4i c\u00f3 \u00edt nh\u1ea5t 500 m\u00e0u s\u1eafc \u0111\u1ec3 b\u1ea1n l\u1ef1a ch\u1ecdn<\/p>\n<p><img loading=\"lazy\" decoding=\"async\" class=\"aligncenter wp-image-5318 size-full\" src=\"http:\/\/hpott.com\/wp-content\/uploads\/2023\/02\/Tabletop-color.webp\" alt=\"b\u1ebfp t\u1eeb \u00e2m t\u1ee7 ph\u1ed5 bi\u1ebfn b\u00e0n l\u1ea9u nh\u1ecf c\u00f3 v\u1ec9 n\u01b0\u1edbng\" width=\"750\" height=\"457\" srcset=\"https:\/\/hpott.com\/wp-content\/uploads\/2023\/02\/Tabletop-color.webp 750w, https:\/\/hpott.com\/wp-content\/uploads\/2023\/02\/Tabletop-color-300x183.webp 300w, https:\/\/hpott.com\/wp-content\/uploads\/2023\/02\/Tabletop-color-600x366.webp 600w, https:\/\/hpott.com\/wp-content\/uploads\/2023\/02\/Tabletop-color-64x39.webp 64w\" sizes=\"auto, (max-width: 750px) 100vw, 750px\" \/><\/p>\n<p style=\"text-align: center;\">S\u1ed0 2 Ch\u00fang t\u00f4i c\u00f3 th\u1ec3 cung c\u1ea5p cho b\u1ea1n nhi\u1ec1u lo\u1ea1i v\u1eadt li\u1ec7u \u0111\u1ec3 b\u00e0n, h\u00e3y li\u00ean h\u1ec7 v\u1edbi ch\u00fang t\u00f4i \u0111\u1ec3 bi\u1ebft th\u00eam<\/p>\n<p><img loading=\"lazy\" decoding=\"async\" class=\"aligncenter wp-image-5319 size-full\" src=\"http:\/\/hpott.com\/wp-content\/uploads\/2023\/02\/tabletop-material.webp\" alt=\"b\u1ebfp t\u1eeb \u00e2m t\u1ee7 ph\u1ed5 bi\u1ebfn b\u00e0n l\u1ea9u nh\u1ecf c\u00f3 v\u1ec9 n\u01b0\u1edbng\" width=\"750\" height=\"239\" srcset=\"https:\/\/hpott.com\/wp-content\/uploads\/2023\/02\/tabletop-material.webp 750w, https:\/\/hpott.com\/wp-content\/uploads\/2023\/02\/tabletop-material-300x96.webp 300w, https:\/\/hpott.com\/wp-content\/uploads\/2023\/02\/tabletop-material-600x191.webp 600w, https:\/\/hpott.com\/wp-content\/uploads\/2023\/02\/tabletop-material-64x20.webp 64w\" sizes=\"auto, (max-width: 750px) 100vw, 750px\" \/><\/p>\n<p style=\"text-align: center;\">S\u1ed0 3 Ch\u00fang t\u00f4i c\u00f3 th\u1ec3 gi\u00fap b\u1ea1n thi\u1ebft k\u1ebf nhi\u1ec1u k\u00edch th\u01b0\u1edbc kh\u00e1c nhau, bao g\u1ed3m h\u00ecnh tr\u00f2n, h\u00ecnh vu\u00f4ng, 4 ch\u1ed7 ng\u1ed3i, 6 ch\u1ed7 ng\u1ed3i, v.v.<\/p>\n<p style=\"text-align: center;\"><img loading=\"lazy\" decoding=\"async\" class=\"aligncenter wp-image-4327 size-full\" src=\"http:\/\/hpott.com\/wp-content\/uploads\/2022\/10\/Korean-Size.webp\" alt=\"\" width=\"800\" height=\"550\" srcset=\"https:\/\/hpott.com\/wp-content\/uploads\/2022\/10\/Korean-Size.webp 800w, https:\/\/hpott.com\/wp-content\/uploads\/2022\/10\/Korean-Size-300x206.webp 300w, https:\/\/hpott.com\/wp-content\/uploads\/2022\/10\/Korean-Size-768x528.webp 768w, https:\/\/hpott.com\/wp-content\/uploads\/2022\/10\/Korean-Size-600x413.webp 600w\" sizes=\"auto, (max-width: 800px) 100vw, 800px\" \/><span style=\"color: #ff0000;\"><strong>Bao b\u00ec\u00a0<\/strong><\/span><\/p>\n<p style=\"text-align: center;\">Chi ti\u1ebft \u0111\u00f3ng g\u00f3i: \u0110\u00f3ng g\u00f3i b\u1eb1ng k\u1ec7 g\u1ed7<\/p>\n<p style=\"text-align: center;\">C\u1ea3ng: Ph\u1eadt S\u01a1n, Trung S\u01a1n, Th\u00e2m Quy\u1ebfn<\/p>\n<p style=\"text-align: center;\">Th\u1eddi gian giao h\u00e0ng: kho\u1ea3ng 25 ng\u00e0y<\/p>\n<p>&nbsp;<\/p>\n<p><img loading=\"lazy\" decoding=\"async\" class=\"aligncenter wp-image-5320 size-full\" src=\"http:\/\/hpott.com\/wp-content\/uploads\/2023\/02\/Packaging-delivery.webp\" alt=\"b\u1ebfp t\u1eeb \u00e2m t\u1ee7 ph\u1ed5 bi\u1ebfn b\u00e0n l\u1ea9u nh\u1ecf c\u00f3 v\u1ec9 n\u01b0\u1edbng\" width=\"750\" height=\"400\" srcset=\"https:\/\/hpott.com\/wp-content\/uploads\/2023\/02\/Packaging-delivery.webp 750w, https:\/\/hpott.com\/wp-content\/uploads\/2023\/02\/Packaging-delivery-300x160.webp 300w, https:\/\/hpott.com\/wp-content\/uploads\/2023\/02\/Packaging-delivery-600x320.webp 600w, https:\/\/hpott.com\/wp-content\/uploads\/2023\/02\/Packaging-delivery-64x34.webp 64w\" sizes=\"auto, (max-width: 750px) 100vw, 750px\" \/><\/p>\n<p style=\"text-align: center;\"><span style=\"color: #ff0000;\"><strong>Tr\u01b0\u1eddng h\u1ee3p kh\u00e1ch h\u00e0ng<\/strong><\/span><\/p>\n<p style=\"text-align: center;\">Hi\u1ec7n t\u1ea1i ch\u00fang t\u00f4i \u0111ang l\u00e0m vi\u1ec7c v\u1edbi h\u01a1n 500 nh\u00e0 h\u00e0ng<\/p>\n<p><img loading=\"lazy\" decoding=\"async\" class=\"aligncenter wp-image-5321 size-full\" src=\"http:\/\/hpott.com\/wp-content\/uploads\/2023\/02\/Case-Collaboration-.webp\" alt=\"b\u1ebfp t\u1eeb \u00e2m t\u1ee7 ph\u1ed5 bi\u1ebfn b\u00e0n l\u1ea9u nh\u1ecf c\u00f3 v\u1ec9 n\u01b0\u1edbng\" width=\"750\" height=\"750\" srcset=\"https:\/\/hpott.com\/wp-content\/uploads\/2023\/02\/Case-Collaboration-.webp 750w, https:\/\/hpott.com\/wp-content\/uploads\/2023\/02\/Case-Collaboration--300x300.webp 300w, https:\/\/hpott.com\/wp-content\/uploads\/2023\/02\/Case-Collaboration--150x150.webp 150w, https:\/\/hpott.com\/wp-content\/uploads\/2023\/02\/Case-Collaboration--600x600.webp 600w, https:\/\/hpott.com\/wp-content\/uploads\/2023\/02\/Case-Collaboration--100x100.webp 100w, https:\/\/hpott.com\/wp-content\/uploads\/2023\/02\/Case-Collaboration--64x64.webp 64w\" sizes=\"auto, (max-width: 750px) 100vw, 750px\" \/><\/p>","protected":false},"excerpt":{"rendered":"<p><strong>M\u00e3 s\u1ea3n ph\u1ea9m\uff1a\u00a0<\/strong>HP-R05<\/p>\n<p><strong>K\u00edch th\u01b0\u1edbc s\u1ea3n ph\u1ea9m: <\/strong>T\u00f9y ch\u1ec9nh<\/p>\n<p><strong>V\u1eadt li\u1ec7u m\u1eb7t b\u00e0n: <\/strong>\u0110\u00e1 c\u1ea9m th\u1ea1ch nh\u00e2n t\u1ea1o ho\u1eb7c t\u00f9y ch\u1ec9nh<\/p>\n<p>HPOTT c\u00f3 th\u1ec3 t\u00f9y ch\u1ec9nh theo y\u00eau c\u1ea7u c\u1ee7a b\u1ea1n<\/p>","protected":false},"featured_media":5344,"template":"","meta":{"_acf_changed":false,"_seopress_robots_primary_cat":"none","_seopress_titles_title":"","_seopress_titles_desc":"","_seopress_robots_index":""},"product_brand":[],"product_cat":[30,32],"product_tag":[],"class_list":{"0":"post-5340","1":"product","2":"type-product","3":"status-publish","4":"has-post-thumbnail","6":"product_cat-hot-pot-table","7":"product_cat-round-hot-pot-tables","9":"first","10":"instock","11":"shipping-taxable","12":"product-type-simple"},"acf":[],"_links":{"self":[{"href":"https:\/\/hpott.com\/vi\/wp-json\/wp\/v2\/product\/5340","targetHints":{"allow":["GET"]}}],"collection":[{"href":"https:\/\/hpott.com\/vi\/wp-json\/wp\/v2\/product"}],"about":[{"href":"https:\/\/hpott.com\/vi\/wp-json\/wp\/v2\/types\/product"}],"wp:featuredmedia":[{"embeddable":true,"href":"https:\/\/hpott.com\/vi\/wp-json\/wp\/v2\/media\/5344"}],"wp:attachment":[{"href":"https:\/\/hpott.com\/vi\/wp-json\/wp\/v2\/media?parent=5340"}],"wp:term":[{"taxonomy":"product_brand","embeddable":true,"href":"https:\/\/hpott.com\/vi\/wp-json\/wp\/v2\/product_brand?post=5340"},{"taxonomy":"product_cat","embeddable":true,"href":"https:\/\/hpott.com\/vi\/wp-json\/wp\/v2\/product_cat?post=5340"},{"taxonomy":"product_tag","embeddable":true,"href":"https:\/\/hpott.com\/vi\/wp-json\/wp\/v2\/product_tag?post=5340"}],"curies":[{"name":"wp","href":"https:\/\/api.w.org\/{rel}","templated":true}]}}